{"id":9644345,"date":"2021-06-14T20:55:18","date_gmt":"2021-06-15T00:55:18","guid":{"rendered":"https:\/\/www.colegiodentistas.cl\/inicio\/?page_id=9644345"},"modified":"2023-07-18T12:06:41","modified_gmt":"2023-07-18T16:06:41","slug":"eys","status":"publish","type":"page","link":"https:\/\/www.colegiodentistas.cl\/inicio\/convenios\/convenios-profesionales\/eys\/","title":{"rendered":"EyS"},"content":{"rendered":"\n<p>El convenio firmado entre el Colegio de Cirujano Dentistas de Chile A.G. y Capacitaciones en Educaci\u00f3n y Salud Ltda. (EyS), permite a nuestra comunidad colegiada acceder a un valor preferente a cursos de capacitaci\u00f3n online en materias relativas a la odontolog\u00eda y asesor\u00edas sanitarias.<\/p>\n\n\n\n<hr class=\"wp-block-separator\"\/>\n\n\n\n<p class=\"has-medium-font-size\"><strong>Vigencia |<\/strong> Indefinida<\/p>\n\n\n\n<hr class=\"wp-block-separator\"\/>\n\n\n\n<p class=\"has-medium-font-size\"><strong>Contacto<\/strong><\/p>\n\n\n\n<p><span style=\"text-decoration: underline;\">Sitio web<\/span> | <a href=\"http:\/\/www.eyschile.cl\" target=\"_blank\" rel=\"noreferrer noopener\">www.eyschile.cl<\/a><\/p>\n\n\n\n<p><span style=\"text-decoration: underline;\">Correos electr\u00f3nicos<\/span> | <a href=\"mailto:asesoriasrm@eyschile.cl\" target=\"_blank\" rel=\"noreferrer noopener\">asesoriasrm@eyschile.cl<\/a><\/p>\n\n\n\n<p><span style=\"text-decoration: underline;\">Whatsapp<\/span> | <a href=\"https:\/\/wa.me\/56991755360\" target=\"_blank\" rel=\"noreferrer noopener\">+569 91755360<\/a><\/p>\n\n\n\n<hr class=\"wp-block-separator\"\/>\n\n\n\n<p class=\"has-medium-font-size\"><strong>M\u00e1s informaci\u00f3n<\/strong><\/p>\n\n\n\n<ul><li>Revisa la nota sobre la <a href=\"https:\/\/www.colegiodentistas.cl\/inicio\/2021\/04\/26\/convenio-eys-chile-acceso-preferente-asesoria-cursos-obtener-autorizacion-sanitaria\/\"><span style=\"text-decoration: underline;\">firma del convenio con EyS en este LINK<\/span><\/a><\/li><\/ul>\n\n\n\n<hr class=\"wp-block-separator\"\/>\n\n\n\n<p style=\"font-size:21px\"><strong>Detalles del convenio<\/strong><\/p>\n\n\n\n<p style=\"font-size:19px\"><strong>Asesor\u00eda por Autorizaci\u00f3n Sanitaria (Convenio vigente en todas las regiones de Chile)<\/strong><\/p>\n\n\n\n<ul><li>Descuento para colegiados y colegiadas: 15%.<\/li><\/ul>\n\n\n\n<ul id=\"block-470200a4-1409-4377-a332-a659bd9d1b2b\"><li>Si tomas un curso en convenio y dentro de los 3 meses siguientes a su aprobaci\u00f3n, solicitas la Asesor\u00eda por Autorizaci\u00f3n Sanitaria, el descuento total corresponder\u00e1 al 15% m\u00e1s lo pagado por el curso.<br><em>(Si tomas 2 cursos en convenio, con menos de cuatro meses entre uno y otro, el descuento corresponder\u00e1 al 15% m\u00e1s lo pagado por el curso de menor valor<\/em>)<\/li><\/ul>\n\n\n\n<ul><li>Si luego de realizar una Asesor\u00eda por Autorizaci\u00f3n Sanitaria quieres tomar un curso relacionado con este proceso, el primero ser\u00e1 gratis. Si solicitas 2 cursos, ser\u00e1 gratis el de menor valor.<\/li><\/ul>\n\n\n\n<hr class=\"wp-block-separator\"\/>\n\n\n\n<p><strong>Qu\u00e9 incluye la Asesor\u00eda por Autorizaci\u00f3n Sanitaria<\/strong><\/p>\n\n\n\n<ol><li><span style=\"text-decoration: underline;\">Entrega de Presupuesto y Plan de Trabajo<\/span>: itemizaci\u00f3n, presupuesto y esquema de trabajo en plazos para el cierre de brechas sanitarias.<\/li><li><span style=\"text-decoration: underline;\">Informe de brechas<\/span>: se informan las necesidades no cubiertas del proyecto (infraestructura, personal y de equipamiento) para cumplir con la normativa sanitaria.<\/li><li><span style=\"text-decoration: underline;\">Videoconferencias de trabajo colaborativo<\/span>: seguimiento y resoluci\u00f3n de consultas afines al cierre de brechas de forma remota.<\/li><li><span style=\"text-decoration: underline;\">Seguimiento remoto<\/span>: seguimiento y resoluci\u00f3n de consultas afines al cierre de brechas de forma remota.<\/li><li><span style=\"text-decoration: underline;\">Revisiones de avances<\/span>: se plantean momentos clave en el desarrollo del proyecto para contribuir en la agilizaci\u00f3n de sus tramitaciones.<\/li><li><span style=\"text-decoration: underline;\">Confecci\u00f3n de Protocolos Cl\u00ednicos<\/span>: basados en la experiencia sanitaria de EyS, que ha confeccionado protocolos modificables para guiar el desarrollo de protocolos de las diferentes \u00e1reas sanitarias de un proyecto.<\/li><li><span style=\"text-decoration: underline;\">Informe final<\/span>: carpeta que se ingresa a la Seremi de salud para la tramitaci\u00f3n administrativa de la autorizaci\u00f3n sanitaria.<\/li><\/ol>\n\n\n\n<hr class=\"wp-block-separator\"\/>\n\n\n\n<p style=\"font-size:19px\"><strong>Cursos en convenio<\/strong><\/p>\n\n\n\n<p class=\"has-normal-font-size\"><strong>Protecci\u00f3n radiol\u00f3gica operacional | 24 horas<\/strong><\/p>\n\n\n\n<ul><li>Valor: $150.000<\/li><li>Valor para colegiados y colegiadas (primeros 30 inscritos): $110.000<\/li><li>Valor para los siguientes inscritos: $120.000<\/li><\/ul>\n\n\n\n<hr class=\"wp-block-separator\"\/>\n\n\n\n<p><strong>Prevenci\u00f3n y control de infecciones asociadas a la atenci\u00f3n en salud (IAAS) | 80 horas<\/strong><\/p>\n\n\n\n<ul><li>Valor: $193.000<\/li><li>Valor para colegiados y colegiadas (primeros 30 inscritos): $120.000<\/li><li>Valor para los siguientes inscritos: $140.000<\/li><\/ul>\n\n\n\n<hr class=\"wp-block-separator\"\/>\n\n\n\n<p><strong>Operador de autoclave y calderas | 30 horas<\/strong><\/p>\n\n\n\n<ul><li>Valor: $120.000<\/li><li>Valor para colegiados y colegiadas: $96.000<\/li><\/ul>\n\n\n\n<hr class=\"wp-block-separator\"\/>\n\n\n\n<p><strong>Residuos en establecimientos de atenci\u00f3n en salud (REAS) | 30 horas<\/strong><\/p>\n\n\n\n<ul><li>Valor: $120.00<\/li><li>Valor para colegiados y colegiadas: $96.000<\/li><\/ul>\n\n\n\n<hr class=\"wp-block-separator\"\/>\n\n\n\n<p><strong>Planificando mi autorizaci\u00f3n sanitaria | 35 horas<\/strong><\/p>\n\n\n\n<ul><li>Valor: $120.000<\/li><li>Valor para colegiados y colegiadas: $96.000<\/li><\/ul>\n","protected":false},"excerpt":{"rendered":"<p>El convenio firmado entre el Colegio de Cirujano Dentistas de Chile A.G. y Capacitaciones en Educaci\u00f3n y Salud Ltda. (EyS), permite a nuestra comunidad colegiada acceder a un valor preferente a cursos de capacitaci\u00f3n online en materias relativas a la odontolog\u00eda y asesor\u00edas sanitarias. Vigencia | Indefinida Contacto Sitio web | www.eyschile.cl Correos electr\u00f3nicos | asesoriasrm@eyschile.cl Whatsapp | +569 91755360 M\u00e1s informaci\u00f3n Revisa la nota sobre la firma del convenio con EyS en este LINK Detalles del convenio Asesor\u00eda por Autorizaci\u00f3n Sanitaria (Convenio vigente en todas las regiones de Chile) Descuento para colegiados y colegiadas: 15%. Si tomas un curso [&hellip;]<\/p>\n","protected":false},"author":7,"featured_media":0,"parent":9073953,"menu_order":1,"comment_status":"closed","ping_status":"closed","template":"","meta":[],"_links":{"self":[{"href":"https:\/\/www.colegiodentistas.cl\/inicio\/wp-json\/wp\/v2\/pages\/9644345"}],"collection":[{"href":"https:\/\/www.colegiodentistas.cl\/inicio\/wp-json\/wp\/v2\/pages"}],"about":[{"href":"https:\/\/www.colegiodentistas.cl\/inicio\/wp-json\/wp\/v2\/types\/page"}],"author":[{"embeddable":true,"href":"https:\/\/www.colegiodentistas.cl\/inicio\/wp-json\/wp\/v2\/users\/7"}],"replies":[{"embeddable":true,"href":"https:\/\/www.colegiodentistas.cl\/inicio\/wp-json\/wp\/v2\/comments?post=9644345"}],"version-history":[{"count":5,"href":"https:\/\/www.colegiodentistas.cl\/inicio\/wp-json\/wp\/v2\/pages\/9644345\/revisions"}],"predecessor-version":[{"id":19544915,"href":"https:\/\/www.colegiodentistas.cl\/inicio\/wp-json\/wp\/v2\/pages\/9644345\/revisions\/19544915"}],"up":[{"embeddable":true,"href":"https:\/\/www.colegiodentistas.cl\/inicio\/wp-json\/wp\/v2\/pages\/9073953"}],"wp:attachment":[{"href":"https:\/\/www.colegiodentistas.cl\/inicio\/wp-json\/wp\/v2\/media?parent=9644345"}],"curies":[{"name":"wp","href":"https:\/\/api.w.org\/{rel}","templated":true}]}}