{"id":9642952,"date":"2021-06-14T19:59:14","date_gmt":"2021-06-14T23:59:14","guid":{"rendered":"https:\/\/www.colegiodentistas.cl\/inicio\/?page_id=9642952"},"modified":"2022-05-20T12:04:38","modified_gmt":"2022-05-20T16:04:38","slug":"cooperativa-nacional-odontologica-cno","status":"publish","type":"page","link":"https:\/\/www.colegiodentistas.cl\/inicio\/convenios\/convenios-profesionales\/cooperativa-nacional-odontologica-cno\/","title":{"rendered":"Cooperativa Nacional Odontol\u00f3gica (CNO)"},"content":{"rendered":"\n<p>Convenio para realizar actividades conjuntas en base a proyectos de colaboraci\u00f3n en el \u00e1mbito de ejercicio privado de la odontolog\u00eda, gesti\u00f3n y adquisici\u00f3n de insumos dentales a precios exclusivos a trav\u00e9s de la <strong>Central de Compras<\/strong>, y aumento de los actuales est\u00e1ndares de calidad en los que se ejerce la profesi\u00f3n.<\/p>\n\n\n\n<p>La Cooperativa Nacional Odontol\u00f3gica (CNO) es una agrupaci\u00f3n de cl\u00ednicas dentales, unidas con el objetivo de elevar los est\u00e1ndares de la salud bucal en Chile.<\/p>\n\n\n\n<h3>Central de Compras<\/h3>\n\n\n\n<p>El objetivo de la Central de Compras es que a trav\u00e9s de la agregaci\u00f3n de la demanda y econom\u00eda de escala se pueda acceder a mejores precios, mejor calidad y optimizar despachos.<\/p>\n\n\n\n<p>A ella pueden acceder los colegiados y colegiadas de la Regi\u00f3n Metropolitana, sin necesidad de ser parte de la CNO. Pronto estar\u00e1 disponible en el resto del pa\u00eds.<\/p>\n\n\n\n<hr class=\"wp-block-separator\"\/>\n\n\n\n<p><strong>Para comprar son s\u00f3lo 3 pasos:<\/strong><\/p>\n\n\n\n<ul><li>Visita <a rel=\"noreferrer noopener\" href=\"https:\/\/www.cnocompras.cl\/\" target=\"_blank\"><strong>www.cnocompras.cl<\/strong><\/a><\/li><li>Ingresa a tu cuenta con tu correo electr\u00f3nico en el que recibiste la clave de ingreso<\/li><li>Ya puedes comprar<\/li><\/ul>\n\n\n\n<hr class=\"wp-block-separator\"\/>\n\n\n\n<p>Si eres un colegiado o colegiada de la Regi\u00f3n Metropolitana y no recibiste un correo con tu clave, tienes dudas o consultas, escribe a <a rel=\"noreferrer noopener\" href=\"mailto:contacto@cnocompras.cl\" target=\"_blank\"><strong>contacto@cnocompras.cl<\/strong><\/a><\/p>\n\n\n\n<hr class=\"wp-block-separator\"\/>\n\n\n\n<p class=\"has-medium-font-size\">Vigencia<\/p>\n\n\n\n<p>Indefinida<\/p>\n\n\n\n<hr class=\"wp-block-separator\"\/>\n\n\n\n<p class=\"has-medium-font-size\">Contacto<\/p>\n\n\n\n<p><span style=\"text-decoration: underline;\">Sitio web<\/span> |  <a href=\"http:\/\/www.cno-chile.cl\" target=\"_blank\" rel=\"noreferrer noopener\">www.cno-chile.cl<\/a><\/p>\n\n\n\n<p><span style=\"text-decoration: underline;\">Correo electr\u00f3nico<\/span> | <a href=\"mailto:contacto@cno-chile.cl\" target=\"_blank\" rel=\"noreferrer noopener\">contacto@cno-chile.cl<\/a><\/p>\n\n\n\n<hr class=\"wp-block-separator\"\/>\n\n\n\n<p class=\"has-medium-font-size\">M\u00e1s informaci\u00f3n<\/p>\n\n\n\n<ul><li>Revisa la charla <a href=\"https:\/\/www.colegiodentistas.cl\/inicio\/2020\/12\/16\/herramientas-para-potenciar-tu-consulta-conocemos-los-beneficios-del-convenio-con-la-cno\/\"><span style=\"text-decoration: underline;\">Herramientas para potenciar tu consulta: Compra de insumos de forma Cooperativa<\/span> en este LINK<\/a><\/li><\/ul>\n\n\n\n<ul><li>Revisa la nota sobre la <a href=\"https:\/\/www.colegiodentistas.cl\/inicio\/2020\/10\/30\/colegio-de-cirujano-dentistas-y-cooperativa-nacional-odontologica-firman-inedito-convenio-de-colaboracion\/\">firma del convenio<span style=\"text-decoration: underline;\"> con la CNO en este LINK<\/span><\/a><\/li><\/ul>\n\n\n\n<p><\/p>\n","protected":false},"excerpt":{"rendered":"<p>Convenio para realizar actividades conjuntas en base a proyectos de colaboraci\u00f3n en el \u00e1mbito de ejercicio privado de la odontolog\u00eda, gesti\u00f3n y adquisici\u00f3n de insumos dentales a precios exclusivos a trav\u00e9s de la Central de Compras, y aumento de los actuales est\u00e1ndares de calidad en los que se ejerce la profesi\u00f3n. La Cooperativa Nacional Odontol\u00f3gica (CNO) es una agrupaci\u00f3n de cl\u00ednicas dentales, unidas con el objetivo de elevar los est\u00e1ndares de la salud bucal en Chile. Central de Compras El objetivo de la Central de Compras es que a trav\u00e9s de la agregaci\u00f3n de la demanda y econom\u00eda de escala [&hellip;]<\/p>\n","protected":false},"author":7,"featured_media":0,"parent":9073953,"menu_order":1,"comment_status":"closed","ping_status":"closed","template":"","meta":[],"_links":{"self":[{"href":"https:\/\/www.colegiodentistas.cl\/inicio\/wp-json\/wp\/v2\/pages\/9642952"}],"collection":[{"href":"https:\/\/www.colegiodentistas.cl\/inicio\/wp-json\/wp\/v2\/pages"}],"about":[{"href":"https:\/\/www.colegiodentistas.cl\/inicio\/wp-json\/wp\/v2\/types\/page"}],"author":[{"embeddable":true,"href":"https:\/\/www.colegiodentistas.cl\/inicio\/wp-json\/wp\/v2\/users\/7"}],"replies":[{"embeddable":true,"href":"https:\/\/www.colegiodentistas.cl\/inicio\/wp-json\/wp\/v2\/comments?post=9642952"}],"version-history":[{"count":8,"href":"https:\/\/www.colegiodentistas.cl\/inicio\/wp-json\/wp\/v2\/pages\/9642952\/revisions"}],"predecessor-version":[{"id":14054593,"href":"https:\/\/www.colegiodentistas.cl\/inicio\/wp-json\/wp\/v2\/pages\/9642952\/revisions\/14054593"}],"up":[{"embeddable":true,"href":"https:\/\/www.colegiodentistas.cl\/inicio\/wp-json\/wp\/v2\/pages\/9073953"}],"wp:attachment":[{"href":"https:\/\/www.colegiodentistas.cl\/inicio\/wp-json\/wp\/v2\/media?parent=9642952"}],"curies":[{"name":"wp","href":"https:\/\/api.w.org\/{rel}","templated":true}]}}