{"id":91,"date":"2016-05-30T21:30:06","date_gmt":"2016-05-31T01:30:06","guid":{"rendered":"http:\/\/www.colegiodentistas.cl\/inicio\/?page_id=91"},"modified":"2026-03-30T10:07:00","modified_gmt":"2026-03-30T13:07:00","slug":"consejeros-nacionales","status":"publish","type":"page","link":"https:\/\/www.colegiodentistas.cl\/inicio\/consejeros-nacionales\/","title":{"rendered":"Consejeros Nacionales"},"content":{"rendered":"\n<p class=\"has-medium-font-size\"><strong>Integrantes del Honorable Consejo Nacional para el per\u00edodo 2025-2029<\/strong><\/p>\n\n\n\n<ul><li>Dra. Mariluz Lozano Gonz\u00e1lez | <strong>Presidencia Nacional<\/strong><\/li><\/ul>\n\n\n\n<p><\/p>\n\n\n\n<ul><li>Dra. Roxana Chacana Poblete | <strong>Primera Vicepresidencia<\/strong><\/li><\/ul>\n\n\n\n<p><\/p>\n\n\n\n<ul><li>Dra. Blanca Mart\u00ednez Ram\u00edrez | <strong>Segunda Vicepresidencia<\/strong><\/li><\/ul>\n\n\n\n<p><\/p>\n\n\n\n<ul><li>Dr. Joaqu\u00edn Cadem\u00e1rtori Campos | <strong>Secretar\u00eda Nacional<\/strong><\/li><\/ul>\n\n\n\n<p><\/p>\n\n\n\n<ul><li>Dr. Marco Cornejo Ovalle | <strong>Tesorer\u00eda Nacional<\/strong><\/li><\/ul>\n\n\n\n<p><\/p>\n\n\n\n<ul><li>Dra. Carla Fuentes Garc\u00e9s | <strong>Prosecretar\u00eda Nacional<\/strong><\/li><\/ul>\n\n\n\n<p><\/p>\n\n\n\n<ul><li>Dr. Rolando Schulz Vidal | <strong>Protesorer\u00eda Nacional<\/strong><\/li><\/ul>\n\n\n\n<p><\/p>\n\n\n\n<ul><li>Dra. Paloma Rivera Orellana<\/li><\/ul>\n\n\n\n<ul><li>Dra. Paloma Barrios Neira<\/li><\/ul>\n\n\n\n<ul><li>Dr. Claudio Venegas Clavero<\/li><\/ul>\n\n\n\n<ul><li>Dr. Lautaro Catal\u00e1n Ruiz<\/li><\/ul>\n\n\n\n<ul><li>Dr. Gonzalo Herrera O\u00f1ate<\/li><\/ul>\n\n\n\n<ul><li>Dra. Carolina Ulloa&nbsp; Mar\u00edn<\/li><\/ul>\n\n\n\n<ul><li>Dr. Alejandro&nbsp;Berenguela Rojas<\/li><\/ul>\n\n\n\n<ul><li>Dra. P\u00eda&nbsp;Fuenzalida D\u00edaz<\/li><\/ul>\n\n\n\n<ul><li>Dr. Luis Hola Chamy<\/li><\/ul>\n\n\n\n<ul><li>Dr. Pedro Tapia Pradenas<\/li><\/ul>\n\n\n\n<ul><li>Dr. Patricio Stevens Ib\u00e1\u00f1ez<\/li><\/ul>\n\n\n\n<ul><li>Dra. Karina Altamirano Ulloa<\/li><\/ul>\n\n\n\n<p><\/p>\n","protected":false},"excerpt":{"rendered":"<p>Integrantes del Honorable Consejo Nacional para el per\u00edodo 2025-2029 Dra. Mariluz Lozano Gonz\u00e1lez | Presidencia Nacional Dra. Roxana Chacana Poblete | Primera Vicepresidencia Dra. Blanca Mart\u00ednez Ram\u00edrez | Segunda Vicepresidencia Dr. Joaqu\u00edn Cadem\u00e1rtori Campos | Secretar\u00eda Nacional Dr. Marco Cornejo Ovalle | Tesorer\u00eda Nacional Dra. Carla Fuentes Garc\u00e9s | Prosecretar\u00eda Nacional Dr. Rolando Schulz Vidal | Protesorer\u00eda Nacional Dra. Paloma Rivera Orellana Dra. Paloma Barrios Neira Dr. Claudio Venegas Clavero Dr. Lautaro Catal\u00e1n Ruiz Dr. Gonzalo Herrera O\u00f1ate Dra. Carolina Ulloa&nbsp; Mar\u00edn Dr. Alejandro&nbsp;Berenguela Rojas Dra. P\u00eda&nbsp;Fuenzalida D\u00edaz Dr. Luis Hola Chamy Dr. Pedro Tapia Pradenas Dr. Patricio Stevens Ib\u00e1\u00f1ez [&hellip;]<\/p>\n","protected":false},"author":7,"featured_media":0,"parent":0,"menu_order":0,"comment_status":"closed","ping_status":"closed","template":"","meta":[],"_links":{"self":[{"href":"https:\/\/www.colegiodentistas.cl\/inicio\/wp-json\/wp\/v2\/pages\/91"}],"collection":[{"href":"https:\/\/www.colegiodentistas.cl\/inicio\/wp-json\/wp\/v2\/pages"}],"about":[{"href":"https:\/\/www.colegiodentistas.cl\/inicio\/wp-json\/wp\/v2\/types\/page"}],"author":[{"embeddable":true,"href":"https:\/\/www.colegiodentistas.cl\/inicio\/wp-json\/wp\/v2\/users\/7"}],"replies":[{"embeddable":true,"href":"https:\/\/www.colegiodentistas.cl\/inicio\/wp-json\/wp\/v2\/comments?post=91"}],"version-history":[{"count":10,"href":"https:\/\/www.colegiodentistas.cl\/inicio\/wp-json\/wp\/v2\/pages\/91\/revisions"}],"predecessor-version":[{"id":19549003,"href":"https:\/\/www.colegiodentistas.cl\/inicio\/wp-json\/wp\/v2\/pages\/91\/revisions\/19549003"}],"wp:attachment":[{"href":"https:\/\/www.colegiodentistas.cl\/inicio\/wp-json\/wp\/v2\/media?parent=91"}],"curies":[{"name":"wp","href":"https:\/\/api.w.org\/{rel}","templated":true}]}}