{"id":9073953,"date":"2021-05-05T12:42:59","date_gmt":"2021-05-05T16:42:59","guid":{"rendered":"https:\/\/www.colegiodentistas.cl\/inicio\/?page_id=9073953"},"modified":"2024-01-05T16:48:00","modified_gmt":"2024-01-05T19:48:00","slug":"convenios-profesionales","status":"publish","type":"page","link":"https:\/\/www.colegiodentistas.cl\/inicio\/convenios\/convenios-profesionales\/","title":{"rendered":"Convenios profesionales"},"content":{"rendered":"\n<div class=\"wp-block-columns\">\n<div class=\"wp-block-column\" style=\"flex-basis:33.33%\">\n<figure class=\"wp-block-image size-large is-style-default\"><a href=\"https:\/\/www.adactiva.cl\/\" target=\"_blank\" rel=\"noopener\"><img loading=\"lazy\" width=\"300\" height=\"200\" src=\"https:\/\/www.colegiodentistas.cl\/inicio\/wp-content\/uploads\/2023\/12\/adactiva-300x200-1.png\" alt=\"\" class=\"wp-image-19545918\"\/><\/a><\/figure>\n<\/div>\n\n\n\n<div class=\"wp-block-column\" style=\"flex-basis:66.66%\">\n<p class=\"has-vivid-cyan-blue-color has-text-color has-large-font-size\"><strong><span style=\"text-decoration: underline;\"><a href=\"https:\/\/www.adactiva.cl\/\" target=\"_blank\" rel=\"noreferrer noopener\">Adactiva<\/a><\/span><\/strong><\/p>\n\n\n\n<p class=\"has-medium-font-size\"><strong>Vigencia | <\/strong>Indefinida.<\/p>\n<\/div>\n<\/div>\n\n\n\n<div class=\"wp-block-columns\">\n<div class=\"wp-block-column\">\n<p><strong>Contacto<\/strong><\/p>\n\n\n\n<p>Joseph Garc\u00eda Rivero<\/p>\n\n\n\n<p><span style=\"text-decoration: underline;\"><a href=\"mailto:hola@adactiva.cl\" target=\"_blank\" rel=\"noreferrer noopener\">hola@adactiva.cl<\/a><\/span><\/p>\n\n\n\n<p>+569 7561 7875<\/p>\n\n\n\n<hr class=\"wp-block-separator\"\/>\n\n\n\n<p><\/p>\n<\/div>\n\n\n\n<div class=\"wp-block-column\">\n<p>Adactiva es una empresa de servicios contables, tributarios, administrativos y legales que contribuye a la optimizaci\u00f3n de la gesti\u00f3n financiera y tributaria.<\/p>\n\n\n\n<p>Primera empresa en estar certificada ISO 9001:2015 en la entrega de servicios contables, los que ofrece a los colegiados con beneficios exclusivos y tarifas preferentes.<\/p>\n\n\n\n<hr class=\"wp-block-separator\"\/>\n<\/div>\n\n\n\n<div class=\"wp-block-column\">\n<p><strong>Descuentos<\/strong><\/p>\n\n\n\n<p>20% en todos sus servicios, entre los que se encuentran:<\/p>\n\n\n\n<ul><li>Contabilidad e impuestos<\/li><li>RRHH y remuneraciones<\/li><li>Creaci\u00f3n de empresas<\/li><li>Auditoria estados financieros<\/li><li>Auditoria laboral<\/li><li>\u00c1rea legal<\/li><li>Asesor\u00eda tributaria<\/li><li>Departamento de Administraci\u00f3n<\/li><li>Domicilio tributario<\/li><li>Charlas y eventos<\/li><li>Empresas para extranjeros<\/li><li>Gerencia de finanzas<\/li><li>Mentor\u00edas<\/li><\/ul>\n\n\n\n<p><\/p>\n<\/div>\n<\/div>\n\n\n\n<hr class=\"wp-block-separator\"\/>\n\n\n\n<div class=\"wp-block-columns\">\n<div class=\"wp-block-column\" style=\"flex-basis:33.33%\">\n<figure class=\"wp-block-image size-medium is-style-default\"><img loading=\"lazy\" width=\"300\" height=\"200\" src=\"https:\/\/www.colegiodentistas.cl\/inicio\/wp-content\/uploads\/2022\/02\/altamarasociados-450-300-300x200.png\" alt=\"\" class=\"wp-image-12987059\" srcset=\"https:\/\/www.colegiodentistas.cl\/inicio\/wp-content\/uploads\/2022\/02\/altamarasociados-450-300-300x200.png 300w, https:\/\/www.colegiodentistas.cl\/inicio\/wp-content\/uploads\/2022\/02\/altamarasociados-450-300-100x67.png 100w, https:\/\/www.colegiodentistas.cl\/inicio\/wp-content\/uploads\/2022\/02\/altamarasociados-450-300-400x267.png 400w, https:\/\/www.colegiodentistas.cl\/inicio\/wp-content\/uploads\/2022\/02\/altamarasociados-450-300.png 451w\" sizes=\"(max-width: 300px) 100vw, 300px\" \/><\/figure>\n<\/div>\n\n\n\n<div class=\"wp-block-column\" style=\"flex-basis:66.66%\">\n<p class=\"has-vivid-cyan-blue-color has-text-color has-large-font-size\"><strong><span style=\"text-decoration: underline;\"><a href=\"https:\/\/www.altamarasociados.cl\/\" target=\"_blank\" rel=\"noreferrer noopener\">Altamar Asociados<\/a><\/span><\/strong><\/p>\n\n\n\n<p class=\"has-normal-font-size\">Convenio a nivel nacional<\/p>\n<\/div>\n<\/div>\n\n\n\n<div class=\"wp-block-columns\">\n<div class=\"wp-block-column\">\n<p><strong>Contacto<\/strong><\/p>\n\n\n\n<p>Carlos Mu\u00f1oz Lecerf (abogado)<\/p>\n\n\n\n<p><a href=\"mailto:contacto@altamarasociados.cl\" target=\"_blank\" rel=\"noreferrer noopener\">contacto@altamarasociados.cl<\/a><\/p>\n\n\n\n<p>+569 7931 2131<\/p>\n\n\n\n<hr class=\"wp-block-separator\"\/>\n\n\n\n<p><\/p>\n<\/div>\n\n\n\n<div class=\"wp-block-column\">\n<p><strong>Beneficios<\/strong><\/p>\n\n\n\n<ul><li>25% de descuento para colegiados en todos los servicios en materia laboral.<\/li><\/ul>\n\n\n\n<hr class=\"wp-block-separator\"\/>\n<\/div>\n\n\n\n<div class=\"wp-block-column\">\n<p><strong>Servicios prestados<\/strong><\/p>\n\n\n\n<ul><li>Asistencia telef\u00f3nica o por correo electr\u00f3nico.<\/li><li>Primera reuni\u00f3n de consulta en oficina de Vi\u00f1a del Mar o Santiago gratis.<\/li><li>Consulta fuera de oficina en lugar se\u00f1alado por cliente en Regi\u00f3n de Valpara\u00edso y Regi\u00f3n Metropolitana con valor preferente.<\/li><li>Representaci\u00f3n ante negociaci\u00f3n extrajudicial con empleador.<\/li><li>Representaci\u00f3n ante Inspecci\u00f3n del Trabajo (audiencia de conciliaci\u00f3n).<\/li><li>Causa judicial laboral de procedimiento monitorio (\u00fanica instancia).<\/li><li>Causa judicial laboral de primera instancia (despido, nulidad o tutela).<\/li><li>Recursos posteriores (nulidad, unificaci\u00f3n, etc.)<\/li><\/ul>\n<\/div>\n<\/div>\n\n\n\n<hr class=\"wp-block-separator\"\/>\n\n\n\n<div class=\"wp-block-columns\">\n<div class=\"wp-block-column\" style=\"flex-basis:33.33%\">\n<figure class=\"wp-block-image size-medium is-style-default\"><img loading=\"lazy\" width=\"300\" height=\"200\" src=\"https:\/\/www.colegiodentistas.cl\/inicio\/wp-content\/uploads\/2022\/02\/eys-450-300-300x200.png\" alt=\"\" class=\"wp-image-13004748\" srcset=\"https:\/\/www.colegiodentistas.cl\/inicio\/wp-content\/uploads\/2022\/02\/eys-450-300-300x200.png 300w, https:\/\/www.colegiodentistas.cl\/inicio\/wp-content\/uploads\/2022\/02\/eys-450-300-100x67.png 100w, https:\/\/www.colegiodentistas.cl\/inicio\/wp-content\/uploads\/2022\/02\/eys-450-300-400x267.png 400w, https:\/\/www.colegiodentistas.cl\/inicio\/wp-content\/uploads\/2022\/02\/eys-450-300.png 450w\" sizes=\"(max-width: 300px) 100vw, 300px\" \/><\/figure>\n<\/div>\n\n\n\n<div class=\"wp-block-column\" style=\"flex-basis:66.66%\">\n<p class=\"has-vivid-cyan-blue-color has-text-color has-large-font-size\"><a href=\"https:\/\/www.colegiodentistas.cl\/inicio\/convenios\/convenios-profesionales-para-colegiados-y-colegiadas\/eys\/\"><strong><span style=\"text-decoration: underline;\">EyS<\/span><\/strong><\/a><\/p>\n\n\n\n<p class=\"has-medium-font-size\"><strong>Vigencia | <\/strong>Indefinida.<\/p>\n\n\n\n<p>Convenio vigente en todas las Regiones de Chile.<\/p>\n<\/div>\n<\/div>\n\n\n\n<div class=\"wp-block-columns\">\n<div class=\"wp-block-column\">\n<p><strong>Contacto<\/strong><\/p>\n\n\n\n<p><a rel=\"noreferrer noopener\" href=\"http:\/\/www.eyschile.cl\/\" target=\"_blank\">www.eyschile.cl<\/a><\/p>\n\n\n\n<p><a rel=\"noreferrer noopener\" href=\"mailto:asesoriasrm@eyschile.cl\" target=\"_blank\">asesoriasrm@eyschile.cl<\/a><\/p>\n\n\n\n<p>+569 91755360 (WhatsApp)<\/p>\n\n\n\n<hr class=\"wp-block-separator\"\/>\n\n\n\n<p><a href=\"https:\/\/www.colegiodentistas.cl\/inicio\/convenios\/convenios-profesionales\/eys\/\">Conoce m\u00e1s detalles del convenio aqu\u00ed<\/a><\/p>\n\n\n\n<hr class=\"wp-block-separator\"\/>\n<\/div>\n\n\n\n<div class=\"wp-block-column\">\n<p><strong>Asesor\u00eda por Autorizaci\u00f3n Sanitaria remota<\/strong><\/p>\n\n\n\n<ul><li>15 % de descuento para colegiados y colegiadas<\/li><\/ul>\n\n\n\n<hr class=\"wp-block-separator\"\/>\n<\/div>\n\n\n\n<div class=\"wp-block-column\">\n<p><strong>&nbsp;Cursos por convenio<\/strong><\/p>\n\n\n\n<ul><li>Protecci\u00f3n radiol\u00f3gica operacional | 24 horas<\/li><li>Prevenci\u00f3n y control de infecciones asociadas a la atenci\u00f3n en salud (IAAS) | 80 horas<\/li><li>Operador de autoclave y calderas | 30 horas<\/li><li>Residuos en establecimientos de atenci\u00f3n en salud (REAS) | 30 horas<\/li><li>Planificando mi autorizaci\u00f3n sanitaria | 35 horas<\/li><\/ul>\n<\/div>\n<\/div>\n\n\n\n<hr class=\"wp-block-separator\"\/>\n\n\n\n<div class=\"wp-block-columns\">\n<div class=\"wp-block-column\" style=\"flex-basis:33.33%\">\n<figure class=\"wp-block-image size-medium is-style-default\"><img loading=\"lazy\" width=\"300\" height=\"200\" src=\"https:\/\/www.colegiodentistas.cl\/inicio\/wp-content\/uploads\/2022\/02\/cno-450-300-300x200.png\" alt=\"\" class=\"wp-image-13004977\" srcset=\"https:\/\/www.colegiodentistas.cl\/inicio\/wp-content\/uploads\/2022\/02\/cno-450-300-300x200.png 300w, https:\/\/www.colegiodentistas.cl\/inicio\/wp-content\/uploads\/2022\/02\/cno-450-300-100x67.png 100w, https:\/\/www.colegiodentistas.cl\/inicio\/wp-content\/uploads\/2022\/02\/cno-450-300-400x267.png 400w, https:\/\/www.colegiodentistas.cl\/inicio\/wp-content\/uploads\/2022\/02\/cno-450-300.png 450w\" sizes=\"(max-width: 300px) 100vw, 300px\" \/><\/figure>\n<\/div>\n\n\n\n<div class=\"wp-block-column\" style=\"flex-basis:66.66%\">\n<p class=\"has-vivid-cyan-blue-color has-text-color has-large-font-size\"><strong><strong><a href=\"https:\/\/www.colegiodentistas.cl\/inicio\/convenios\/convenios-profesionales-para-colegiados-y-colegiadas\/cooperativa-nacional-odontologica-cno\/\"><span style=\"text-decoration: underline;\">Cooperativa Nacional Odontol\u00f3gica (CNO)<\/span><\/a><\/strong><\/strong><\/p>\n\n\n\n<p class=\"has-medium-font-size\"><strong>Vigencia | <\/strong>Indefinida<\/p>\n\n\n\n<p>Convenio a nivel nacional<\/p>\n<\/div>\n<\/div>\n\n\n\n<div class=\"wp-block-columns\">\n<div class=\"wp-block-column\">\n<p><strong>Contacto<\/strong><\/p>\n\n\n\n<p><a href=\"https:\/\/www.cno-chile.cl\/\" target=\"_blank\" rel=\"noreferrer noopener\">www.cno-chile.cl<\/a><\/p>\n\n\n\n<p><a href=\"mailto:contacto@cno-chile.cl\" target=\"_blank\" rel=\"noreferrer noopener\">contacto@cno-chile.cl<\/a><\/p>\n\n\n\n<hr class=\"wp-block-separator\"\/>\n<\/div>\n\n\n\n<div class=\"wp-block-column\">\n<p>La Cooperativa Nacional Odontol\u00f3gica (CNO) es una agrupaci\u00f3n de cl\u00ednicas dentales, unidas con el objetivo de elevar los est\u00e1ndares de la salud bucal en Chile.<\/p>\n\n\n\n<p>Este convenio busca realizar actividades conjuntas bas\u00e1ndose en proyectos de colaboraci\u00f3n en el \u00e1mbito del ejercicio privado de la odontolog\u00eda, gesti\u00f3n y adquisici\u00f3n de insumos dentales, a trav\u00e9s de la Central de Compras.<\/p>\n\n\n\n<hr class=\"wp-block-separator\"\/>\n<\/div>\n\n\n\n<div class=\"wp-block-column\">\n<p><strong>Central de Compras<\/strong><\/p>\n\n\n\n<p>Su objetivo es que a trav\u00e9s de la agregaci\u00f3n de la demanda y econom\u00eda de escala se pueda acceder a mejores precios, mejor calidad y optimizar despachos.<br>A ella pueden acceder los colegiados y colegiadas, sin necesidad de ser parte de la CNO.<\/p>\n<\/div>\n<\/div>\n\n\n\n<hr class=\"wp-block-separator\"\/>\n\n\n\n<div class=\"wp-block-columns\">\n<div class=\"wp-block-column\" style=\"flex-basis:33.33%\">\n<figure class=\"wp-block-image size-medium is-style-default\"><img loading=\"lazy\" width=\"300\" height=\"200\" src=\"https:\/\/www.colegiodentistas.cl\/inicio\/wp-content\/uploads\/2022\/02\/mi-ficha-dental-450-300-300x200.png\" alt=\"\" class=\"wp-image-13005912\" srcset=\"https:\/\/www.colegiodentistas.cl\/inicio\/wp-content\/uploads\/2022\/02\/mi-ficha-dental-450-300-300x200.png 300w, https:\/\/www.colegiodentistas.cl\/inicio\/wp-content\/uploads\/2022\/02\/mi-ficha-dental-450-300-100x67.png 100w, https:\/\/www.colegiodentistas.cl\/inicio\/wp-content\/uploads\/2022\/02\/mi-ficha-dental-450-300-400x267.png 400w, https:\/\/www.colegiodentistas.cl\/inicio\/wp-content\/uploads\/2022\/02\/mi-ficha-dental-450-300.png 450w\" sizes=\"(max-width: 300px) 100vw, 300px\" \/><\/figure>\n<\/div>\n\n\n\n<div class=\"wp-block-column\" style=\"flex-basis:66.66%\">\n<p class=\"has-vivid-cyan-blue-color has-text-color has-large-font-size\"><strong><strong><a href=\"https:\/\/www.colegiodentistas.cl\/inicio\/convenios\/convenios-profesionales-para-colegiados-y-colegiadas\/mi-ficha-dental\/\"><span style=\"text-decoration: underline;\">Mi Ficha Dental<\/span><\/a><\/strong><\/strong><\/p>\n\n\n\n<p class=\"has-medium-font-size\"><strong>Vigencia | <\/strong>31 de diciembre de 2023<\/p>\n\n\n\n<p>Convenio a nivel nacional<\/p>\n<\/div>\n<\/div>\n\n\n\n<div class=\"wp-block-columns\">\n<div class=\"wp-block-column\">\n<p><strong>Contacto<\/strong><\/p>\n\n\n\n<p><a rel=\"noreferrer noopener\" href=\"https:\/\/www.mifichadental.app\/coldent\" target=\"_blank\">mifichadental.app\/coldent<\/a><\/p>\n\n\n\n<hr class=\"wp-block-separator\"\/>\n\n\n\n<p><strong>Solicitud de acceso a la plataforma<\/strong><\/p>\n\n\n\n<p><a rel=\"noreferrer noopener\" href=\"https:\/\/wa.link\/4ypz0r\" target=\"_blank\">wa.link\/4ypz0r<\/a><\/p>\n\n\n\n<hr class=\"wp-block-separator\"\/>\n<\/div>\n\n\n\n<div class=\"wp-block-column\">\n<p>Acceso gratuito al software Mi Ficha Dental, el que facilita el cambio de h\u00e1bitos en los pacientes mediante la generaci\u00f3n de informes con im\u00e1genes y gr\u00e1ficos de su evoluci\u00f3n, mejorando el marketing de la cl\u00ednica, fidelizando a los pacientes.<\/p>\n\n\n\n<p>Los colegiados reci\u00e9n egresados menores de 30 a\u00f1os de edad podr\u00e1n acceder a una asesor\u00eda GRATUITA 1 a 1 con la Dra.&nbsp;Cristina Castro, quien brindar\u00e1 orientaci\u00f3n para un mejor uso de la plataforma.<\/p>\n<\/div>\n<\/div>\n\n\n\n<hr class=\"wp-block-separator\"\/>\n\n\n\n<p><\/p>\n","protected":false},"excerpt":{"rendered":"<p>Adactiva Vigencia | Indefinida. Contacto Joseph Garc\u00eda Rivero hola@adactiva.cl +569 7561 7875 Adactiva es una empresa de servicios contables, tributarios, administrativos y legales que contribuye a la optimizaci\u00f3n de la gesti\u00f3n financiera y tributaria. Primera empresa en estar certificada ISO 9001:2015 en la entrega de servicios contables, los que ofrece a los colegiados con beneficios exclusivos y tarifas preferentes. Descuentos 20% en todos sus servicios, entre los que se encuentran: Contabilidad e impuestos RRHH y remuneraciones Creaci\u00f3n de empresas Auditoria estados financieros Auditoria laboral \u00c1rea legal Asesor\u00eda tributaria Departamento de Administraci\u00f3n Domicilio tributario Charlas y eventos Empresas para extranjeros Gerencia [&hellip;]<\/p>\n","protected":false},"author":7,"featured_media":0,"parent":4494,"menu_order":1,"comment_status":"closed","ping_status":"closed","template":"","meta":[],"_links":{"self":[{"href":"https:\/\/www.colegiodentistas.cl\/inicio\/wp-json\/wp\/v2\/pages\/9073953"}],"collection":[{"href":"https:\/\/www.colegiodentistas.cl\/inicio\/wp-json\/wp\/v2\/pages"}],"about":[{"href":"https:\/\/www.colegiodentistas.cl\/inicio\/wp-json\/wp\/v2\/types\/page"}],"author":[{"embeddable":true,"href":"https:\/\/www.colegiodentistas.cl\/inicio\/wp-json\/wp\/v2\/users\/7"}],"replies":[{"embeddable":true,"href":"https:\/\/www.colegiodentistas.cl\/inicio\/wp-json\/wp\/v2\/comments?post=9073953"}],"version-history":[{"count":9,"href":"https:\/\/www.colegiodentistas.cl\/inicio\/wp-json\/wp\/v2\/pages\/9073953\/revisions"}],"predecessor-version":[{"id":19546235,"href":"https:\/\/www.colegiodentistas.cl\/inicio\/wp-json\/wp\/v2\/pages\/9073953\/revisions\/19546235"}],"up":[{"embeddable":true,"href":"https:\/\/www.colegiodentistas.cl\/inicio\/wp-json\/wp\/v2\/pages\/4494"}],"wp:attachment":[{"href":"https:\/\/www.colegiodentistas.cl\/inicio\/wp-json\/wp\/v2\/media?parent=9073953"}],"curies":[{"name":"wp","href":"https:\/\/api.w.org\/{rel}","templated":true}]}}