{"id":8620896,"date":"2021-04-05T18:36:43","date_gmt":"2021-04-05T22:36:43","guid":{"rendered":"http:\/\/www.colegiodentistas.cl\/inicio\/?page_id=8620896"},"modified":"2021-09-01T13:34:13","modified_gmt":"2021-09-01T17:34:13","slug":"calama","status":"publish","type":"page","link":"https:\/\/www.colegiodentistas.cl\/inicio\/convenios\/convenios-profesionales\/convenio-fesuc\/calama\/","title":{"rendered":"Convenio Fesuc Calama"},"content":{"rendered":"\n<figure class=\"wp-block-table is-style-stripes\"><table><thead><tr><th>PRESTADOR<\/th><th>ESPECIALIDAD<\/th><th>DIRECCI\u00d3N<\/th><th>TEL\u00c9FONO<\/th><th>MAIL<\/th><\/tr><\/thead><tbody><tr><td>Dra. Carolina Arancibia<\/td><td>Odontolog\u00eda general<\/td><td>Av. Balmaceda 1750 <br>Of. 1110<br>Torre Cobre<\/td><td>9 8429 2756<\/td><td><a rel=\"noreferrer noopener\" aria-label=\"carito.arancibia.herrera@gmail.com (abrir en una nueva pesta\u00f1a)\" href=\"mailto:carito.arancibia.herrera@gmail.com\" target=\"_blank\"><span style=\"text-decoration: underline;\">carito.arancibia.herrera@gmail.com<\/span><\/a><\/td><\/tr><tr><td>Dra. Alexandra Caballero<\/td><td>Rehabilitaci\u00f3n oral<br>Implantolog\u00eda buco m\u00e1xilo facial<\/td><td>4 Oriente 2599<\/td><td>55 2311443<\/td><td><a rel=\"noreferrer noopener\" aria-label=\"alexandra.caballerov@gmail.com (abrir en una nueva pesta\u00f1a)\" href=\"mailto:alexandra.caballerov@gmail.com\" target=\"_blank\"><span style=\"text-decoration: underline;\">alexandra.caballerov@gmail.com<\/span><\/a><\/td><\/tr><tr><td>Dra M\u00f3nica In\u00e9s Castro Ram\u00edrez <\/td><td>Odontolog\u00eda general<\/td><td>Paseo Ram\u00edrez 1861<br>Of 206<\/td><td>9 9541 2149<\/td><td><a rel=\"noreferrer noopener\" href=\"mailto:dramonicacastro@gmail.com\" target=\"_blank\"><span style=\"text-decoration: underline;\">dramonicacastro@gmail.com<\/span><\/a><\/td><\/tr><tr><td>Dr. Rodrigo Leiva<\/td><td>Ortodoncia<\/td><td>Cobija 2188<br>Of 101 <\/td><td>55 2360505<\/td><td><a rel=\"noreferrer noopener\" href=\"mailto:roleiva@vtr.net\" target=\"_blank\"><span style=\"text-decoration: underline;\">roleiva@vtr.net<\/span><\/a><\/td><\/tr><tr><td>Dra. Sandra Eugenia Mej\u00eda D\u00e1vila<\/td><td>Odontolog\u00eda general<\/td><td>Vicu\u00f1a Mackena 1917<\/td><td>9 8358 7137<\/td><td><a rel=\"noreferrer noopener\" href=\"mailto:sandramejiadavila@hotmail.com\" target=\"_blank\"><span style=\"text-decoration: underline;\">sandramejiadavila@hotmail.com<\/span><\/a><\/td><\/tr><tr><td>Dr. Boris Vladimir Mu\u00f1oz Videla <\/td><td>Odontolog\u00eda general<\/td><td>Vicu\u00f1a Mackena 1974<br>Consulta 3<\/td><td>55 2846062<\/td><td><a rel=\"noreferrer noopener\" href=\"mailto:bvmv19@gmail.com\" target=\"_blank\"><span style=\"text-decoration: underline;\">bvmv19@gmail.com<\/span><\/a><\/td><\/tr><tr><td>Dra. Mayra Pazmi\u00f1o<\/td><td>Odontolog\u00eda general<\/td><td>Bartolome Vivar 2047<\/td><td>55 2319180<\/td><td><a rel=\"noreferrer noopener\" href=\"mailto:maypazojo@yahoo.com\" target=\"_blank\"><span style=\"text-decoration: underline;\">maypazojo@yahoo.com<\/span><\/a><\/td><\/tr><tr><td>Dra. Mar\u00eda Elena Pe\u00f1aloza<\/td><td>Odontolog\u00eda general adultos y ni\u00f1os<\/td><td>Cobija 2188 <br>Of 403<\/td><td>55 2315391<\/td><td><a rel=\"noreferrer noopener\" href=\"mailto:mepa_9@msn.com\" target=\"_blank\"><span style=\"text-decoration: underline;\">mepa_9@msn.com<\/span><\/a><\/td><\/tr><tr><td>Dra. Ver\u00f3nica Pe\u00f1aloza <\/td><td>Odontolog\u00eda general<\/td><td>Cobija 2188<br>Of 101<\/td><td>55 2360505<\/td><td><a rel=\"noreferrer noopener\" href=\"mailto:veromanutara@vtr.net\" target=\"_blank\"><span style=\"text-decoration: underline;\">veromanutara@vtr.net<\/span><\/a><\/td><\/tr><tr><td>Dra. Luc\u00eda Prada<\/td><td>Endodoncia<\/td><td>Paseo Ram\u00edrez 1861 <br>Of 204<\/td><td>55 340982 <br>9 9997 3751<\/td><td><a rel=\"noreferrer noopener\" href=\"mailto:soraya.prada.diaz@gmail.com\" target=\"_blank\"><span style=\"text-decoration: underline;\">soraya.prada.diaz@gmail.com<\/span><\/a><\/td><\/tr><tr><td>Dra. Margot Sabureau<\/td><td>Odontolog\u00eda general<br>Endondocia<br>Ortodoncia<\/td><td>Cobija 2191<br>Of 405 - 406<\/td><td>55 2349840<\/td><td><a rel=\"noreferrer noopener\" aria-label=\"msabureau@hotmail.com (abrir en una nueva pesta\u00f1a)\" href=\"mailto:msabureau@hotmail.com\" target=\"_blank\"><span style=\"text-decoration: underline;\">msabureau@hotmail.com<\/span><\/a><\/td><\/tr><tr><td>Dra. Yury Salazar Del R\u00edo <\/td><td>Ortodoncia general<\/td><td>Latorre 1602<\/td><td>55 2315854 <br>9 9342 6049<\/td><td><a rel=\"noreferrer noopener\" href=\"mailto:yurysal08@hotmail.com\" target=\"_blank\"><span style=\"text-decoration: underline;\">yurysal08@hotmail.com<\/span><\/a><\/td><\/tr><tr><td>Dr. David Samuel Vivas L\u00f3pez<\/td><td>Odontolog\u00eda general<br>Cirug\u00eda<\/td><td>Paseo Ram\u00edrez 1861<br>Of 204 <\/td><td>55 340982<br>9 9997 3751<\/td><td><a rel=\"noreferrer noopener\" href=\"mailto:davidevivas_5@hotmail.com\" target=\"_blank\"><span style=\"text-decoration: underline;\">davidevivas_5@hotmail.com<\/span><\/a><\/td><\/tr><tr><td>Dra. Marcela Werner <\/td><td>Odontolog\u00eda general<\/td><td>Cobija 2188 <br>Of 302<\/td><td>55 2311440<\/td><td><a rel=\"noreferrer noopener\" aria-label=\"marcelawerner@tie.cl (abrir en una nueva pesta\u00f1a)\" href=\"mailto:marcelawerner@tie.cl\" target=\"_blank\"><span style=\"text-decoration: underline;\">marcelawerner@tie.cl<\/span><\/a><\/td><\/tr><\/tbody><\/table><\/figure>\n\n\n\n<p><br><br>M\u00e1s informaci\u00f3n sobre el convenio en el correo electr\u00f3nico <a rel=\"noreferrer noopener\" aria-label=\"atencion.privada@colegiodentistas.cl (abrir en una nueva pesta\u00f1a)\" href=\"mailto:atencion.privada@colegiodentistas.cl\" target=\"_blank\">atencion.privada@colegiodentistas.cl<\/a> y <a href=\"https:\/\/www.colegiodentistas.cl\/inicio\/convenios\/convenios-profesionales\/convenio-fesuc\/\"><span style=\"text-decoration: underline;\">este enlace<\/span><\/a>.<\/p>\n\n\n\n<p><\/p>\n","protected":false},"excerpt":{"rendered":"<p>PRESTADOR ESPECIALIDAD DIRECCI\u00d3N TEL\u00c9FONO MAIL Dra. Carolina Arancibia Odontolog\u00eda general Av. Balmaceda 1750 Of. 1110Torre Cobre 9 8429 2756 carito.arancibia.herrera@gmail.com Dra. Alexandra Caballero Rehabilitaci\u00f3n oralImplantolog\u00eda buco m\u00e1xilo facial 4 Oriente 2599 55 2311443 alexandra.caballerov@gmail.com Dra M\u00f3nica In\u00e9s Castro Ram\u00edrez Odontolog\u00eda general Paseo Ram\u00edrez 1861Of 206 9 9541 2149 dramonicacastro@gmail.com Dr. Rodrigo Leiva Ortodoncia Cobija 2188Of 101 55 2360505 roleiva@vtr.net Dra. Sandra Eugenia Mej\u00eda D\u00e1vila Odontolog\u00eda general Vicu\u00f1a Mackena 1917 9 8358 7137 sandramejiadavila@hotmail.com Dr. Boris Vladimir Mu\u00f1oz Videla Odontolog\u00eda general Vicu\u00f1a Mackena 1974Consulta 3 55 2846062 bvmv19@gmail.com Dra. Mayra Pazmi\u00f1o Odontolog\u00eda general Bartolome Vivar 2047 55 2319180 maypazojo@yahoo.com Dra. Mar\u00eda [&hellip;]<\/p>\n","protected":false},"author":7,"featured_media":3031569,"parent":3020617,"menu_order":0,"comment_status":"closed","ping_status":"closed","template":"","meta":[],"_links":{"self":[{"href":"https:\/\/www.colegiodentistas.cl\/inicio\/wp-json\/wp\/v2\/pages\/8620896"}],"collection":[{"href":"https:\/\/www.colegiodentistas.cl\/inicio\/wp-json\/wp\/v2\/pages"}],"about":[{"href":"https:\/\/www.colegiodentistas.cl\/inicio\/wp-json\/wp\/v2\/types\/page"}],"author":[{"embeddable":true,"href":"https:\/\/www.colegiodentistas.cl\/inicio\/wp-json\/wp\/v2\/users\/7"}],"replies":[{"embeddable":true,"href":"https:\/\/www.colegiodentistas.cl\/inicio\/wp-json\/wp\/v2\/comments?post=8620896"}],"version-history":[{"count":9,"href":"https:\/\/www.colegiodentistas.cl\/inicio\/wp-json\/wp\/v2\/pages\/8620896\/revisions"}],"predecessor-version":[{"id":10795505,"href":"https:\/\/www.colegiodentistas.cl\/inicio\/wp-json\/wp\/v2\/pages\/8620896\/revisions\/10795505"}],"up":[{"embeddable":true,"href":"https:\/\/www.colegiodentistas.cl\/inicio\/wp-json\/wp\/v2\/pages\/3020617"}],"wp:featuredmedia":[{"embeddable":true,"href":"https:\/\/www.colegiodentistas.cl\/inicio\/wp-json\/wp\/v2\/media\/3031569"}],"wp:attachment":[{"href":"https:\/\/www.colegiodentistas.cl\/inicio\/wp-json\/wp\/v2\/media?parent=8620896"}],"curies":[{"name":"wp","href":"https:\/\/api.w.org\/{rel}","templated":true}]}}