{"id":8498583,"date":"2021-03-29T22:01:08","date_gmt":"2021-03-30T01:01:08","guid":{"rendered":"http:\/\/www.colegiodentistas.cl\/inicio\/?page_id=8498583"},"modified":"2024-01-05T16:31:20","modified_gmt":"2024-01-05T19:31:20","slug":"bancos","status":"publish","type":"page","link":"https:\/\/www.colegiodentistas.cl\/inicio\/convenios\/bancos\/","title":{"rendered":"Bancos"},"content":{"rendered":"\n<div class=\"wp-block-columns\">\n<div class=\"wp-block-column\" style=\"flex-basis:33.33%\">\n<div class=\"wp-block-image is-style-default\"><figure class=\"aligncenter size-medium\"><img loading=\"lazy\" width=\"300\" height=\"200\" src=\"https:\/\/www.colegiodentistas.cl\/inicio\/wp-content\/uploads\/2022\/02\/banco-chile-450-300-300x200.png\" alt=\"\" class=\"wp-image-12956586\" srcset=\"https:\/\/www.colegiodentistas.cl\/inicio\/wp-content\/uploads\/2022\/02\/banco-chile-450-300-300x200.png 300w, https:\/\/www.colegiodentistas.cl\/inicio\/wp-content\/uploads\/2022\/02\/banco-chile-450-300-100x67.png 100w, https:\/\/www.colegiodentistas.cl\/inicio\/wp-content\/uploads\/2022\/02\/banco-chile-450-300-400x267.png 400w, https:\/\/www.colegiodentistas.cl\/inicio\/wp-content\/uploads\/2022\/02\/banco-chile-450-300.png 450w\" sizes=\"(max-width: 300px) 100vw, 300px\" \/><\/figure><\/div>\n<\/div>\n\n\n\n<div class=\"wp-block-column\" style=\"flex-basis:66.66%\">\n<p class=\"has-vivid-cyan-blue-color has-text-color has-large-font-size\"><strong><a href=\"https:\/\/www.colegiodentistas.cl\/inicio\/convenios\/bancos\/banco-de-chile\/\"><span style=\"text-decoration: underline;\">Banco de Chile<\/span><\/a><\/strong><\/p>\n\n\n\n<p class=\"has-medium-font-size\"><strong>Vigencia<\/strong> | 31 de diciembre de 2024<\/p>\n\n\n\n<p>Convenio a nivel nacional<\/p>\n<\/div>\n<\/div>\n\n\n\n<div class=\"wp-block-columns\">\n<div class=\"wp-block-column\">\n<p><strong>Contacto<\/strong><\/p>\n\n\n\n<p>Jefa de Plataforma Preferente | Paula Miranda<br><a rel=\"noreferrer noopener\" href=\"mailto:pmirandag@bancochile.cl\" target=\"_blank\">pmirandag@bancochile.cl<\/a><br>Tel\u00e9fono: +562 2468 0781<\/p>\n\n\n\n<p>Encargada de Convenio | Judith Nilo<br><a rel=\"noreferrer noopener\" href=\"mailto:jnilo@bancochile.cl\" target=\"_blank\">jnilo@bancochile.cl<\/a><\/p>\n\n\n\n<hr class=\"wp-block-separator\"\/>\n<\/div>\n\n\n\n<div class=\"wp-block-column\">\n<p><strong>Beneficios Personas<\/strong><\/p>\n\n\n\n<ul><li>Costo $0 en Plan Cuenta Corriente los primeros 6 meses.<\/li><li>Tarifa preferencial costo $0 a partir del mes 7 si mantiene abono de remuneraciones + tarjeta de cr\u00e9dito.<\/li><li>Tarifa base con costo UF 0.23, de no cumplir la condici\u00f3n anterior.<\/li><li>Cr\u00e9dito de consumo hasta con 20% de descuento en la tasa.<\/li><li>Posibilidad de acceder a descuentos en refinanciamiento y cr\u00e9dito hipotecario.<\/li><li>Charlas de educaci\u00f3n financiera.<\/li><\/ul>\n<\/div>\n\n\n\n<div class=\"wp-block-column\"><\/div>\n<\/div>\n\n\n\n<hr class=\"wp-block-separator\"\/>\n\n\n\n<div class=\"wp-block-columns\">\n<div class=\"wp-block-column\" style=\"flex-basis:33.33%\">\n<div class=\"wp-block-image is-style-default\"><figure class=\"aligncenter size-medium\"><img loading=\"lazy\" width=\"300\" height=\"200\" src=\"https:\/\/www.colegiodentistas.cl\/inicio\/wp-content\/uploads\/2022\/02\/banco-estado-450-300-300x200.png\" alt=\"\" class=\"wp-image-12956896\" srcset=\"https:\/\/www.colegiodentistas.cl\/inicio\/wp-content\/uploads\/2022\/02\/banco-estado-450-300-300x200.png 300w, https:\/\/www.colegiodentistas.cl\/inicio\/wp-content\/uploads\/2022\/02\/banco-estado-450-300-100x67.png 100w, https:\/\/www.colegiodentistas.cl\/inicio\/wp-content\/uploads\/2022\/02\/banco-estado-450-300-400x267.png 400w, https:\/\/www.colegiodentistas.cl\/inicio\/wp-content\/uploads\/2022\/02\/banco-estado-450-300.png 450w\" sizes=\"(max-width: 300px) 100vw, 300px\" \/><\/figure><\/div>\n<\/div>\n\n\n\n<div class=\"wp-block-column\" style=\"flex-basis:66.66%\">\n<p class=\"has-large-font-size\"><strong>BancoEstado<\/strong><\/p>\n\n\n\n<p><em>Pr\u00f3ximamente m\u00e1s informaci\u00f3n<\/em><\/p>\n<\/div>\n<\/div>\n\n\n\n<hr class=\"wp-block-separator\"\/>\n","protected":false},"excerpt":{"rendered":"<p>Banco de Chile Vigencia | 31 de diciembre de 2024 Convenio a nivel nacional Contacto Jefa de Plataforma Preferente | Paula Mirandapmirandag@bancochile.clTel\u00e9fono: +562 2468 0781 Encargada de Convenio | Judith Nilojnilo@bancochile.cl Beneficios Personas Costo $0 en Plan Cuenta Corriente los primeros 6 meses. Tarifa preferencial costo $0 a partir del mes 7 si mantiene abono de remuneraciones + tarjeta de cr\u00e9dito. Tarifa base con costo UF 0.23, de no cumplir la condici\u00f3n anterior. Cr\u00e9dito de consumo hasta con 20% de descuento en la tasa. Posibilidad de acceder a descuentos en refinanciamiento y cr\u00e9dito hipotecario. Charlas de educaci\u00f3n financiera. BancoEstado Pr\u00f3ximamente [&hellip;]<\/p>\n","protected":false},"author":7,"featured_media":0,"parent":4494,"menu_order":0,"comment_status":"closed","ping_status":"closed","template":"","meta":[],"_links":{"self":[{"href":"https:\/\/www.colegiodentistas.cl\/inicio\/wp-json\/wp\/v2\/pages\/8498583"}],"collection":[{"href":"https:\/\/www.colegiodentistas.cl\/inicio\/wp-json\/wp\/v2\/pages"}],"about":[{"href":"https:\/\/www.colegiodentistas.cl\/inicio\/wp-json\/wp\/v2\/types\/page"}],"author":[{"embeddable":true,"href":"https:\/\/www.colegiodentistas.cl\/inicio\/wp-json\/wp\/v2\/users\/7"}],"replies":[{"embeddable":true,"href":"https:\/\/www.colegiodentistas.cl\/inicio\/wp-json\/wp\/v2\/comments?post=8498583"}],"version-history":[{"count":10,"href":"https:\/\/www.colegiodentistas.cl\/inicio\/wp-json\/wp\/v2\/pages\/8498583\/revisions"}],"predecessor-version":[{"id":19546226,"href":"https:\/\/www.colegiodentistas.cl\/inicio\/wp-json\/wp\/v2\/pages\/8498583\/revisions\/19546226"}],"up":[{"embeddable":true,"href":"https:\/\/www.colegiodentistas.cl\/inicio\/wp-json\/wp\/v2\/pages\/4494"}],"wp:attachment":[{"href":"https:\/\/www.colegiodentistas.cl\/inicio\/wp-json\/wp\/v2\/media?parent=8498583"}],"curies":[{"name":"wp","href":"https:\/\/api.w.org\/{rel}","templated":true}]}}