{"id":8373,"date":"2018-09-03T11:34:09","date_gmt":"2018-09-03T14:34:09","guid":{"rendered":"http:\/\/www.colegiodentistas.cl\/inicio\/?page_id=8373"},"modified":"2018-10-18T17:10:40","modified_gmt":"2018-10-18T20:10:40","slug":"congresoedf","status":"publish","type":"page","link":"https:\/\/www.colegiodentistas.cl\/inicio\/congresoedf\/","title":{"rendered":"IV Congreso Nacional de Dentistas EDF: Odontolog\u00eda Integrativa y nuevos paradigmas"},"content":{"rendered":"<p style=\"text-align: justify;\">El 15 y 16 de noviembre se realizar\u00e1 el IV Congreso Nacional de Dentistas EDF: Odontolog\u00eda Integrativa y nuevos paradigmas.\u00a0La actividad ser\u00e1 en la sede nacional del Colegio de Cirujano Dentistas de Chile, ubicada en Avda. Santa Mar\u00eda 1990.<\/p>\n<p style=\"text-align: justify;\">Se podr\u00e1 optar a la certificaci\u00f3n y presentaci\u00f3n de\u00a0textos en dos categor\u00edas: Casos Cl\u00ednicos y Trabajos de investigaci\u00f3n. Pueden participar, tanto en calidad de asistente o autor\/expositor, estudiantes de pregrado de la carrera de Odontolog\u00eda\u00a0(que sean alumnos regulares de una casa de estudio) o cirujano dentistas titulados.<\/p>\n<p style=\"text-align: justify;\"><span style=\"text-decoration: underline;\"><strong>Expositores y tem\u00e1ticas:<\/strong><\/span><\/p>\n<p style=\"text-align: justify;\">Dra. Ver\u00f3nica Iturriaga- Actualizaci\u00f3n en la etiolog\u00eda y manejo del bruxismo en ni\u00f1os (Parte 1).<br \/>\nDr. Hern\u00e1n Ram\u00edrez - Manejo de Pacientes sist\u00e9micamente comprometidos (Parte 1).<br \/>\nDr. Guillermo Moreno- Hallazgos Radiogr\u00e1ficos.<br \/>\nDra. Andrea Maturana - Des\u00f3rdenes potencialmente malignos.<br \/>\nDr. Thomas Bornhardt - Actualizaci\u00f3n en la etiolog\u00eda y manejo del bruxismo en ni\u00f1os (Parte 2).<br \/>\nDra. Camila Foncea Riquelme - Manejo de pacientes sist\u00e9micamente comprometidos (Parte 2).<br \/>\nDra. Mar\u00eda Consuelo Fresno - Hipomineralizaci\u00f3n incisivo- molar. Un desaf\u00edo para la odontolog\u00eda.<br \/>\nDr. Luis C\u00f3rdova- Lesiones \u00f3seas y su manejo.<\/p>\n<div style=\"text-align: justify;\">Adem\u00e1s de los expositores indicados, los cuales son de renombre nacional, se realizar\u00e1 una charla donde se explicar\u00e1\u00a0c\u00f3mo postular a la Etapa de Destinaci\u00f3n y Formaci\u00f3n, y lo que significa ser un cirujano dentista EDF.<\/div>\n<p style=\"text-align: justify;\"><span style=\"text-decoration: underline;\"><strong>Presentaci\u00f3n de trabajos:<\/strong><\/span><\/p>\n<p><strong>Caso Cl\u00ednico (CC)<\/strong><\/p>\n<ul>\n<li style=\"text-align: justify;\">Corresponde a la descripci\u00f3n ordenada tanto de los acontecimientos que ocurren a un paciente en el curso de una enfermedad como de los datos complementarios proporcionados por los procedimientos diagn\u00f3sticos, el curso del razonamiento cl\u00ednico, la conclusi\u00f3n diagn\u00f3stica, el tratamiento empleado y la evoluci\u00f3n de la enfermedad.<\/li>\n<\/ul>\n<p><strong>\u00a0<\/strong><strong>Trabajo de Investigaci\u00f3n (TI)<\/strong><\/p>\n<ul>\n<li style=\"text-align: justify;\">Procedimiento cient\u00edfico destinado a recabar informaci\u00f3n y formular hip\u00f3tesis sobre un determinado fen\u00f3meno social o cient\u00edfico, en este caso deber\u00e1 ser atingente al \u00e1rea odontol\u00f3gica.<\/li>\n<\/ul>\n<p style=\"text-align: justify;\"><strong>Postulaci\u00f3n de los trabajos:<\/strong><\/p>\n<ul style=\"text-align: justify;\">\n<li>Podr\u00e1n postular todos aquellos trabajos encasillados en las categor\u00edas de CC o TI, realizados por estudiantes o profesionales<\/li>\n<li>Los CC o TI deben ser in\u00e9ditos, es decir, no pueden haber sido presentados y\/o publicados en otros congresos y\/o revistas, ya sean del \u00e1mbito nacional o internacion<\/li>\n<li>Solo se aceptar\u00e1 un m\u00e1ximo de 3 autores por trabajo, independiente de la categor\u00eda.<\/li>\n<\/ul>\n<p style=\"text-align: justify;\"><strong>Env\u00edo de los trabajos:<\/strong><\/p>\n<ul>\n<li style=\"text-align: justify;\">Los res\u00famenes de los trabajos ser\u00e1n recepcionados v\u00eda formulario web en el enlace <a href=\"https:\/\/goo.gl\/forms\/D81lV0VQ7lZ76LOz1\">https:\/\/goo.gl\/forms\/D81lV0VQ7lZ76LOz1<\/a>, hasta las 23:59 hrs del <strong>d\u00eda 22\u00a0de octubre de 2018<\/strong>.<\/li>\n<li style=\"text-align: justify;\">Los trabajos recepcionados ser\u00e1n sometidos a un proceso de evaluaci\u00f3n y selecci\u00f3n a ciegas (sin nombres de autores) por un comit\u00e9 colaborador externo a la organizaci\u00f3n del congreso.<\/li>\n<\/ul>\n<p style=\"text-align: justify;\"><span style=\"text-decoration: underline;\"><strong>Documentos descargables:<\/strong><\/span><\/p>\n<p style=\"text-align: justify;\"><a href=\"https:\/\/www.colegiodentistas.cl\/inicio\/wp-content\/uploads\/2018\/09\/BASES-IV-CONGRESO-NACIONAL-CIENT\u00cdFICO-ACTUALIZADA.docx\">Bases<\/a><br \/>\n<a href=\"https:\/\/docs.google.com\/forms\/d\/e\/1FAIpQLSeN_fGv49rZsK9enR6SsI0VA7qhUTA1m-YgdQt4Cdnuo_Pd7g\/viewform\">Formulario de inscripci\u00f3n<br \/>\n<\/a><a href=\"https:\/\/goo.gl\/forms\/D81lV0VQ7lZ76LOz1\">Env\u00edo de res\u00famenes\u00a0<\/a><\/p>\n<div><\/div>\n<div><strong>Valores<\/strong><\/div>\n<ul>\n<li>Estudiantes de Pregrado:\u00a020.000.<\/li>\n<li><span style=\"text-decoration: underline;\">Cirujano Dentistas Colegiados: 20.000.<\/span><\/li>\n<li>Cirujano Dentistas NO Colegiados: 50.000.<\/li>\n<\/ul>\n<p>M\u00e1s informaci\u00f3n en www.colegiodentistas.cl<br \/>\nConsultas: dentistasedf@gmail.com<\/p>\n<p>&nbsp;<\/p>\n<p><img loading=\"lazy\" class=\"alignnone\" src=\"https:\/\/www.colegiodentistas.cl\/inicio\/wp-content\/uploads\/2018\/09\/IVcongreso-2.png\" width=\"1006\" height=\"1402\" \/><\/p>\n","protected":false},"excerpt":{"rendered":"<p>El 15 y 16 de noviembre se realizar\u00e1 el IV Congreso Nacional de Dentistas EDF: Odontolog\u00eda Integrativa y nuevos paradigmas.\u00a0La actividad ser\u00e1 en la sede nacional del Colegio de Cirujano Dentistas de Chile, ubicada en Avda. Santa Mar\u00eda 1990. Se podr\u00e1 optar a la certificaci\u00f3n y presentaci\u00f3n de\u00a0textos en dos categor\u00edas: Casos Cl\u00ednicos y Trabajos de investigaci\u00f3n. Pueden participar, tanto en calidad de asistente o autor\/expositor, estudiantes de pregrado de la carrera de Odontolog\u00eda\u00a0(que sean alumnos regulares de una casa de estudio) o cirujano dentistas titulados. Expositores y tem\u00e1ticas: Dra. Ver\u00f3nica Iturriaga- Actualizaci\u00f3n en la etiolog\u00eda y manejo del bruxismo [&hellip;]<\/p>\n","protected":false},"author":7,"featured_media":9006,"parent":0,"menu_order":0,"comment_status":"closed","ping_status":"closed","template":"","meta":[],"_links":{"self":[{"href":"https:\/\/www.colegiodentistas.cl\/inicio\/wp-json\/wp\/v2\/pages\/8373"}],"collection":[{"href":"https:\/\/www.colegiodentistas.cl\/inicio\/wp-json\/wp\/v2\/pages"}],"about":[{"href":"https:\/\/www.colegiodentistas.cl\/inicio\/wp-json\/wp\/v2\/types\/page"}],"author":[{"embeddable":true,"href":"https:\/\/www.colegiodentistas.cl\/inicio\/wp-json\/wp\/v2\/users\/7"}],"replies":[{"embeddable":true,"href":"https:\/\/www.colegiodentistas.cl\/inicio\/wp-json\/wp\/v2\/comments?post=8373"}],"version-history":[{"count":10,"href":"https:\/\/www.colegiodentistas.cl\/inicio\/wp-json\/wp\/v2\/pages\/8373\/revisions"}],"predecessor-version":[{"id":9009,"href":"https:\/\/www.colegiodentistas.cl\/inicio\/wp-json\/wp\/v2\/pages\/8373\/revisions\/9009"}],"wp:featuredmedia":[{"embeddable":true,"href":"https:\/\/www.colegiodentistas.cl\/inicio\/wp-json\/wp\/v2\/media\/9006"}],"wp:attachment":[{"href":"https:\/\/www.colegiodentistas.cl\/inicio\/wp-json\/wp\/v2\/media?parent=8373"}],"curies":[{"name":"wp","href":"https:\/\/api.w.org\/{rel}","templated":true}]}}