{"id":8293,"date":"2018-08-23T10:35:10","date_gmt":"2018-08-23T13:35:10","guid":{"rendered":"http:\/\/www.colegiodentistas.cl\/inicio\/?page_id=8293"},"modified":"2024-03-18T21:44:39","modified_gmt":"2024-03-19T00:44:39","slug":"otros-servicios","status":"publish","type":"page","link":"https:\/\/www.colegiodentistas.cl\/inicio\/convenios\/otros-servicios\/","title":{"rendered":"Otros servicios"},"content":{"rendered":"\n<div class=\"wp-block-columns\">\n<div class=\"wp-block-column\" style=\"flex-basis:33.33%\">\n<figure class=\"wp-block-image size-medium is-style-default\"><a href=\"https:\/\/funerariaivanmartinez.cl\/\" target=\"_blank\" rel=\"noopener\"><img loading=\"lazy\" width=\"300\" height=\"201\" src=\"https:\/\/www.colegiodentistas.cl\/inicio\/wp-content\/uploads\/2022\/02\/funerarias-ivan-martinez-450-300-300x201.png\" alt=\"\" class=\"wp-image-12987340\" srcset=\"https:\/\/www.colegiodentistas.cl\/inicio\/wp-content\/uploads\/2022\/02\/funerarias-ivan-martinez-450-300-300x201.png 300w, https:\/\/www.colegiodentistas.cl\/inicio\/wp-content\/uploads\/2022\/02\/funerarias-ivan-martinez-450-300-100x67.png 100w, https:\/\/www.colegiodentistas.cl\/inicio\/wp-content\/uploads\/2022\/02\/funerarias-ivan-martinez-450-300-400x268.png 400w, https:\/\/www.colegiodentistas.cl\/inicio\/wp-content\/uploads\/2022\/02\/funerarias-ivan-martinez-450-300.png 450w\" sizes=\"(max-width: 300px) 100vw, 300px\" \/><\/a><\/figure>\n<\/div>\n\n\n\n<div class=\"wp-block-column\" style=\"flex-basis:66.66%\">\n<p class=\"has-vivid-cyan-blue-color has-text-color has-large-font-size\"><strong><a rel=\"noreferrer noopener\" href=\"https:\/\/funerariaivanmartinez.cl\/\" target=\"_blank\"><span style=\"text-decoration: underline;\">Funerarias Iv\u00e1n Mart\u00ednez<\/span><\/a><\/strong><\/p>\n\n\n\n<p class=\"has-medium-font-size\"><strong>Vigencia | <\/strong>31 de diciembre de 2024<\/p>\n\n\n\n<p>El \u00e1rea de prestaci\u00f3n de servicios es dentro de la Regi\u00f3n Metropolitana, fuera de dicho per\u00edmetro, tendr\u00e1 valores adicionales.<\/p>\n<\/div>\n<\/div>\n\n\n\n<div class=\"wp-block-columns\">\n<div class=\"wp-block-column\">\n<p><strong>Contacto<\/strong><\/p>\n\n\n\n<p>L\u00ednea telef\u00f3nica de convenios<br>+569 6748 0520<\/p>\n\n\n\n<p><span style=\"text-decoration: underline;\">Nathalie Neira<\/span><br><a href=\"mailto:nathalie.neira@funerariaim.cl\" target=\"_blank\" rel=\"noreferrer noopener\"><\/a><a rel=\"noreferrer noopener\" href=\"mailto:nathalie.neira@funerariaim.cl\" target=\"_blank\">nathalie.neira@funerariaim.cl<\/a><br>+569 7776 1548<\/p>\n\n\n\n<p><span style=\"text-decoration: underline;\">Arnold Gonz\u00e1lez<\/span><br><a rel=\"noreferrer noopener\" href=\"mailto:arnold.gonzalez@funerariaim.cl\" target=\"_blank\">arnold.gonzalez@funerariaim.cl<\/a><br>+569 6738 3609<\/p>\n\n\n\n<hr class=\"wp-block-separator\"\/>\n<\/div>\n\n\n\n<div class=\"wp-block-column\">\n<p><strong>Beneficios<\/strong><\/p>\n\n\n\n<p>Servicios funerarios con 20% de descuento.<\/p>\n\n\n\n<hr class=\"wp-block-separator\"\/>\n<\/div>\n\n\n\n<div class=\"wp-block-column\">\n<p><strong>Servicios<\/strong><\/p>\n\n\n\n<ul><li>Cofre de madera barnizada.<\/li><li>Capilla ardiente, (luces o cirios) tarjetero y cruz* (*optativo).<\/li><li>Libro de condolencias.<\/li><li>Tarjetas de condolencias.<\/li><li>Traslados sin costo dentro de la Regi\u00f3n Metropolitana.<\/li><li>Carroza panor\u00e1mica.<\/li><li>Veh\u00edculo de acompa\u00f1amiento.<\/li><li>Tramitaci\u00f3n Legal en el Registro Civil.<\/li><li>Asesor\u00eda psicol\u00f3gica y legal, gratuita.<\/li><\/ul>\n\n\n\n<p><em>Beneficios diferenciadores sin costo por convenio<\/em>.<\/p>\n<\/div>\n<\/div>\n\n\n\n<hr class=\"wp-block-separator\"\/>\n\n\n\n<div class=\"wp-block-columns\">\n<div class=\"wp-block-column\" style=\"flex-basis:33.33%\">\n<figure class=\"wp-block-image size-medium is-style-default\"><a href=\"https:\/\/www.essencemporium.cl\/\" target=\"_blank\" rel=\"noopener\"><img loading=\"lazy\" width=\"300\" height=\"201\" src=\"https:\/\/www.colegiodentistas.cl\/inicio\/wp-content\/uploads\/2022\/02\/essencemporium-450-300-1-300x201.png\" alt=\"\" class=\"wp-image-12987738\" srcset=\"https:\/\/www.colegiodentistas.cl\/inicio\/wp-content\/uploads\/2022\/02\/essencemporium-450-300-1-300x201.png 300w, https:\/\/www.colegiodentistas.cl\/inicio\/wp-content\/uploads\/2022\/02\/essencemporium-450-300-1-100x67.png 100w, https:\/\/www.colegiodentistas.cl\/inicio\/wp-content\/uploads\/2022\/02\/essencemporium-450-300-1-400x268.png 400w, https:\/\/www.colegiodentistas.cl\/inicio\/wp-content\/uploads\/2022\/02\/essencemporium-450-300-1.png 450w\" sizes=\"(max-width: 300px) 100vw, 300px\" \/><\/a><\/figure>\n<\/div>\n\n\n\n<div class=\"wp-block-column\" style=\"flex-basis:66.66%\">\n<p class=\"has-vivid-cyan-blue-color has-text-color has-large-font-size\"><strong><a rel=\"noreferrer noopener\" href=\"https:\/\/essencemporium.cl\/convenios-disponibles\/\" target=\"_blank\"><span style=\"text-decoration: underline;\">Essence Emporium - Ropa de cama<\/span><\/a><span style=\"text-decoration: underline;\"> calidad premium<\/span><\/strong> <\/p>\n\n\n\n<p class=\"has-medium-font-size\"><strong>Vigencia<\/strong> | 31 de diciembre de 2024<\/p>\n\n\n\n<p>Convenio a nivel nacional.<\/p>\n\n\n\n<p>Plumones y almohadas 100% pluma de pecho, s\u00e1banas 100% algod\u00f3n egipcio 500 Hilos, fundas almohadas 100% seda natural, etc.<\/p>\n<\/div>\n<\/div>\n\n\n\n<div class=\"wp-block-columns\">\n<div class=\"wp-block-column\">\n<p><strong>Comprar es f\u00e1cil<\/strong><\/p>\n\n\n\n<ul><li>Ingresa a <a rel=\"noreferrer noopener\" href=\"https:\/\/www.essencemporium.cl\/\" target=\"_blank\">www.essencemporium.cl<\/a><\/li><li>Elige los productos y confirma la compra<\/li><li>Ingresa la clave cup\u00f3n de descuento: <strong>dentistasbeneficios<\/strong><\/li><\/ul>\n\n\n\n<p>\u00a1Lista la compra y el descuento!<\/p>\n\n\n\n<ul class=\"has-small-font-size\"><li>Despacho en 24h a todo el pa\u00eds.<\/li><li>Flete gratis dentro de Santiago<\/li><li>Fuera de Santiago y regiones, por pagar cliente en destino<\/li><\/ul>\n\n\n\n<hr class=\"wp-block-separator\"\/>\n<\/div>\n\n\n\n<div class=\"wp-block-column\">\n<p><strong>Beneficios<\/strong><\/p>\n\n\n\n<ul><li>15% de descuento sobre el precio lista de la p\u00e1gina.<\/li><li>Descuentos adicionales sobre productos por promociones.<\/li><li>Garant\u00eda de 2 a\u00f1os en todos los productos.<\/li><\/ul>\n<\/div>\n<\/div>\n\n\n\n<hr class=\"wp-block-separator\"\/>\n\n\n\n<div class=\"wp-block-columns\">\n<div class=\"wp-block-column\" style=\"flex-basis:33.33%\">\n<figure class=\"wp-block-image size-medium is-style-default\"><a href=\"https:\/\/academiainpact.cl\/\" target=\"_blank\" rel=\"noopener\"><img loading=\"lazy\" width=\"300\" height=\"201\" src=\"https:\/\/www.colegiodentistas.cl\/inicio\/wp-content\/uploads\/2022\/02\/academia-inpact-450-300-300x201.png\" alt=\"\" class=\"wp-image-13000359\" srcset=\"https:\/\/www.colegiodentistas.cl\/inicio\/wp-content\/uploads\/2022\/02\/academia-inpact-450-300-300x201.png 300w, https:\/\/www.colegiodentistas.cl\/inicio\/wp-content\/uploads\/2022\/02\/academia-inpact-450-300-100x67.png 100w, https:\/\/www.colegiodentistas.cl\/inicio\/wp-content\/uploads\/2022\/02\/academia-inpact-450-300-400x268.png 400w, https:\/\/www.colegiodentistas.cl\/inicio\/wp-content\/uploads\/2022\/02\/academia-inpact-450-300.png 450w\" sizes=\"(max-width: 300px) 100vw, 300px\" \/><\/a><\/figure>\n<\/div>\n\n\n\n<div class=\"wp-block-column\" style=\"flex-basis:66.66%\">\n<p class=\"has-vivid-cyan-blue-color has-text-color has-large-font-size\"><a href=\"https:\/\/academiainpact.cl\/\" target=\"_blank\" rel=\"noreferrer noopener\"><strong><span style=\"text-decoration: underline;\">Academia Inpact<\/span><\/strong><\/a><\/p>\n\n\n\n<p class=\"has-medium-font-size\"><strong>Vigencia<\/strong> | 31 de diciembre de 2022<\/p>\n\n\n\n<p>Convenio a nivel nacional<\/p>\n<\/div>\n<\/div>\n\n\n\n<div class=\"wp-block-columns\">\n<div class=\"wp-block-column\">\n<p><strong>Contacto<\/strong><\/p>\n\n\n\n<p><a href=\"https:\/\/academiainpact.cl\/\" target=\"_blank\" rel=\"noreferrer noopener\">academiainpact.cl<\/a><\/p>\n\n\n\n<p><a href=\"mailto:contacto@academiainpact.cl\" target=\"_blank\" rel=\"noreferrer noopener\">contacto@academiainpact.cl<\/a><\/p>\n\n\n\n<p>WhatsApp +569 7433 9836<br>Fono +562 2616 9100<\/p>\n<\/div>\n\n\n\n<div class=\"wp-block-column\">\n<p><strong>Beneficios<\/strong><\/p>\n\n\n\n<ul><li>Descuento del 25% en programas de formaci\u00f3n y desarrollo profesional.<\/li><li>Diplomado Hipnosis Cl\u00ednica.<\/li><li>Mentoring Profesional.<\/li><li>Diplomado en Programaci\u00f3n Neuroling\u00fc\u00edstica.<\/li><li>Diplomado en Coaching Integral.<\/li><\/ul>\n\n\n\n<p><\/p>\n<\/div>\n<\/div>\n\n\n\n<hr class=\"wp-block-separator\"\/>\n\n\n\n<div class=\"wp-block-columns\">\n<div class=\"wp-block-column\" style=\"flex-basis:33.33%\">\n<figure class=\"wp-block-image size-medium is-style-default\"><a href=\"https:\/\/www.retidiag.com\/\" target=\"_blank\" rel=\"noopener\"><img loading=\"lazy\" width=\"300\" height=\"201\" src=\"https:\/\/www.colegiodentistas.cl\/inicio\/wp-content\/uploads\/2022\/02\/retidiag-450-300-300x201.png\" alt=\"\" class=\"wp-image-13001686\" srcset=\"https:\/\/www.colegiodentistas.cl\/inicio\/wp-content\/uploads\/2022\/02\/retidiag-450-300-300x201.png 300w, https:\/\/www.colegiodentistas.cl\/inicio\/wp-content\/uploads\/2022\/02\/retidiag-450-300-100x67.png 100w, https:\/\/www.colegiodentistas.cl\/inicio\/wp-content\/uploads\/2022\/02\/retidiag-450-300-400x268.png 400w, https:\/\/www.colegiodentistas.cl\/inicio\/wp-content\/uploads\/2022\/02\/retidiag-450-300.png 450w\" sizes=\"(max-width: 300px) 100vw, 300px\" \/><\/a><\/figure>\n<\/div>\n\n\n\n<div class=\"wp-block-column\" style=\"flex-basis:66.66%\">\n<p class=\"has-vivid-cyan-blue-color has-text-color has-large-font-size\"><a href=\"https:\/\/www.retidiag.com\/\" target=\"_blank\" rel=\"noreferrer noopener\"><strong><span style=\"text-decoration: underline;\">Retidiag<\/span><\/strong><\/a><\/p>\n\n\n\n<p class=\"has-medium-font-size\"><strong>Vigencia<\/strong> | 31 de diciembre de 2022<\/p>\n\n\n\n<p>Convenio a nivel nacional<\/p>\n<\/div>\n<\/div>\n\n\n\n<div class=\"wp-block-columns\">\n<div class=\"wp-block-column\">\n<p><strong>Contacto<\/strong><\/p>\n\n\n\n<p><a href=\"https:\/\/www.retidiag.com\/\" target=\"_blank\" rel=\"noreferrer noopener\">www.retidiag.com<\/a><\/p>\n\n\n\n<p><a href=\"mailto:info@retidiag.com\" target=\"_blank\" rel=\"noreferrer noopener\">info@retidiag.com<\/a><\/p>\n\n\n\n<p>+562 2481 6886<br>+562 2481 6887<\/p>\n<\/div>\n\n\n\n<div class=\"wp-block-column\">\n<p><strong>Servicio de Atenci\u00f3n Oftalmol\u00f3gica m\u00f3vil<\/strong><\/p>\n\n\n\n<ul><li>Profesionales acreditados por la Superintendencia de Salud.<\/li><li>Acceso a examen de retina evaluado por oftalm\u00f3logos a trav\u00e9s de telemedicina.<\/li><li>Evaluaci\u00f3n para prescripci\u00f3n de lentes.<\/li><\/ul>\n<\/div>\n<\/div>\n\n\n\n<p><\/p>\n","protected":false},"excerpt":{"rendered":"<p>Funerarias Iv\u00e1n Mart\u00ednez Vigencia | 31 de diciembre de 2024 El \u00e1rea de prestaci\u00f3n de servicios es dentro de la Regi\u00f3n Metropolitana, fuera de dicho per\u00edmetro, tendr\u00e1 valores adicionales. Contacto L\u00ednea telef\u00f3nica de convenios+569 6748 0520 Nathalie Neiranathalie.neira@funerariaim.cl+569 7776 1548 Arnold Gonz\u00e1lezarnold.gonzalez@funerariaim.cl+569 6738 3609 Beneficios Servicios funerarios con 20% de descuento. Servicios Cofre de madera barnizada. Capilla ardiente, (luces o cirios) tarjetero y cruz* (*optativo). Libro de condolencias. Tarjetas de condolencias. Traslados sin costo dentro de la Regi\u00f3n Metropolitana. Carroza panor\u00e1mica. Veh\u00edculo de acompa\u00f1amiento. Tramitaci\u00f3n Legal en el Registro Civil. Asesor\u00eda psicol\u00f3gica y legal, gratuita. Beneficios diferenciadores sin costo por [&hellip;]<\/p>\n","protected":false},"author":7,"featured_media":0,"parent":4494,"menu_order":0,"comment_status":"closed","ping_status":"closed","template":"","meta":[],"_links":{"self":[{"href":"https:\/\/www.colegiodentistas.cl\/inicio\/wp-json\/wp\/v2\/pages\/8293"}],"collection":[{"href":"https:\/\/www.colegiodentistas.cl\/inicio\/wp-json\/wp\/v2\/pages"}],"about":[{"href":"https:\/\/www.colegiodentistas.cl\/inicio\/wp-json\/wp\/v2\/types\/page"}],"author":[{"embeddable":true,"href":"https:\/\/www.colegiodentistas.cl\/inicio\/wp-json\/wp\/v2\/users\/7"}],"replies":[{"embeddable":true,"href":"https:\/\/www.colegiodentistas.cl\/inicio\/wp-json\/wp\/v2\/comments?post=8293"}],"version-history":[{"count":9,"href":"https:\/\/www.colegiodentistas.cl\/inicio\/wp-json\/wp\/v2\/pages\/8293\/revisions"}],"predecessor-version":[{"id":19546555,"href":"https:\/\/www.colegiodentistas.cl\/inicio\/wp-json\/wp\/v2\/pages\/8293\/revisions\/19546555"}],"up":[{"embeddable":true,"href":"https:\/\/www.colegiodentistas.cl\/inicio\/wp-json\/wp\/v2\/pages\/4494"}],"wp:attachment":[{"href":"https:\/\/www.colegiodentistas.cl\/inicio\/wp-json\/wp\/v2\/media?parent=8293"}],"curies":[{"name":"wp","href":"https:\/\/api.w.org\/{rel}","templated":true}]}}