{"id":7966,"date":"2018-08-01T18:34:47","date_gmt":"2018-08-01T22:34:47","guid":{"rendered":"http:\/\/www.colegiodentistas.cl\/inicio\/?page_id=7966"},"modified":"2025-12-17T16:54:49","modified_gmt":"2025-12-17T19:54:49","slug":"documentos-oficiales","status":"publish","type":"page","link":"https:\/\/www.colegiodentistas.cl\/inicio\/documentos-oficiales\/","title":{"rendered":"Documentos oficiales"},"content":{"rendered":"\n<p>La Secretar\u00eda Nacional del Colegio de Cirujanas y Cirujanos Dentistas de Chile A.G. deja a disposici\u00f3n de la comunidad colegiada los enlaces a los documentos oficiales de la Orden.<\/p>\n\n\n\n<hr class=\"wp-block-separator\"\/>\n\n\n\n<h3>Estatutos<\/h3>\n\n\n\n<ul><li><a rel=\"noreferrer noopener\" href=\"https:\/\/www.colegiodentistas.cl\/inicio\/wp-content\/uploads\/2025\/06\/Estatutos-Colegio-de-Cirujanas-y-Cirujanos-Dentistas-de-Chile-A.G.-DEFINITIVO.pdf\" target=\"_blank\"><span style=\"text-decoration: underline;\">Estatutos del Colegio de Cirujanas y Cirujanos Dentistas de Chile A.G.<\/span><\/a><\/li><\/ul>\n\n\n\n<hr class=\"wp-block-separator\"\/>\n\n\n\n<h3>Reglamentos<\/h3>\n\n\n\n<ul><li><a href=\"https:\/\/www.colegiodentistas.cl\/inicio\/wp-content\/uploads\/2025\/12\/Reglamento-Convencion-Nacional-1.pdf\" target=\"_blank\" rel=\"noreferrer noopener\">Reglamento de la <span style=\"text-decoration: underline;\"><strong>Convenci\u00f3n Nacional<\/strong><\/span><\/a><\/li><\/ul>\n\n\n\n<hr class=\"wp-block-separator\"\/>\n\n\n\n<ul><li><a href=\"https:\/\/www.colegiodentistas.cl\/inicio\/wp-content\/uploads\/2025\/04\/Reglamento-de-Elecciones.pdf\" target=\"_blank\" rel=\"noreferrer noopener\"><span style=\"text-decoration: underline;\">Reglamento de <strong>elecciones <\/strong>de Consejeros Nacionales y Consejeros Regionales<\/span><\/a><\/li><\/ul>\n\n\n\n<hr class=\"wp-block-separator\"\/>\n\n\n\n<ul><li><a rel=\"noreferrer noopener\" href=\"https:\/\/www.colegiodentistas.cl\/inicio\/wp-content\/uploads\/2024\/09\/Reglamento-para-la-prevencion-y-sancion-de-acciones-de-discriminacion_violencia-sexual-y-de-genero-CCDCH.pdf\" target=\"_blank\">Reglamento para la <strong>prevenci\u00f3n y sanci\u00f3n<\/strong> de acciones de discriminaci\u00f3n, violencia sexual y g\u00e9nero<\/a><\/li><\/ul>\n\n\n\n<hr class=\"wp-block-separator\"\/>\n\n\n\n<p><strong>Departamentos y cap\u00edtulos<\/strong><\/p>\n\n\n\n<ul><li><span style=\"text-decoration: underline;\"><a href=\"https:\/\/www.colegiodentistas.cl\/inicio\/wp-content\/uploads\/2025\/10\/Reglamento-de-Departamentos-del-Consejo-Nacional-1.pdf\" target=\"_blank\" rel=\"noreferrer noopener\">Reglamento de los Departamentos del Consejo Naciona<\/a><\/span><a rel=\"noreferrer noopener\" aria-label=\"Reglamento de los Departamentos del Consejo Nacional (opens in a new tab)\" href=\"https:\/\/www.colegiodentistas.cl\/inicio\/wp-content\/uploads\/2021\/04\/reglamento-de-departamentos-del-consejo-nacional.pdf\" target=\"_blank\"><span style=\"text-decoration: underline;\">l<\/span><\/a><ul><li><a rel=\"noreferrer noopener\" aria-label=\"Reglamento del Departamento de Acci\u00f3n Social (DAS) (opens in a new tab)\" href=\"https:\/\/www.colegiodentistas.cl\/inicio\/wp-content\/uploads\/2021\/04\/reglamento-departamento-accion-social-das-colegio-de-cirujano-dentistas-de-chile.pdf\" target=\"_blank\"><span style=\"text-decoration: underline;\">Reglamento del <strong>Departamento de Acci\u00f3n Social (DAS)<\/strong><\/span><\/a><\/li><li><a rel=\"noreferrer noopener\" aria-label=\"Reglamento del Departamento Cient\u00edfico (abrir en una nueva pesta\u00f1a)\" href=\"https:\/\/www.colegiodentistas.cl\/inicio\/wp-content\/uploads\/2020\/04\/Reglamento-Depto-Cientifico.pdf\" target=\"_blank\"><span style=\"text-decoration: underline;\">Reglamento del <strong>Departamento Cient\u00edfico<\/strong><\/span><\/a><ul><li><a rel=\"noreferrer noopener\" aria-label=\"Reglamento de Patrocinio y Auspicio (abrir en una nueva pesta\u00f1a)\" href=\"https:\/\/www.colegiodentistas.cl\/inicio\/wp-content\/uploads\/2020\/04\/Reglamento-Patrocinio-y-Auspicio-HCN-1367.pdf\" target=\"_blank\"><span style=\"text-decoration: underline;\">Reglamento de <strong>Patrocinio y Auspicio<\/strong> por el Departamento Cient\u00edfico<\/span><\/a><\/li><\/ul><\/li><\/ul><\/li><\/ul>\n\n\n\n<ul><li><a rel=\"noreferrer noopener\" aria-label=\"Reglamento de los Cap\u00edtulos Profesionales del Colegio de Cirujano Dentistas de Chile (abrir en una nueva pesta\u00f1a)\" href=\"https:\/\/www.colegiodentistas.cl\/inicio\/wp-content\/uploads\/2020\/04\/Reglamento-Capitulos-Profesionales.pdf\" target=\"_blank\"><span style=\"text-decoration: underline;\">Reglamento de los <strong>Cap\u00edtulos Profesionales<\/strong> del Colegio de Cirujanas y Cirujanos Dentistas de Chile<\/span><\/a><\/li><\/ul>\n\n\n\n<hr class=\"wp-block-separator\"\/>\n\n\n\n<p><strong>Afiliaci\u00f3n al Colegio<\/strong><\/p>\n\n\n\n<ul><li><a rel=\"noreferrer noopener\" aria-label=\"Reglamento de Afiliaci\u00f3n y Cuotas Sociales (abrir en una nueva pesta\u00f1a)\" href=\"https:\/\/www.colegiodentistas.cl\/inicio\/wp-content\/uploads\/2020\/04\/Reglamento-de-Afiliaci\u00f3n-y-Cuotas-Sociales.pdf\" target=\"_blank\"><span style=\"text-decoration: underline;\">Reglamento de Afiliaci\u00f3n y Cuotas Sociales<\/span><\/a><\/li><\/ul>\n\n\n\n<hr class=\"wp-block-separator\"\/>\n\n\n\n<p><strong>Premios<\/strong><\/p>\n\n\n\n<ul><li><span style=\"text-decoration: underline;\"><a rel=\"noreferrer noopener\" href=\"https:\/\/www.colegiodentistas.cl\/inicio\/wp-content\/uploads\/2022\/08\/reglamento-nominacion-entrega-premio-nacional-merito-gremial.pdf\" target=\"_blank\">Reglamento del <strong>Premio Nacional al M\u00e9rito Gremial Odontol\u00f3gico<\/strong><\/a><\/span><\/li><\/ul>\n\n\n\n<ul><li><a href=\"https:\/\/www.colegiodentistas.cl\/inicio\/wp-content\/uploads\/2024\/03\/Reglamento-Premio-Paulina-Starr-13-03-24.pdf\" target=\"_blank\" rel=\"noreferrer noopener\"><span style=\"text-decoration: underline;\">Reglamento del <strong>Premio Paulina Starr<\/strong><\/span><\/a><\/li><\/ul>\n\n\n\n<hr class=\"wp-block-separator\"\/>\n\n\n\n<p><strong>Sesiones<\/strong><\/p>\n\n\n\n<ul><li><span style=\"text-decoration: underline;\"><a href=\"https:\/\/www.colegiodentistas.cl\/inicio\/wp-content\/uploads\/2025\/10\/Reglamento-de-Sala-del-Colegio-de-Cirujanas-y-Cirujanos-Dentitas-de-Chile-A.G.-1.pdf\" target=\"_blank\" rel=\"noreferrer noopener\">Reglamento Interno de Sala<\/a><\/span><\/li><\/ul>\n\n\n\n<hr class=\"wp-block-separator\"\/>\n\n\n\n<h3>\u00c9tica<\/h3>\n\n\n\n<ul><li><a rel=\"noreferrer noopener\" href=\"https:\/\/www.colegiodentistas.cl\/inicio\/wp-content\/uploads\/2025\/01\/Co\u0301digo-de-E\u0301tica-CCDCh.pdf\" target=\"_blank\"><span style=\"text-decoration: underline;\">C\u00f3digo de \u00c9tica del Colegio de Cirujanas y Cirujanos Dentistas de Chile A.G.<\/span><\/a><\/li><\/ul>\n\n\n\n<ul><li><a rel=\"noreferrer noopener\" aria-label=\"Reglamento del C\u00f3digo de \u00c9tica (abrir en una nueva pesta\u00f1a)\" href=\"https:\/\/www.colegiodentistas.cl\/inicio\/wp-content\/uploads\/2020\/04\/REGLAMENTO-C\u00d3DIGO-DE-\u00c9TICA.pdf\" target=\"_blank\"><span style=\"text-decoration: underline;\">Reglamento del C\u00f3digo de \u00c9tica<\/span><\/a><\/li><\/ul>\n\n\n\n<ul><li><a rel=\"noreferrer noopener\" aria-label=\"Denuncia \u00e9tica (abrir en una nueva pesta\u00f1a)\" href=\"https:\/\/www.colegiodentistas.cl\/inicio\/wp-content\/uploads\/2020\/04\/DENUNCIA-\u00c9TICA.docx\" target=\"_blank\"><span style=\"text-decoration: underline;\">Formato (Word) para realizar una denuncia \u00e9tica<\/span><\/a><\/li><\/ul>\n\n\n\n<ul><li><span style=\"text-decoration: underline;\"><a href=\"https:\/\/www.colegiodentistas.cl\/inicio\/wp-content\/uploads\/2022\/05\/instructivo-solicitud-de-certificado-etico-2022-colegio-cirujano-dentistas-chile.pdf\" target=\"_blank\" rel=\"noreferrer noopener\">Solicitud de certificado de comportamiento \u00e9tico<\/a><\/span><\/li><\/ul>\n\n\n\n<hr class=\"wp-block-separator\"\/>\n\n\n\n<h3>Atenci\u00f3n odontol\u00f3gica<\/h3>\n\n\n\n<ul><li><a href=\"https:\/\/www.colegiodentistas.cl\/inicio\/wp-content\/uploads\/2024\/10\/Consentimiento-informado-general-para-tratamientos-odontolo\u0301gicos..doc\">Consentimiento informado general para tratamientos odontol\u00f3gicos<\/a><\/li><li><span style=\"text-decoration: underline;\"><a href=\"https:\/\/www.colegiodentistas.cl\/inicio\/wp-content\/uploads\/2024\/10\/Formato-de-Alta-disciplinaria-para-cirujano-dentistas.doc\">Formato de Alta Disciplinaria para Cirujano Dentistas<\/a><\/span><\/li><\/ul>\n\n\n\n<p><\/p>\n","protected":false},"excerpt":{"rendered":"<p>La Secretar\u00eda Nacional del Colegio de Cirujanas y Cirujanos Dentistas de Chile A.G. deja a disposici\u00f3n de la comunidad colegiada los enlaces a los documentos oficiales de la Orden. Estatutos Estatutos del Colegio de Cirujanas y Cirujanos Dentistas de Chile A.G. Reglamentos Reglamento de la Convenci\u00f3n Nacional Reglamento de elecciones de Consejeros Nacionales y Consejeros Regionales Reglamento para la prevenci\u00f3n y sanci\u00f3n de acciones de discriminaci\u00f3n, violencia sexual y g\u00e9nero Departamentos y cap\u00edtulos Reglamento de los Departamentos del Consejo Nacional Reglamento del Departamento de Acci\u00f3n Social (DAS) Reglamento del Departamento Cient\u00edfico Reglamento de Patrocinio y Auspicio por el Departamento Cient\u00edfico [&hellip;]<\/p>\n","protected":false},"author":7,"featured_media":0,"parent":0,"menu_order":0,"comment_status":"closed","ping_status":"closed","template":"","meta":[],"_links":{"self":[{"href":"https:\/\/www.colegiodentistas.cl\/inicio\/wp-json\/wp\/v2\/pages\/7966"}],"collection":[{"href":"https:\/\/www.colegiodentistas.cl\/inicio\/wp-json\/wp\/v2\/pages"}],"about":[{"href":"https:\/\/www.colegiodentistas.cl\/inicio\/wp-json\/wp\/v2\/types\/page"}],"author":[{"embeddable":true,"href":"https:\/\/www.colegiodentistas.cl\/inicio\/wp-json\/wp\/v2\/users\/7"}],"replies":[{"embeddable":true,"href":"https:\/\/www.colegiodentistas.cl\/inicio\/wp-json\/wp\/v2\/comments?post=7966"}],"version-history":[{"count":10,"href":"https:\/\/www.colegiodentistas.cl\/inicio\/wp-json\/wp\/v2\/pages\/7966\/revisions"}],"predecessor-version":[{"id":19548710,"href":"https:\/\/www.colegiodentistas.cl\/inicio\/wp-json\/wp\/v2\/pages\/7966\/revisions\/19548710"}],"wp:attachment":[{"href":"https:\/\/www.colegiodentistas.cl\/inicio\/wp-json\/wp\/v2\/media?parent=7966"}],"curies":[{"name":"wp","href":"https:\/\/api.w.org\/{rel}","templated":true}]}}