{"id":5490,"date":"2017-07-26T12:35:55","date_gmt":"2017-07-26T16:35:55","guid":{"rendered":"http:\/\/www.colegiodentistas.cl\/inicio\/?page_id=5490"},"modified":"2017-08-22T12:43:01","modified_gmt":"2017-08-22T15:43:01","slug":"docentes-curso-de-crecimiento-y-desarrollo-craneo-facial","status":"publish","type":"page","link":"https:\/\/www.colegiodentistas.cl\/inicio\/docentes-curso-de-crecimiento-y-desarrollo-craneo-facial\/","title":{"rendered":"Docentes Curso de Crecimiento y Desarrollo Cr\u00e1neo-Facial"},"content":{"rendered":"<p><strong>Dr. Juan Argando\u00f1a P.<\/strong><br \/>\nCirujano M\u00e1xilo \u2013 Facial. Jefe Unidad de Cirug\u00eda Bucal y M\u00e1xilo \u2013 Facial. Hospital San Juan de Dios. Profesor Adjunto Facultad de Odontolog\u00eda. Universidad de Chile.<\/p>\n<p><strong>Dr. Belfran Carbonell M.<\/strong><br \/>\nMagister en Odontolog\u00eda. Instituto de Gen\u00e9tica. Universidad Nacional de Colombia.<\/p>\n<p><strong>Dr. Juan Cort\u00e9s A.<\/strong><br \/>\nCirujano M\u00e1xilo - Facial. Hospital San Borja \u2013 Arriar\u00e1n Profesor Titular. Facultad de Odontolog\u00eda Universidad de Chile.<\/p>\n<p><strong>Dr. Alejandro D\u00edaz M.<\/strong><br \/>\nOrtodoncista. Unidad de Cirug\u00eda Bucal y M\u00e1xilo \u2013 Facial Hospital San Borja-Arriar\u00e1n Profesor Asistente. Facultad de Odontolog\u00eda Universidad de Chile.<\/p>\n<p><strong>Dra. Cynthia Margarit S.<\/strong><br \/>\nM\u00e9dico Cirujana. Especialista en Neurolog\u00eda Pedi\u00e1trica. Jefa de la Unidad de Neuro-Siquiatr\u00eda. Hospital San Juan de Dios.<\/p>\n<p><strong>Prof. Jacques Mercier<\/strong><br \/>\nCirujano M\u00e1xilo \u2013 Facial Jefe de la Unidad de Cirug\u00eda M\u00e1xilo \u2013 Facial y Estomatolog\u00eda Hospital Universitario de Nantes, Francia.<\/p>\n<p><strong>Dr. Roberto Pantoja P.<\/strong><br \/>\nCirujano M\u00e1xilo - Facial. Jefe Unidad de Cirug\u00eda Bucal y M\u00e1xilo - Facial Hospital San Borja \u2013 Arriar\u00e1n . Profesor Titular. Facultad de Odontolog\u00eda Universidad de Chile.<\/p>\n<p><strong>Dr. Miguel \u00c1ngel Perill\u00e1n L.<\/strong><br \/>\nM\u00e9dico \u2013 Cirujano. Especialista en Pediatr\u00eda Jefe Servicio de Pediatr\u00eda. Hospital San Juan de Dios.<\/p>\n<p><strong> Dra. Eileen Uribe-Querol<\/strong><br \/>\nCirujano Dentista. Neurobiolog\u00eda y Desarrollo Divisi\u00f3n de Estudios de Posgrado e Investigaci\u00f3n Facultad de Odontolog\u00eda Universidad Nacional Aut\u00f3noma de M\u00e9xico.<\/p>\n<p><strong>Prof. P\u00eda Villanueva B.<\/strong><br \/>\nFonoaudi\u00f3loga. Profesora Asociada Universidad de Chile. Departamento del Ni\u00f1o y Ortopedia Dento-Maxilar. Facultad de Odontolog\u00eda Universidad de Chile.<\/p>\n","protected":false},"excerpt":{"rendered":"<p>Dr. Juan Argando\u00f1a P. Cirujano M\u00e1xilo \u2013 Facial. Jefe Unidad de Cirug\u00eda Bucal y M\u00e1xilo \u2013 Facial. Hospital San Juan de Dios. Profesor Adjunto Facultad de Odontolog\u00eda. Universidad de Chile. Dr. Belfran Carbonell M. Magister en Odontolog\u00eda. Instituto de Gen\u00e9tica. Universidad Nacional de Colombia. Dr. Juan Cort\u00e9s A. Cirujano M\u00e1xilo &#8211; Facial. Hospital San Borja \u2013 Arriar\u00e1n Profesor Titular. Facultad de Odontolog\u00eda Universidad de Chile. Dr. Alejandro D\u00edaz M. Ortodoncista. Unidad de Cirug\u00eda Bucal y M\u00e1xilo \u2013 Facial Hospital San Borja-Arriar\u00e1n Profesor Asistente. Facultad de Odontolog\u00eda Universidad de Chile. Dra. Cynthia Margarit S. M\u00e9dico Cirujana. Especialista en Neurolog\u00eda Pedi\u00e1trica. Jefa [&hellip;]<\/p>\n","protected":false},"author":7,"featured_media":0,"parent":0,"menu_order":0,"comment_status":"closed","ping_status":"closed","template":"","meta":[],"_links":{"self":[{"href":"https:\/\/www.colegiodentistas.cl\/inicio\/wp-json\/wp\/v2\/pages\/5490"}],"collection":[{"href":"https:\/\/www.colegiodentistas.cl\/inicio\/wp-json\/wp\/v2\/pages"}],"about":[{"href":"https:\/\/www.colegiodentistas.cl\/inicio\/wp-json\/wp\/v2\/types\/page"}],"author":[{"embeddable":true,"href":"https:\/\/www.colegiodentistas.cl\/inicio\/wp-json\/wp\/v2\/users\/7"}],"replies":[{"embeddable":true,"href":"https:\/\/www.colegiodentistas.cl\/inicio\/wp-json\/wp\/v2\/comments?post=5490"}],"version-history":[{"count":1,"href":"https:\/\/www.colegiodentistas.cl\/inicio\/wp-json\/wp\/v2\/pages\/5490\/revisions"}],"predecessor-version":[{"id":5491,"href":"https:\/\/www.colegiodentistas.cl\/inicio\/wp-json\/wp\/v2\/pages\/5490\/revisions\/5491"}],"wp:attachment":[{"href":"https:\/\/www.colegiodentistas.cl\/inicio\/wp-json\/wp\/v2\/media?parent=5490"}],"curies":[{"name":"wp","href":"https:\/\/api.w.org\/{rel}","templated":true}]}}