{"id":4959,"date":"2017-05-16T11:35:34","date_gmt":"2017-05-16T15:35:34","guid":{"rendered":"http:\/\/www.colegiodentistas.cl\/inicio\/?page_id=4959"},"modified":"2017-05-16T11:35:34","modified_gmt":"2017-05-16T15:35:34","slug":"principales-exclusiones-scs","status":"publish","type":"page","link":"https:\/\/www.colegiodentistas.cl\/inicio\/principales-exclusiones-scs\/","title":{"rendered":"Principales exclusiones SCS"},"content":{"rendered":"<ul>\n<li>Tratamientos, visitas m\u00e9dicas, ex\u00e1menes, medicamentos, remedios o vacunas para el solo efecto preventivo.<\/li>\n<li>Hospitalizaciones para fines de reposo o psiqui\u00e1tricos, curas de reposo, cuidado sanitario, per\u00edodo de cuarentena o aislamientos.<\/li>\n<li>Para las nuevas incorporaciones: Cualquier enfermedad diagnosticada con anticipaci\u00f3n a la incorporaci\u00f3n a este seguro o enfermedades que est\u00e9n siendo sometidas a un proceso de estudio de diagn\u00f3stico al momento de suscribir o incorporarse al seguro de salud (preexistencias).<\/li>\n<li>Tratamientos por adicci\u00f3n a drogas o alcoholismo.<\/li>\n<li>S\u00edndrome de Inmunodeficiencia Adquirida (SIDA).<\/li>\n<li>Cirug\u00eda de reducci\u00f3n mamaria, aunque sean para fines terap\u00e9uticos.<\/li>\n<li>Los tratamientos est\u00e9ticos pl\u00e1sticos, dentales, ortop\u00e9dicos y otros tratamientos que sean para fines de embellecimiento o para corregir malformaciones producidas por enfermedades o accidentes anteriores a la fecha de vigencia de este contrato.<\/li>\n<li>Cirug\u00eda pl\u00e1stica o cosm\u00e9tica, a menos que sea necesitada por una lesi\u00f3n accidental que ocurra mientras el asegurado se encuentre amparado por la p\u00f3liza y que se encuentre especificada en las Condiciones Particulares de la p\u00f3liza contratada.<\/li>\n<li>Lesi\u00f3n, enfermedad o tratamiento causado por ingesti\u00f3n voluntaria de somn\u00edferos, barbit\u00faricos, drogas y dem\u00e1s sustancias de efectos an\u00e1logos o similares.<\/li>\n<li>No se cubren accidentes a causa de deportes de riesgo ni tampoco actividades laborales riesgosas sin evaluaci\u00f3n. (Alas Delta, Buceo, Paracaidismo, Andinismo, Monta\u00f1ismo, Carreras de Velocidad (Auto - Moto), Salto El\u00e1stico).<\/li>\n<li>Tratamientos por obesidad no m\u00f3rbida.<\/li>\n<li>Homeopat\u00edas o medicina natural, jabones y champ\u00fas especiales, filtros solares, cremas y lociones faciales, a\u00fan con fines terap\u00e9uticos.<\/li>\n<li>Alimentos y sustitutos alimenticios, aunque sean con fines terap\u00e9uticos.<\/li>\n<li>Insumos ambulatorios no asociados a cirug\u00eda ambulatoria.<\/li>\n<\/ul>\n","protected":false},"excerpt":{"rendered":"<p>Tratamientos, visitas m\u00e9dicas, ex\u00e1menes, medicamentos, remedios o vacunas para el solo efecto preventivo. Hospitalizaciones para fines de reposo o psiqui\u00e1tricos, curas de reposo, cuidado sanitario, per\u00edodo de cuarentena o aislamientos. Para las nuevas incorporaciones: Cualquier enfermedad diagnosticada con anticipaci\u00f3n a la incorporaci\u00f3n a este seguro o enfermedades que est\u00e9n siendo sometidas a un proceso de estudio de diagn\u00f3stico al momento de suscribir o incorporarse al seguro de salud (preexistencias). Tratamientos por adicci\u00f3n a drogas o alcoholismo. S\u00edndrome de Inmunodeficiencia Adquirida (SIDA). Cirug\u00eda de reducci\u00f3n mamaria, aunque sean para fines terap\u00e9uticos. Los tratamientos est\u00e9ticos pl\u00e1sticos, dentales, ortop\u00e9dicos y otros tratamientos que [&hellip;]<\/p>\n","protected":false},"author":7,"featured_media":0,"parent":0,"menu_order":0,"comment_status":"closed","ping_status":"closed","template":"","meta":[],"_links":{"self":[{"href":"https:\/\/www.colegiodentistas.cl\/inicio\/wp-json\/wp\/v2\/pages\/4959"}],"collection":[{"href":"https:\/\/www.colegiodentistas.cl\/inicio\/wp-json\/wp\/v2\/pages"}],"about":[{"href":"https:\/\/www.colegiodentistas.cl\/inicio\/wp-json\/wp\/v2\/types\/page"}],"author":[{"embeddable":true,"href":"https:\/\/www.colegiodentistas.cl\/inicio\/wp-json\/wp\/v2\/users\/7"}],"replies":[{"embeddable":true,"href":"https:\/\/www.colegiodentistas.cl\/inicio\/wp-json\/wp\/v2\/comments?post=4959"}],"version-history":[{"count":1,"href":"https:\/\/www.colegiodentistas.cl\/inicio\/wp-json\/wp\/v2\/pages\/4959\/revisions"}],"predecessor-version":[{"id":4960,"href":"https:\/\/www.colegiodentistas.cl\/inicio\/wp-json\/wp\/v2\/pages\/4959\/revisions\/4960"}],"wp:attachment":[{"href":"https:\/\/www.colegiodentistas.cl\/inicio\/wp-json\/wp\/v2\/media?parent=4959"}],"curies":[{"name":"wp","href":"https:\/\/api.w.org\/{rel}","templated":true}]}}