{"id":4552,"date":"2017-04-07T12:51:15","date_gmt":"2017-04-07T15:51:15","guid":{"rendered":"http:\/\/www.colegiodentistas.cl\/inicio\/?page_id=4552"},"modified":"2024-01-08T18:37:35","modified_gmt":"2024-01-08T21:37:35","slug":"automotriz","status":"publish","type":"page","link":"https:\/\/www.colegiodentistas.cl\/inicio\/convenios\/automotriz\/","title":{"rendered":"Automotriz"},"content":{"rendered":"\n<hr class=\"wp-block-separator has-text-color has-background\" style=\"background-color:#ffffff;color:#ffffff\"\/>\n\n\n\n<div class=\"wp-block-columns\">\n<div class=\"wp-block-column\" style=\"flex-basis:33.33%\">\n<div class=\"wp-block-image is-style-default\"><figure class=\"aligncenter size-large\"><img loading=\"lazy\" width=\"300\" height=\"200\" src=\"https:\/\/www.colegiodentistas.cl\/inicio\/wp-content\/uploads\/2024\/01\/gildemeister-logo-300x200-1.png\" alt=\"\" class=\"wp-image-19546241\"\/><\/figure><\/div>\n<\/div>\n\n\n\n<div class=\"wp-block-column\" style=\"flex-basis:66.66%\">\n<p class=\"has-vivid-cyan-blue-color has-text-color has-large-font-size\"><strong><a href=\"https:\/\/gildemeisterautos.cl\/\" target=\"_blank\" rel=\"noreferrer noopener\"><span style=\"text-decoration: underline;\">Gildemeister Autos<\/span><\/a><\/strong><\/p>\n\n\n\n<p>Precios preferenciales para colegiados y sus familiares directos.<br>Acceso a bonos adicionales por compras con financiamiento directo.<br>Recepci\u00f3n de autos en parte de pago.<\/p>\n\n\n\n<p class=\"has-medium-font-size\"><strong>Vigencia<\/strong> | 31 de diciembre de 2024<\/p>\n<\/div>\n<\/div>\n\n\n\n<div class=\"wp-block-columns\">\n<div class=\"wp-block-column\">\n<p><strong>Descuentos<\/strong><\/p>\n\n\n\n<ul><li><span style=\"text-decoration: underline;\">Hyundai<\/span><\/li><\/ul>\n\n\n\n<ul><li><span style=\"text-decoration: underline;\">Fortaleza: Baic, Mahindra, Shineray-SWM<\/span><\/li><\/ul>\n\n\n\n<p class=\"has-small-font-size\"><em>*Todos los descuentos est\u00e1n calculados sobre el Precio de Lista menos el bono publicado por pago contado.<\/em><\/p>\n\n\n\n<hr class=\"wp-block-separator\"\/>\n<\/div>\n\n\n\n<div class=\"wp-block-column\">\n<p><strong>Contacto<\/strong><\/p>\n\n\n\n<p>Mario M\u00e9ndez Tapia<\/p>\n\n\n\n<p><a rel=\"noreferrer noopener\" href=\"mailto:palert@gildemeister.cl\" target=\"_blank\"><\/a><a rel=\"noreferrer noopener\" href=\"mailto:mmendezt@gildemeister.cl\" target=\"_blank\">mmendezt@gildemeister.cl<\/a><\/p>\n\n\n\n<p>+569 3374 5458<\/p>\n\n\n\n<hr class=\"wp-block-separator\"\/>\n<\/div>\n\n\n\n<div class=\"wp-block-column\">\n<p><strong>Observaciones<\/strong><\/p>\n\n\n\n<p>V\u00e1lido para todo el territorio nacional donde Automotores Gildemeister S.A. tenga sucursal.<\/p>\n<\/div>\n<\/div>\n\n\n\n<hr class=\"wp-block-separator\"\/>\n","protected":false},"excerpt":{"rendered":"<p>Gildemeister Autos Precios preferenciales para colegiados y sus familiares directos.Acceso a bonos adicionales por compras con financiamiento directo.Recepci\u00f3n de autos en parte de pago. Vigencia | 31 de diciembre de 2024 Descuentos Hyundai Fortaleza: Baic, Mahindra, Shineray-SWM *Todos los descuentos est\u00e1n calculados sobre el Precio de Lista menos el bono publicado por pago contado. Contacto Mario M\u00e9ndez Tapia mmendezt@gildemeister.cl +569 3374 5458 Observaciones V\u00e1lido para todo el territorio nacional donde Automotores Gildemeister S.A. tenga sucursal.<\/p>\n","protected":false},"author":1,"featured_media":0,"parent":4494,"menu_order":0,"comment_status":"closed","ping_status":"closed","template":"","meta":[],"_links":{"self":[{"href":"https:\/\/www.colegiodentistas.cl\/inicio\/wp-json\/wp\/v2\/pages\/4552"}],"collection":[{"href":"https:\/\/www.colegiodentistas.cl\/inicio\/wp-json\/wp\/v2\/pages"}],"about":[{"href":"https:\/\/www.colegiodentistas.cl\/inicio\/wp-json\/wp\/v2\/types\/page"}],"author":[{"embeddable":true,"href":"https:\/\/www.colegiodentistas.cl\/inicio\/wp-json\/wp\/v2\/users\/1"}],"replies":[{"embeddable":true,"href":"https:\/\/www.colegiodentistas.cl\/inicio\/wp-json\/wp\/v2\/comments?post=4552"}],"version-history":[{"count":10,"href":"https:\/\/www.colegiodentistas.cl\/inicio\/wp-json\/wp\/v2\/pages\/4552\/revisions"}],"predecessor-version":[{"id":19546242,"href":"https:\/\/www.colegiodentistas.cl\/inicio\/wp-json\/wp\/v2\/pages\/4552\/revisions\/19546242"}],"up":[{"embeddable":true,"href":"https:\/\/www.colegiodentistas.cl\/inicio\/wp-json\/wp\/v2\/pages\/4494"}],"wp:attachment":[{"href":"https:\/\/www.colegiodentistas.cl\/inicio\/wp-json\/wp\/v2\/media?parent=4552"}],"curies":[{"name":"wp","href":"https:\/\/api.w.org\/{rel}","templated":true}]}}