{"id":4503,"date":"2017-04-06T22:56:06","date_gmt":"2017-04-07T01:56:06","guid":{"rendered":"http:\/\/www.colegiodentistas.cl\/inicio\/?page_id=4503"},"modified":"2024-04-11T15:04:50","modified_gmt":"2024-04-11T19:04:50","slug":"hoteleria","status":"publish","type":"page","link":"https:\/\/www.colegiodentistas.cl\/inicio\/convenios\/hoteleria\/","title":{"rendered":"Hoteles"},"content":{"rendered":"\n<div class=\"wp-block-columns\">\n<div class=\"wp-block-column\" style=\"flex-basis:33.33%\">\n<figure class=\"wp-block-image size-large is-style-default\"><a href=\"https:\/\/ladera.cl\/\" target=\"_blank\" rel=\"noopener\"><img loading=\"lazy\" width=\"300\" height=\"200\" src=\"https:\/\/www.colegiodentistas.cl\/inicio\/wp-content\/uploads\/2023\/12\/hotel-ladera-negro-300-200.png\" alt=\"\" class=\"wp-image-19546029\"\/><\/a><\/figure>\n<\/div>\n\n\n\n<div class=\"wp-block-column\" style=\"flex-basis:66.66%\">\n<p class=\"has-vivid-cyan-blue-color has-text-color has-large-font-size\"><strong><span style=\"text-decoration: underline;\"><a href=\"https:\/\/ladera.cl\/\" target=\"_blank\" rel=\"noreferrer noopener\">Hotel Ladera<\/a><\/span><\/strong><\/p>\n\n\n\n<p class=\"has-medium-font-size\"><strong>Vigencia<\/strong> | 1 de marzo de 2024 al 28 de febrero de 2025<\/p>\n<\/div>\n<\/div>\n\n\n\n<div class=\"wp-block-columns\">\n<div class=\"wp-block-column\">\n<p><strong>Reservas<\/strong><\/p>\n\n\n\n<p class=\"has-vivid-cyan-blue-color has-text-color\"><span style=\"text-decoration: underline;\"><a href=\"mailto:reservas@ladera.cl\" target=\"_blank\" rel=\"noreferrer noopener\">reservas@ladera.cl<\/a><\/span><\/p>\n\n\n\n<hr class=\"wp-block-separator\"\/>\n\n\n\n<p><strong>Direcci\u00f3n<\/strong><\/p>\n\n\n\n<p class=\"has-vivid-cyan-blue-color has-text-color\"><a href=\"https:\/\/maps.app.goo.gl\/vi1b3rSAwHRMqQL66\" target=\"_blank\" rel=\"noreferrer noopener\">Los Araucanos 2021, Providencia<\/a>.<\/p>\n\n\n\n<hr class=\"wp-block-separator\"\/>\n<\/div>\n\n\n\n<div class=\"wp-block-column\">\n<p><strong>Condiciones<\/strong><\/p>\n\n\n\n<p>El Hotel Ladera otorga tarifas preferentes a la comunidad colegiada en servicios de hoteler\u00eda.<\/p>\n\n\n\n<ul><li>Sesi\u00f3n Spa de una hora con sauna, jacuzzi y ducha horizontal (se requiere agendar hora previa a la llegada al hotel).<\/li><li>Desayuno servido en restaurante.<\/li><li>Mini bar con dos aguas minerales de cortes\u00eda a la llegada.<\/li><li>Cafetera Nespresso con c\u00e1psulas.<\/li><li>Acceso a piscina al aire libre, no temperada, con vistapanor\u00e1mica de la ciudad.<\/li><li>Late check out de cortes\u00eda hasta las 14:00 horas.<\/li><li>Estacionamiento liberado.<\/li><li>Adicionalmente otorga 10% de descuento en alimentaci\u00f3n en todos sus servicios, como desayuno, almuerzo y cena. Esto aplica a eventos que requieran el servicio de alimentos.<\/li><\/ul>\n\n\n\n<hr class=\"wp-block-separator\"\/>\n<\/div>\n\n\n\n<div class=\"wp-block-column\">\n<p><strong>Restricciones<\/strong><\/p>\n\n\n\n<ul><li>Descuento no es acumulativo y no aplica a bebidas alcoh\u00f3licas y no alcoh\u00f3licas.<\/li><li>El descuento del 10% se aplicar\u00e1 al final de cada cuenta.<\/li><li>Hotel Ladera cuenta con cobertura geogr\u00e1fica en la comuna de Providencia, ciudad de Santiago, Regi\u00f3n Metropolitana solamente.<\/li><\/ul>\n<\/div>\n<\/div>\n\n\n\n<hr class=\"wp-block-separator\"\/>\n\n\n\n<div class=\"wp-block-columns\">\n<div class=\"wp-block-column\" style=\"flex-basis:33.33%\">\n<figure class=\"wp-block-image size-large is-resized is-style-default\"><a href=\"https:\/\/dreams.cl\/\" target=\"_blank\" rel=\"noopener\"><img loading=\"lazy\" src=\"https:\/\/www.colegiodentistas.cl\/inicio\/wp-content\/uploads\/2022\/02\/dreams-monticello.png\" alt=\"\" width=\"338\" height=\"225\"\/><\/a><\/figure>\n<\/div>\n\n\n\n<div class=\"wp-block-column\" style=\"flex-basis:66.66%\">\n<p class=\"has-vivid-cyan-blue-color has-text-color has-large-font-size\"><strong><a href=\"https:\/\/dreams.cl\/\" target=\"_blank\" rel=\"noreferrer noopener\"><span style=\"text-decoration: underline;\">Dreams<\/span><\/a><\/strong><\/p>\n\n\n\n<p class=\"has-medium-font-size\"><strong>Vigencia<\/strong> | 1 de marzo de 2024 al 30 de diciembre de 2024<\/p>\n\n\n\n<p><em>En enero y febrero las tarifas est\u00e1n sujetas a disponibilidad<\/em><\/p>\n\n\n\n<p class=\"has-vivid-cyan-blue-color has-text-color\"><a href=\"https:\/\/www.colegiodentistas.cl\/inicio\/wp-content\/uploads\/2023\/01\/tarifas-dreams-monticello-2023.pdf\" target=\"_blank\" rel=\"noreferrer noopener\"><span style=\"text-decoration: underline;\">Revisa m\u00e1s detalles del convenio en este link<\/span><\/a><\/p>\n<\/div>\n<\/div>\n\n\n\n<div class=\"wp-block-columns\">\n<div class=\"wp-block-column\">\n<p><strong>Contacto<\/strong><\/p>\n\n\n\n<p class=\"has-vivid-cyan-blue-color has-text-color\"><a rel=\"noreferrer noopener\" href=\"https:\/\/dreams.cl\/\" target=\"_blank\"><span style=\"text-decoration: underline;\">dreams.cl<\/span><\/a><\/p>\n\n\n\n<p class=\"has-vivid-cyan-blue-color has-text-color\"><a href=\"mailto:reservas@mundodreams.com\" target=\"_blank\" rel=\"noreferrer noopener\"><span style=\"text-decoration: underline;\">reservas@mundodreams.com<\/span><\/a><\/p>\n\n\n\n<p>600 424 0000<\/p>\n\n\n\n<hr class=\"wp-block-separator\"\/>\n\n\n\n<p><strong>Cadena de hoteles<\/strong><\/p>\n\n\n\n<p>San Francisco Mostazal - Temuco - Valdivia - Puerto Varas - Coyhaique - Punta Arenas<\/p>\n<\/div>\n\n\n\n<div class=\"wp-block-column\">\n<p><strong>Condiciones<\/strong><\/p>\n\n\n\n<ul><li>Tarifa con base habitaci\u00f3n single\/doble.<\/li><li>Desayuno servido en el restaurant del hotel.<\/li><li>Libre acceso a todas las instalaciones habilitadas a la fecha de estad\u00eda.<\/li><li>Minibar con productos a la venta.<\/li><li>Set de amenidades de ba\u00f1o completo.<\/li><li>Incluye estacionamiento.<\/li><li>Incluye acceso al Casino de Juegos.<\/li><\/ul>\n\n\n\n<hr class=\"wp-block-separator\"\/>\n<\/div>\n\n\n\n<div class=\"wp-block-column\">\n<p><strong>Restricciones<\/strong><\/p>\n\n\n\n<p>Durante el a\u00f1o 2022 hay fechas en las cuales las tarifas corporativas no estar\u00e1n vigentes tales como: Eventos especiales, v\u00edspera de festivos, congresos o cuando la ocupaci\u00f3n supere el 80%.<\/p>\n<\/div>\n<\/div>\n\n\n\n<hr class=\"wp-block-separator\"\/>\n\n\n\n<div class=\"wp-block-columns\">\n<div class=\"wp-block-column\" style=\"flex-basis:33.33%\">\n<div class=\"wp-block-image is-style-default\"><figure class=\"aligncenter size-full is-resized\"><a href=\"http:\/\/www.hotelestorremayor.cl\/\" target=\"_blank\" rel=\"noopener\"><img loading=\"lazy\" src=\"https:\/\/www.colegiodentistas.cl\/inicio\/wp-content\/uploads\/2022\/02\/hoteles-torremayor-providencia-lyon.png\" alt=\"\" class=\"wp-image-12899625\" width=\"338\" height=\"225\" srcset=\"https:\/\/www.colegiodentistas.cl\/inicio\/wp-content\/uploads\/2022\/02\/hoteles-torremayor-providencia-lyon.png 450w, https:\/\/www.colegiodentistas.cl\/inicio\/wp-content\/uploads\/2022\/02\/hoteles-torremayor-providencia-lyon-300x200.png 300w, https:\/\/www.colegiodentistas.cl\/inicio\/wp-content\/uploads\/2022\/02\/hoteles-torremayor-providencia-lyon-100x67.png 100w, https:\/\/www.colegiodentistas.cl\/inicio\/wp-content\/uploads\/2022\/02\/hoteles-torremayor-providencia-lyon-400x267.png 400w\" sizes=\"(max-width: 338px) 100vw, 338px\" \/><\/a><\/figure><\/div>\n<\/div>\n\n\n\n<div class=\"wp-block-column is-vertically-aligned-center\" style=\"flex-basis:66.66%\">\n<p class=\"has-vivid-cyan-blue-color has-text-color has-large-font-size\"><strong><a href=\"http:\/\/www.hotelestorremayor.cl\" target=\"_blank\" rel=\"noreferrer noopener\"><span style=\"text-decoration: underline;\">Hoteles Torremayor<\/span><\/a><\/strong><\/p>\n\n\n\n<p class=\"has-medium-font-size\"><strong>Vigencia<\/strong> | <\/p>\n\n\n\n<p class=\"has-vivid-cyan-blue-color has-text-color\"><span style=\"text-decoration: underline;\"><a href=\"https:\/\/www.colegiodentistas.cl\/inicio\/wp-content\/uploads\/2022\/02\/convenio-hoteles-torremayor.pdf\" target=\"_blank\" rel=\"noreferrer noopener\">Revisa m\u00e1s detalles de este convenio en este link<\/a><\/span><\/p>\n<\/div>\n<\/div>\n\n\n\n<div class=\"wp-block-columns\">\n<div class=\"wp-block-column\">\n<p><strong>Contacto<\/strong><\/p>\n\n\n\n<p class=\"has-vivid-cyan-blue-color has-text-color\"><a rel=\"noreferrer noopener\" href=\"http:\/\/www.hotelestorremayor.cl\" target=\"_blank\"><span style=\"text-decoration: underline;\">hotelestorremayor.cl<\/span><\/a><\/p>\n\n\n\n<p class=\"has-vivid-cyan-blue-color has-text-color\"><a href=\"mailto:reservas@hoteltorremayor.cl\" target=\"_blank\" rel=\"noreferrer noopener\"><span style=\"text-decoration: underline;\">reservas@hoteltorremayor.cl<\/span><\/a><\/p>\n\n\n\n<p>&nbsp;+56 2 2299 3000<\/p>\n\n\n\n<hr class=\"wp-block-separator\"\/>\n\n\n\n<p><strong>Direcciones<\/strong><\/p>\n\n\n\n<ul><li>Hotel Torremayor Providencia | Av. Ricardo Lyon 25<\/li><li>Hotel Torremayor Lyon | Avda. Ricardo Lyon 322<\/li><\/ul>\n\n\n\n<hr class=\"wp-block-separator\"\/>\n<\/div>\n\n\n\n<div class=\"wp-block-column\">\n<p><strong>Condiciones<\/strong><\/p>\n\n\n\n<ul><li>Trago de bienvenida.<\/li><li>Desayuno tipo Box Lunch Room Service o en Restaurant cuando lo permita el aforo y Protocolos COVID.<\/li><li>Uso piscina exterior, en \u00faltimo nivel en \u00e9poca de temporada piscina (primavera verano).<\/li><li>Acceso gratuito a Internet y Wifi en habitaciones y \u00e1reas comunes del Hotel.<\/li><li>Estacionamiento subterr\u00e1neo, sujeto a disponibilidad.<\/li><li>Subterr\u00e1neo, sujeto a disponibilidad.<\/li><\/ul>\n\n\n\n<hr class=\"wp-block-separator\"\/>\n<\/div>\n\n\n\n<div class=\"wp-block-column\">\n<p><strong>Restricciones<\/strong><\/p>\n\n\n\n<ul><li>Hotel Torremayor acepta perros de asistencia. No se aceptan mascotas dom\u00e9sticas que no sean de asistencia.<\/li><li>Ni\u00f1os mayores de 8 a\u00f1os pagan el costo de la cama adicional, seg\u00fan los costos de las tarifas entregadas.<\/li><li>El segundo ni\u00f1o paga el costo de la cama extra.<\/li><\/ul>\n<\/div>\n<\/div>\n\n\n\n<hr class=\"wp-block-separator\"\/>\n\n\n\n<div class=\"wp-block-columns\">\n<div class=\"wp-block-column\" style=\"flex-basis:33.33%\">\n<div class=\"wp-block-image is-style-default\"><figure class=\"aligncenter size-large is-resized\"><img loading=\"lazy\" src=\"https:\/\/www.colegiodentistas.cl\/inicio\/wp-content\/uploads\/2022\/09\/hotel-park-plaza-450x300-1.png\" alt=\"\" class=\"wp-image-16084961\" width=\"338\" height=\"225\" srcset=\"https:\/\/www.colegiodentistas.cl\/inicio\/wp-content\/uploads\/2022\/09\/hotel-park-plaza-450x300-1.png 450w, https:\/\/www.colegiodentistas.cl\/inicio\/wp-content\/uploads\/2022\/09\/hotel-park-plaza-450x300-1-300x200.png 300w, https:\/\/www.colegiodentistas.cl\/inicio\/wp-content\/uploads\/2022\/09\/hotel-park-plaza-450x300-1-100x67.png 100w, https:\/\/www.colegiodentistas.cl\/inicio\/wp-content\/uploads\/2022\/09\/hotel-park-plaza-450x300-1-400x267.png 400w\" sizes=\"(max-width: 338px) 100vw, 338px\" \/><\/figure><\/div>\n<\/div>\n\n\n\n<div class=\"wp-block-column is-vertically-aligned-center\" style=\"flex-basis:66.66%\">\n<p class=\"has-vivid-cyan-blue-color has-text-color has-large-font-size\"><strong><span style=\"text-decoration: underline;\"><a rel=\"noreferrer noopener\" href=\"https:\/\/www.parkplaza.cl\/\" target=\"_blank\">Hoteles Park Plaza<\/a><\/span><\/strong><\/p>\n\n\n\n<p class=\"has-medium-font-size\"><strong>Vigencia<\/strong> | 1 de marzo de 2024 al 28 de febrero de 2025<\/p>\n\n\n\n<p><span style=\"text-decoration: underline;\"><a href=\"https:\/\/www.colegiodentistas.cl\/inicio\/wp-content\/uploads\/2023\/01\/tarifas-park-plaza-2023.pdf\" target=\"_blank\" rel=\"noreferrer noopener\">Revisa m\u00e1s detalles de este convenio en este link<\/a><\/span><\/p>\n<\/div>\n<\/div>\n\n\n\n<div class=\"wp-block-columns\">\n<div class=\"wp-block-column\">\n<p><strong>Reservas<\/strong><\/p>\n\n\n\n<p><span style=\"text-decoration: underline;\">Santiago<\/span><br><a rel=\"noreferrer noopener\" href=\"mailto:booking@parkplaza.cl\" target=\"_blank\"><span style=\"text-decoration: underline;\">booking@parkplaza.cl<\/span><\/a><br>+562 2372 4029 \u2013 30<br><a rel=\"noreferrer noopener\" href=\"https:\/\/www.parkplaza.cl\" target=\"_blank\"><span style=\"text-decoration: underline;\">www.parkplaza.cl<\/span><\/a><\/p>\n\n\n\n<p><span style=\"text-decoration: underline;\">Calama<\/span><br><a rel=\"noreferrer noopener\" href=\"mailto:reservas@parkcalama.cl\" target=\"_blank\"><span style=\"text-decoration: underline;\">reservas@parkcalama.cl<\/span><\/a><br><a href=\"https:\/\/www.parkcalama.cl\/\" target=\"_blank\" rel=\"noreferrer noopener\"><span style=\"text-decoration: underline;\">www.parkcalama.cl<\/span><\/a><\/p>\n\n\n\n<hr class=\"wp-block-separator\"\/>\n\n\n\n<p><strong>Cadena de hoteles<\/strong><\/p>\n\n\n\n<p><span style=\"text-decoration: underline;\">Santiago<\/span><\/p>\n\n\n\n<ul><li>Park Plaza Hotel Santiago<br>Av. Ricardo Lyon 207, Providencia<\/li><li>Park Plaza Apartments<br>Lota 2233, Providencia<\/li><li>Park Plaza Aparthotel &amp; Rents<br>Huerfanos 545, Santiago (Barrio Lastarria)<\/li><\/ul>\n\n\n\n<p><span style=\"text-decoration: underline;\">Calama<\/span><\/p>\n\n\n\n<ul><li>Park Hotel Calama<br>Alcalde Jos\u00e9 Lira 1392<\/li><\/ul>\n\n\n\n<hr class=\"wp-block-separator\"\/>\n<\/div>\n\n\n\n<div class=\"wp-block-column\">\n<p><strong>Condiciones<\/strong><\/p>\n\n\n\n<p><span style=\"text-decoration: underline;\">Santiago<\/span><\/p>\n\n\n\n<ul><li>Restaurant Park Lane.<\/li><li>Internet Wifi en todo el hotel.<\/li><li>Sala de ejercicios.<\/li><li>Business Center.<\/li><li>Servicio de Lavander\u00eda.<\/li><li>Estacionamientos.<\/li><li>Sistema de seguridad con CCTV.<\/li><\/ul>\n\n\n\n<p><span style=\"text-decoration: underline;\">Calama<\/span><\/p>\n\n\n\n<ul><li>Welcome Drink.<\/li><li>Desayuno en Restaurant Las Parinas.<\/li><li>Wifi liberado en las habitaciones y \u00e1reas p\u00fablicas.<\/li><li>Piscina al aire libre.<\/li><li>Jacuzzi exterior.<\/li><li>Sala de ejercicios.<\/li><li>Estacionamientos.<\/li><li>Servicio de lavander\u00eda.<\/li><li>Salas para reuniones ejecutivas, congresos y celebraciones.<\/li><\/ul>\n\n\n\n<hr class=\"wp-block-separator\"\/>\n<\/div>\n\n\n\n<div class=\"wp-block-column\">\n<p><strong>Observaciones<\/strong><\/p>\n\n\n\n<ul><li>Las tarifas est\u00e1n sujetas a disponibilidad.<\/li><li>No aplican para reservas de grupo, fechas de ferias o congresos.<\/li><li>Tarifas sujetas a pago del IVA (19%).<\/li><\/ul>\n<\/div>\n<\/div>\n\n\n\n<hr class=\"wp-block-separator\"\/>\n","protected":false},"excerpt":{"rendered":"<p>Hotel Ladera Vigencia | 1 de marzo de 2024 al 28 de febrero de 2025 Reservas reservas@ladera.cl Direcci\u00f3n Los Araucanos 2021, Providencia. Condiciones El Hotel Ladera otorga tarifas preferentes a la comunidad colegiada en servicios de hoteler\u00eda. Sesi\u00f3n Spa de una hora con sauna, jacuzzi y ducha horizontal (se requiere agendar hora previa a la llegada al hotel). Desayuno servido en restaurante. Mini bar con dos aguas minerales de cortes\u00eda a la llegada. Cafetera Nespresso con c\u00e1psulas. Acceso a piscina al aire libre, no temperada, con vistapanor\u00e1mica de la ciudad. Late check out de cortes\u00eda hasta las 14:00 horas. Estacionamiento [&hellip;]<\/p>\n","protected":false},"author":1,"featured_media":0,"parent":4494,"menu_order":4,"comment_status":"closed","ping_status":"closed","template":"","meta":[],"_links":{"self":[{"href":"https:\/\/www.colegiodentistas.cl\/inicio\/wp-json\/wp\/v2\/pages\/4503"}],"collection":[{"href":"https:\/\/www.colegiodentistas.cl\/inicio\/wp-json\/wp\/v2\/pages"}],"about":[{"href":"https:\/\/www.colegiodentistas.cl\/inicio\/wp-json\/wp\/v2\/types\/page"}],"author":[{"embeddable":true,"href":"https:\/\/www.colegiodentistas.cl\/inicio\/wp-json\/wp\/v2\/users\/1"}],"replies":[{"embeddable":true,"href":"https:\/\/www.colegiodentistas.cl\/inicio\/wp-json\/wp\/v2\/comments?post=4503"}],"version-history":[{"count":9,"href":"https:\/\/www.colegiodentistas.cl\/inicio\/wp-json\/wp\/v2\/pages\/4503\/revisions"}],"predecessor-version":[{"id":19546620,"href":"https:\/\/www.colegiodentistas.cl\/inicio\/wp-json\/wp\/v2\/pages\/4503\/revisions\/19546620"}],"up":[{"embeddable":true,"href":"https:\/\/www.colegiodentistas.cl\/inicio\/wp-json\/wp\/v2\/pages\/4494"}],"wp:attachment":[{"href":"https:\/\/www.colegiodentistas.cl\/inicio\/wp-json\/wp\/v2\/media?parent=4503"}],"curies":[{"name":"wp","href":"https:\/\/api.w.org\/{rel}","templated":true}]}}