{"id":4494,"date":"2017-04-06T22:09:14","date_gmt":"2017-04-07T01:09:14","guid":{"rendered":"http:\/\/www.colegiodentistas.cl\/inicio\/?page_id=4494"},"modified":"2023-11-09T13:59:34","modified_gmt":"2023-11-09T16:59:34","slug":"convenios","status":"publish","type":"page","link":"https:\/\/www.colegiodentistas.cl\/inicio\/convenios\/","title":{"rendered":"Convenios"},"content":{"rendered":"\n<div class=\"wp-block-columns\">\n<div class=\"wp-block-column\" style=\"flex-basis:25%\">\n<figure class=\"wp-block-image size-large is-style-default\"><a href=\"https:\/\/www.colegiodentistas.cl\/inicio\/convenios\/convenios-educacionales\/\"><img loading=\"lazy\" width=\"125\" height=\"125\" src=\"https:\/\/www.colegiodentistas.cl\/inicio\/wp-content\/uploads\/2023\/11\/icono-convenio-educacion-celeste-125.png\" alt=\"\" class=\"wp-image-19545645\"\/><\/a><\/figure>\n<\/div>\n\n\n\n<div class=\"wp-block-column\" style=\"flex-basis:50%\">\n<p class=\"has-vivid-cyan-blue-color has-text-color\" style=\"font-size:32px\"><strong><a href=\"https:\/\/www.colegiodentistas.cl\/inicio\/convenios\/convenios-educacionales\/\"><span style=\"text-decoration: underline;\">Educaci\u00f3n<\/span><\/a><\/strong><\/p>\n<\/div>\n\n\n\n<div class=\"wp-block-column\" style=\"flex-basis:25%\"><\/div>\n<\/div>\n\n\n\n<hr class=\"wp-block-separator\"\/>\n\n\n\n<div class=\"wp-block-columns\">\n<div class=\"wp-block-column\" style=\"flex-basis:25%\">\n<figure class=\"wp-block-image size-large is-style-default\"><a href=\"https:\/\/www.colegiodentistas.cl\/inicio\/convenios\/convenios-profesionales\/\"><img loading=\"lazy\" width=\"125\" height=\"125\" src=\"https:\/\/www.colegiodentistas.cl\/inicio\/wp-content\/uploads\/2023\/11\/icono-convenio-profesional-consulta-celeste-125.png\" alt=\"\" class=\"wp-image-19545646\"\/><\/a><\/figure>\n<\/div>\n\n\n\n<div class=\"wp-block-column\" style=\"flex-basis:50%\">\n<p class=\"has-vivid-cyan-blue-color has-text-color\" style=\"font-size:32px\"><strong><a href=\"https:\/\/www.colegiodentistas.cl\/inicio\/convenios\/convenios-profesionales\/\"><span style=\"text-decoration: underline;\">Profesionales<\/span><\/a><\/strong><\/p>\n<\/div>\n\n\n\n<div class=\"wp-block-column\" style=\"flex-basis:25%\"><\/div>\n<\/div>\n\n\n\n<hr class=\"wp-block-separator\"\/>\n\n\n\n<div class=\"wp-block-columns\">\n<div class=\"wp-block-column\" style=\"flex-basis:25%\">\n<figure class=\"wp-block-image size-large is-style-default\"><a href=\"https:\/\/www.colegiodentistas.cl\/inicio\/convenios\/bancos\/\"><img loading=\"lazy\" width=\"125\" height=\"125\" src=\"https:\/\/www.colegiodentistas.cl\/inicio\/wp-content\/uploads\/2023\/11\/icono-convenio-bancos-celeste-125.png\" alt=\"\" class=\"wp-image-19545647\"\/><\/a><\/figure>\n<\/div>\n\n\n\n<div class=\"wp-block-column\" style=\"flex-basis:50%\">\n<p class=\"has-vivid-cyan-blue-color has-text-color\" style=\"font-size:32px\"><strong><a href=\"https:\/\/www.colegiodentistas.cl\/inicio\/convenios\/bancos\/\"><span style=\"text-decoration: underline;\">Bancos<\/span><\/a><\/strong><\/p>\n<\/div>\n\n\n\n<div class=\"wp-block-column\" style=\"flex-basis:25%\"><\/div>\n<\/div>\n\n\n\n<hr class=\"wp-block-separator\"\/>\n\n\n\n<div class=\"wp-block-columns\">\n<div class=\"wp-block-column\" style=\"flex-basis:25%\">\n<figure class=\"wp-block-image size-large is-style-default\"><a href=\"https:\/\/www.colegiodentistas.cl\/inicio\/convenios\/uniformes-clinicos\/\"><img loading=\"lazy\" width=\"125\" height=\"125\" src=\"https:\/\/www.colegiodentistas.cl\/inicio\/wp-content\/uploads\/2023\/11\/icono-convenio-uniformes-clinicos-celeste-125.png\" alt=\"\" class=\"wp-image-19545648\"\/><\/a><\/figure>\n<\/div>\n\n\n\n<div class=\"wp-block-column\" style=\"flex-basis:50%\">\n<p class=\"has-vivid-cyan-blue-color has-text-color\" style=\"font-size:32px\"><strong><a href=\"https:\/\/www.colegiodentistas.cl\/inicio\/convenios\/convenios-educacionales\/\"><span style=\"text-decoration: underline;\"><\/span><\/a><strong><a href=\"https:\/\/www.colegiodentistas.cl\/inicio\/convenios\/uniformes-clinicos\/\"><span style=\"text-decoration: underline;\">Uniformes cl\u00ednicos<\/span><\/a><\/strong><\/strong><\/p>\n<\/div>\n\n\n\n<div class=\"wp-block-column\" style=\"flex-basis:25%\"><\/div>\n<\/div>\n\n\n\n<hr class=\"wp-block-separator\"\/>\n\n\n\n<div class=\"wp-block-columns\">\n<div class=\"wp-block-column\" style=\"flex-basis:25%\">\n<figure class=\"wp-block-image size-large is-style-default\"><a href=\"https:\/\/www.colegiodentistas.cl\/inicio\/convenios\/automotriz\/\"><img loading=\"lazy\" width=\"125\" height=\"125\" src=\"https:\/\/www.colegiodentistas.cl\/inicio\/wp-content\/uploads\/2023\/11\/icono-convenio-automoviles-celeste-125.png\" alt=\"\" class=\"wp-image-19545649\"\/><\/a><\/figure>\n<\/div>\n\n\n\n<div class=\"wp-block-column\" style=\"flex-basis:50%\">\n<p class=\"has-vivid-cyan-blue-color has-text-color\" style=\"font-size:32px\"><strong><a href=\"https:\/\/www.colegiodentistas.cl\/inicio\/convenios\/automotriz\/\"><strong><\/strong><\/a><strong><a href=\"https:\/\/www.colegiodentistas.cl\/inicio\/convenios\/automotriz\/\"><span style=\"text-decoration: underline;\">Autos<\/span><\/a><\/strong><\/strong><\/p>\n<\/div>\n\n\n\n<div class=\"wp-block-column\" style=\"flex-basis:25%\"><\/div>\n<\/div>\n\n\n\n<hr class=\"wp-block-separator\"\/>\n\n\n\n<div class=\"wp-block-columns\">\n<div class=\"wp-block-column\" style=\"flex-basis:25%\">\n<figure class=\"wp-block-image size-large is-style-default\"><a href=\"https:\/\/www.colegiodentistas.cl\/inicio\/convenios\/hoteleria\/\"><img loading=\"lazy\" width=\"125\" height=\"125\" src=\"https:\/\/www.colegiodentistas.cl\/inicio\/wp-content\/uploads\/2023\/11\/icono-convenio-hoteles-celeste-125.png\" alt=\"\" class=\"wp-image-19545650\"\/><\/a><\/figure>\n<\/div>\n\n\n\n<div class=\"wp-block-column\" style=\"flex-basis:50%\">\n<p class=\"has-vivid-cyan-blue-color has-text-color\" style=\"font-size:32px\"><strong><a href=\"https:\/\/www.colegiodentistas.cl\/inicio\/convenios\/hoteleria\/\"><\/a><strong><a href=\"https:\/\/www.colegiodentistas.cl\/inicio\/convenios\/hoteleria\/\"><span style=\"text-decoration: underline;\">Hoteles<\/span><\/a><\/strong><\/strong><\/p>\n<\/div>\n\n\n\n<div class=\"wp-block-column\" style=\"flex-basis:25%\"><\/div>\n<\/div>\n\n\n\n<hr class=\"wp-block-separator\"\/>\n\n\n\n<div class=\"wp-block-columns\">\n<div class=\"wp-block-column\" style=\"flex-basis:25%\">\n<figure class=\"wp-block-image size-large is-style-default\"><a href=\"https:\/\/www.colegiodentistas.cl\/inicio\/convenios\/actividad-fisica\/\"><img loading=\"lazy\" width=\"125\" height=\"125\" src=\"https:\/\/www.colegiodentistas.cl\/inicio\/wp-content\/uploads\/2023\/11\/icono-convenio-actividad-fisica-celeste-125.png\" alt=\"\" class=\"wp-image-19545651\"\/><\/a><\/figure>\n<\/div>\n\n\n\n<div class=\"wp-block-column\" style=\"flex-basis:50%\">\n<p class=\"has-vivid-cyan-blue-color has-text-color\" style=\"font-size:32px\"><strong><span style=\"text-decoration: underline;\"><a href=\"https:\/\/www.colegiodentistas.cl\/inicio\/convenios\/actividad-fisica\/\">Actividad f\u00edsica<\/a><\/span><\/strong><\/p>\n<\/div>\n\n\n\n<div class=\"wp-block-column\" style=\"flex-basis:25%\"><\/div>\n<\/div>\n\n\n\n<hr class=\"wp-block-separator\"\/>\n\n\n\n<div class=\"wp-block-columns\">\n<div class=\"wp-block-column\" style=\"flex-basis:25%\">\n<figure class=\"wp-block-image size-large is-style-default\"><a href=\"https:\/\/www.colegiodentistas.cl\/inicio\/convenios\/restaurantes-cafes\/\"><img loading=\"lazy\" width=\"125\" height=\"125\" src=\"https:\/\/www.colegiodentistas.cl\/inicio\/wp-content\/uploads\/2023\/11\/icono-convenio-restaurant-celeste-125.png\" alt=\"\" class=\"wp-image-19545675\"\/><\/a><\/figure>\n<\/div>\n\n\n\n<div class=\"wp-block-column\" style=\"flex-basis:50%\">\n<p class=\"has-vivid-cyan-blue-color has-text-color\" style=\"font-size:32px\"><strong><span style=\"text-decoration: underline;\"><a href=\"https:\/\/www.colegiodentistas.cl\/inicio\/convenios\/restaurantes-cafes\/\">Restaurantes y caf\u00e9s<\/a><\/span><\/strong><\/p>\n<\/div>\n\n\n\n<div class=\"wp-block-column\" style=\"flex-basis:25%\"><\/div>\n<\/div>\n\n\n\n<hr class=\"wp-block-separator\"\/>\n\n\n\n<div class=\"wp-block-columns\">\n<div class=\"wp-block-column\" style=\"flex-basis:25%\">\n<figure class=\"wp-block-image size-large is-style-default\"><a href=\"https:\/\/www.colegiodentistas.cl\/inicio\/convenios\/otros-servicios\/\"><img loading=\"lazy\" width=\"125\" height=\"125\" src=\"https:\/\/www.colegiodentistas.cl\/inicio\/wp-content\/uploads\/2023\/11\/icono-convenio-otros-servicios-celeste-125.png\" alt=\"\" class=\"wp-image-19545652\"\/><\/a><\/figure>\n<\/div>\n\n\n\n<div class=\"wp-block-column\" style=\"flex-basis:50%\">\n<p class=\"has-vivid-cyan-blue-color has-text-color\" style=\"font-size:32px\"><strong><a href=\"https:\/\/www.colegiodentistas.cl\/inicio\/convenios\/otros-servicios\/\"><span style=\"text-decoration: underline;\">Otros servicios<\/span><\/a><\/strong><\/p>\n<\/div>\n\n\n\n<div class=\"wp-block-column\" style=\"flex-basis:25%\"><\/div>\n<\/div>\n\n\n\n<hr class=\"wp-block-separator\"\/>\n","protected":false},"excerpt":{"rendered":"<p>Educaci\u00f3n Profesionales Bancos Uniformes cl\u00ednicos Autos Hoteles Actividad f\u00edsica Restaurantes y caf\u00e9s Otros servicios<\/p>\n","protected":false},"author":1,"featured_media":0,"parent":0,"menu_order":0,"comment_status":"closed","ping_status":"closed","template":"","meta":[],"_links":{"self":[{"href":"https:\/\/www.colegiodentistas.cl\/inicio\/wp-json\/wp\/v2\/pages\/4494"}],"collection":[{"href":"https:\/\/www.colegiodentistas.cl\/inicio\/wp-json\/wp\/v2\/pages"}],"about":[{"href":"https:\/\/www.colegiodentistas.cl\/inicio\/wp-json\/wp\/v2\/types\/page"}],"author":[{"embeddable":true,"href":"https:\/\/www.colegiodentistas.cl\/inicio\/wp-json\/wp\/v2\/users\/1"}],"replies":[{"embeddable":true,"href":"https:\/\/www.colegiodentistas.cl\/inicio\/wp-json\/wp\/v2\/comments?post=4494"}],"version-history":[{"count":9,"href":"https:\/\/www.colegiodentistas.cl\/inicio\/wp-json\/wp\/v2\/pages\/4494\/revisions"}],"predecessor-version":[{"id":19545677,"href":"https:\/\/www.colegiodentistas.cl\/inicio\/wp-json\/wp\/v2\/pages\/4494\/revisions\/19545677"}],"wp:attachment":[{"href":"https:\/\/www.colegiodentistas.cl\/inicio\/wp-json\/wp\/v2\/media?parent=4494"}],"curies":[{"name":"wp","href":"https:\/\/api.w.org\/{rel}","templated":true}]}}