{"id":4352,"date":"2017-03-24T16:52:16","date_gmt":"2017-03-24T19:52:16","guid":{"rendered":"http:\/\/www.colegiodentistas.cl\/inicio\/?page_id=4352"},"modified":"2017-03-24T16:52:16","modified_gmt":"2017-03-24T19:52:16","slug":"dr-osvaldo-gahona-gutierrez","status":"publish","type":"page","link":"https:\/\/www.colegiodentistas.cl\/inicio\/dr-osvaldo-gahona-gutierrez\/","title":{"rendered":"Dr. Osvaldo Gahona Guti\u00e9rrez"},"content":{"rendered":"<p><strong>Dr. Osvaldo Gahona Guti\u00e9rrez<\/strong><\/p>\n<p>Cirujano Dentista, Universidad Finis Terrae.<br \/>\nMag\u00edster en Pedagog\u00eda Universitaria, Universidad Finis Terrae.<br \/>\nProfesor Asistente. Facultad de Odontolog\u00eda Universidad Finis Terrae.<br \/>\nDocente. Depto. De Cirug\u00eda M\u00e1xilo Facial, Facultad de Odontolog\u00eda, U. de Chile.<\/p>\n","protected":false},"excerpt":{"rendered":"<p>Dr. Osvaldo Gahona Guti\u00e9rrez Cirujano Dentista, Universidad Finis Terrae. Mag\u00edster en Pedagog\u00eda Universitaria, Universidad Finis Terrae. Profesor Asistente. Facultad de Odontolog\u00eda Universidad Finis Terrae. Docente. Depto. De Cirug\u00eda M\u00e1xilo Facial, Facultad de Odontolog\u00eda, U. de Chile.<\/p>\n","protected":false},"author":7,"featured_media":0,"parent":0,"menu_order":0,"comment_status":"closed","ping_status":"closed","template":"","meta":[],"_links":{"self":[{"href":"https:\/\/www.colegiodentistas.cl\/inicio\/wp-json\/wp\/v2\/pages\/4352"}],"collection":[{"href":"https:\/\/www.colegiodentistas.cl\/inicio\/wp-json\/wp\/v2\/pages"}],"about":[{"href":"https:\/\/www.colegiodentistas.cl\/inicio\/wp-json\/wp\/v2\/types\/page"}],"author":[{"embeddable":true,"href":"https:\/\/www.colegiodentistas.cl\/inicio\/wp-json\/wp\/v2\/users\/7"}],"replies":[{"embeddable":true,"href":"https:\/\/www.colegiodentistas.cl\/inicio\/wp-json\/wp\/v2\/comments?post=4352"}],"version-history":[{"count":1,"href":"https:\/\/www.colegiodentistas.cl\/inicio\/wp-json\/wp\/v2\/pages\/4352\/revisions"}],"predecessor-version":[{"id":4353,"href":"https:\/\/www.colegiodentistas.cl\/inicio\/wp-json\/wp\/v2\/pages\/4352\/revisions\/4353"}],"wp:attachment":[{"href":"https:\/\/www.colegiodentistas.cl\/inicio\/wp-json\/wp\/v2\/media?parent=4352"}],"curies":[{"name":"wp","href":"https:\/\/api.w.org\/{rel}","templated":true}]}}