{"id":4350,"date":"2017-03-24T16:40:16","date_gmt":"2017-03-24T19:40:16","guid":{"rendered":"http:\/\/www.colegiodentistas.cl\/inicio\/?page_id=4350"},"modified":"2017-03-24T16:40:16","modified_gmt":"2017-03-24T19:40:16","slug":"dr-juan-argadona-pozo","status":"publish","type":"page","link":"https:\/\/www.colegiodentistas.cl\/inicio\/dr-juan-argadona-pozo\/","title":{"rendered":"Dr. Juan Argado\u00f1a Pozo"},"content":{"rendered":"<p><img loading=\"lazy\" class=\"size-medium wp-image-4343 alignleft\" src=\"https:\/\/www.colegiodentistas.cl\/inicio\/wp-content\/uploads\/2017\/03\/Dr.-Argando\u00f1a-Cirug\u00eda-236x300.jpg\" alt=\"Dr. Argando\u00f1a - Cirug\u00eda\" width=\"236\" height=\"300\" srcset=\"https:\/\/www.colegiodentistas.cl\/inicio\/wp-content\/uploads\/2017\/03\/Dr.-Argando\u00f1a-Cirug\u00eda-236x300.jpg 236w, https:\/\/www.colegiodentistas.cl\/inicio\/wp-content\/uploads\/2017\/03\/Dr.-Argando\u00f1a-Cirug\u00eda-79x100.jpg 79w, https:\/\/www.colegiodentistas.cl\/inicio\/wp-content\/uploads\/2017\/03\/Dr.-Argando\u00f1a-Cirug\u00eda-400x507.jpg 400w, https:\/\/www.colegiodentistas.cl\/inicio\/wp-content\/uploads\/2017\/03\/Dr.-Argando\u00f1a-Cirug\u00eda-394x500.jpg 394w, https:\/\/www.colegiodentistas.cl\/inicio\/wp-content\/uploads\/2017\/03\/Dr.-Argando\u00f1a-Cirug\u00eda.jpg 402w\" sizes=\"(max-width: 236px) 100vw, 236px\" \/><\/p>\n<p>&nbsp;<\/p>\n<p><strong>Dr. Juan Argando\u00f1a Pozo<\/strong><\/p>\n<p>Cirujano Dentista, Universidad de Chile.<br \/>\nEspecialista en Cirug\u00eda M\u00e1xilo Facial.<br \/>\nMag\u00edster en Educaci\u00f3n a Distancia, Universidad de Sevilla, Espa\u00f1a.<br \/>\nProfesor Adjunto, Postgrado de Cirug\u00eda M\u00e1xilo Facial, Universidad de Chile.<br \/>\nJefe del Servicio de Cirug\u00eda M\u00e1xilo Facial, Hospital San Juan de Dios.<\/p>\n","protected":false},"excerpt":{"rendered":"<p>&nbsp; Dr. Juan Argando\u00f1a Pozo Cirujano Dentista, Universidad de Chile. Especialista en Cirug\u00eda M\u00e1xilo Facial. Mag\u00edster en Educaci\u00f3n a Distancia, Universidad de Sevilla, Espa\u00f1a. Profesor Adjunto, Postgrado de Cirug\u00eda M\u00e1xilo Facial, Universidad de Chile. Jefe del Servicio de Cirug\u00eda M\u00e1xilo Facial, Hospital San Juan de Dios.<\/p>\n","protected":false},"author":7,"featured_media":0,"parent":0,"menu_order":0,"comment_status":"closed","ping_status":"closed","template":"","meta":[],"_links":{"self":[{"href":"https:\/\/www.colegiodentistas.cl\/inicio\/wp-json\/wp\/v2\/pages\/4350"}],"collection":[{"href":"https:\/\/www.colegiodentistas.cl\/inicio\/wp-json\/wp\/v2\/pages"}],"about":[{"href":"https:\/\/www.colegiodentistas.cl\/inicio\/wp-json\/wp\/v2\/types\/page"}],"author":[{"embeddable":true,"href":"https:\/\/www.colegiodentistas.cl\/inicio\/wp-json\/wp\/v2\/users\/7"}],"replies":[{"embeddable":true,"href":"https:\/\/www.colegiodentistas.cl\/inicio\/wp-json\/wp\/v2\/comments?post=4350"}],"version-history":[{"count":1,"href":"https:\/\/www.colegiodentistas.cl\/inicio\/wp-json\/wp\/v2\/pages\/4350\/revisions"}],"predecessor-version":[{"id":4351,"href":"https:\/\/www.colegiodentistas.cl\/inicio\/wp-json\/wp\/v2\/pages\/4350\/revisions\/4351"}],"wp:attachment":[{"href":"https:\/\/www.colegiodentistas.cl\/inicio\/wp-json\/wp\/v2\/media?parent=4350"}],"curies":[{"name":"wp","href":"https:\/\/api.w.org\/{rel}","templated":true}]}}