{"id":4346,"date":"2017-03-24T14:17:51","date_gmt":"2017-03-24T17:17:51","guid":{"rendered":"http:\/\/www.colegiodentistas.cl\/inicio\/?page_id=4346"},"modified":"2017-03-24T14:17:51","modified_gmt":"2017-03-24T17:17:51","slug":"dr-joseph-choukroun","status":"publish","type":"page","link":"https:\/\/www.colegiodentistas.cl\/inicio\/dr-joseph-choukroun\/","title":{"rendered":"Dr. Joseph Choukroun"},"content":{"rendered":"<p><img loading=\"lazy\" class=\" wp-image-4340 alignleft\" src=\"https:\/\/www.colegiodentistas.cl\/inicio\/wp-content\/uploads\/2017\/03\/Joseph-Choukroun-200x300.jpg\" alt=\"Joseph Choukroun\" width=\"159\" height=\"239\" srcset=\"https:\/\/www.colegiodentistas.cl\/inicio\/wp-content\/uploads\/2017\/03\/Joseph-Choukroun.jpg 200w, https:\/\/www.colegiodentistas.cl\/inicio\/wp-content\/uploads\/2017\/03\/Joseph-Choukroun-67x100.jpg 67w\" sizes=\"(max-width: 159px) 100vw, 159px\" \/><\/p>\n<p><strong>Dr. Joseph Choukroun<\/strong><\/p>\n<p>M\u00e9dicine, Universite Montpellier I.<br \/>\nAnesth\u00e9sie - R\u00e9animation, Universit\u00e9 Montpellier I.<br \/>\nPain managment, Universite Strasbourg.<br \/>\nChief of Staff Pain Clinic, Nice, France.<br \/>\nScientific Director, Process for PRF.<br \/>\nPresident of SYFAC.<\/p>\n<p>&nbsp;<\/p>\n<p>&nbsp;<\/p>\n","protected":false},"excerpt":{"rendered":"<p>Dr. Joseph Choukroun M\u00e9dicine, Universite Montpellier I. Anesth\u00e9sie &#8211; R\u00e9animation, Universit\u00e9 Montpellier I. Pain managment, Universite Strasbourg. Chief of Staff Pain Clinic, Nice, France. Scientific Director, Process for PRF. President of SYFAC. &nbsp; &nbsp;<\/p>\n","protected":false},"author":7,"featured_media":0,"parent":0,"menu_order":0,"comment_status":"closed","ping_status":"closed","template":"","meta":[],"_links":{"self":[{"href":"https:\/\/www.colegiodentistas.cl\/inicio\/wp-json\/wp\/v2\/pages\/4346"}],"collection":[{"href":"https:\/\/www.colegiodentistas.cl\/inicio\/wp-json\/wp\/v2\/pages"}],"about":[{"href":"https:\/\/www.colegiodentistas.cl\/inicio\/wp-json\/wp\/v2\/types\/page"}],"author":[{"embeddable":true,"href":"https:\/\/www.colegiodentistas.cl\/inicio\/wp-json\/wp\/v2\/users\/7"}],"replies":[{"embeddable":true,"href":"https:\/\/www.colegiodentistas.cl\/inicio\/wp-json\/wp\/v2\/comments?post=4346"}],"version-history":[{"count":1,"href":"https:\/\/www.colegiodentistas.cl\/inicio\/wp-json\/wp\/v2\/pages\/4346\/revisions"}],"predecessor-version":[{"id":4347,"href":"https:\/\/www.colegiodentistas.cl\/inicio\/wp-json\/wp\/v2\/pages\/4346\/revisions\/4347"}],"wp:attachment":[{"href":"https:\/\/www.colegiodentistas.cl\/inicio\/wp-json\/wp\/v2\/media?parent=4346"}],"curies":[{"name":"wp","href":"https:\/\/api.w.org\/{rel}","templated":true}]}}