{"id":3930,"date":"2017-01-27T18:12:48","date_gmt":"2017-01-27T21:12:48","guid":{"rendered":"http:\/\/www.colegiodentistas.cl\/inicio\/?page_id=3930"},"modified":"2017-04-07T19:12:58","modified_gmt":"2017-04-07T22:12:58","slug":"colegiatura-consejo-regional-temuco","status":"publish","type":"page","link":"https:\/\/www.colegiodentistas.cl\/inicio\/colegiatura-consejo-regional-temuco\/","title":{"rendered":"Colegiatura Consejo Regional Temuco"},"content":{"rendered":"<p>Alexandro Nicolas Gudenschwager Arevalo<br \/>\nAnibal Adrian Benavente Rovetto<br \/>\nAlejandro Abel Benitez Urrutia<br \/>\nAlejandro Antonio Cofre Gutierrez<br \/>\nGladys Alejandra Jans Mu\u00f1oz<br \/>\nAlejandra Maria De La Luz Mu\u00f1oz Maldonado<br \/>\nAlvaro Marin Escobar<br \/>\nAndres Marcelo Soto Alvarez<br \/>\nAndrea Paulina Mancilla Uribe<br \/>\nAna Maria Garrido Fonseca<br \/>\nAnna Maria Botto Beytia<br \/>\nAdrian Manuel Olivares Perez<br \/>\nAlex Esteban Araya Nu\u00a5Ez<br \/>\nArnoldo Rafael Vasquez Balboa<br \/>\nSergio Julio Ayala Labra<br \/>\nB\u00e1rbara Virginia Garc\u00eda Santander<br \/>\nCynthia Andrea Rodriguez Niklitschek<br \/>\nBelen Maria Anne Rivera Cuevas<br \/>\nCamila Alejandra Cerda Trujillo<br \/>\nCamilo Eduardo Fuentes Fica<br \/>\nMario Gonzalo Cantin Lopez<br \/>\nCarla Paola Mora Soto<br \/>\nCarmen Gabriela C. Aranguiz Fernandez<br \/>\nCarolina Viviana Gonzalez Pe\u00f1a<br \/>\nCarolina Alejandra Hurtado Mancilla<br \/>\nCarolina Andrea Soto Alvarez<br \/>\nCarla Steffany Curriel Dosssow<br \/>\nCecilia Paz Nicklas Diaz<br \/>\nCecilia Paz Nahuelpan Sanhueza<br \/>\nCecilia Pamela Jarpa Antinao<br \/>\nSergio Leonardo Castillo Martinez<br \/>\nClaudia Elisa Atala Acevedo<br \/>\nClaudia Paz Acevedo Atala<br \/>\nClaudio Abraham Pe\u00f1a Soto<br \/>\nHector Claudio Andres Valdivia Cornejo<br \/>\nHector Cristobal Arroyo Flores<br \/>\nCristobal Felipe Cancino Ibacache<br \/>\nChristian Pablo Roa Aracena<br \/>\nDaniela Andrea Qui\u00f1inao Silva<br \/>\nDamian Andres Palacios Cayuan<br \/>\nDaniela Maria Carre\u00f1o Paslack<br \/>\nDorila Ester Bobadilla Sepulveda<br \/>\nClaudia Romanet Badilla Montoya<br \/>\nAndres Eduardo Roig Petersen<br \/>\nJuan Pablo Sorrel Monsalve<br \/>\nDelia Valentina Palomera Echeverria<br \/>\nCarol Madeleine Vistoso Hernandez<br \/>\nCarolina Raquel Diaz Bravo<br \/>\nLilian Gloria Abarza Arellano<br \/>\nLilian Aldecira Gonzalez Contreras<br \/>\nBernardo Rene Reyes Soto<br \/>\nDana Andrea Silva Yevenes<br \/>\nEnrique Heriberto Araya Nu\u00f1ez<br \/>\nEdgar Hans Berg Gebert<br \/>\nErnesto Ulises Gabriel Campos Sepulveda<br \/>\nEvelyn Paz Espinoza Brevis<br \/>\nEvelyn Christianne Borie Echevarria<br \/>\nFlor Elizabeth Ya\u00f1ez Solorza<br \/>\nMaria Francisca Castillo Sepulveda<br \/>\nFelipe Alberto Cuevas Troncoso<br \/>\nFelipe Andres Gomez Faundez<br \/>\nFrancisco Javier Perez Zavala<br \/>\nGabriel Eduardo Inzunza Ya\u00f1ez<br \/>\nGloria Patricia Betanzo Uberuaga<br \/>\nGilda Corsini Mu\u00f1oz<br \/>\nGerardo Enrique Saavedra Cuevas<br \/>\nKaren Mercedes Gutierrez O\u00f1ate<br \/>\nHector Natalio Elgueta Elgueta<br \/>\nHector Paulo Sandoval Vidal<br \/>\nEduardo Ivan Messen Paez<br \/>\nIngrid Lorena Sanhueza Gomez<br \/>\nInes Pritzke Pineda<br \/>\nVeronica Andrea Iturriaga Wilder<br \/>\nJaime Moreno Diaz<br \/>\nJavier Hernan Barra Lagos<br \/>\nJorge Ivan Villanueva Garcia<br \/>\nJocelyn Frantzen Cervantes<br \/>\nMaria Jose Bernedo Rios<br \/>\nJose Angel Ramirez Arriagada<br \/>\nJaime Eduardo Riquelme Nu\u00a5Ez<br \/>\nKaren Andrea Cartes Urenda<br \/>\nKaren Vanessa Manriquez Oyaneder<br \/>\nLilian Lorena Ferrada Mendez<br \/>\nLuis Adolfo Pacheco Herrera<br \/>\nManuel Antonio Cespedes Poblete<br \/>\nMaria Jose Antilef Lopez<br \/>\nMarcela Andrea Zablah Aste<br \/>\nMarcia Veronica Sorrel Garcia<br \/>\nMaria Jose Fonseca Santana<br \/>\nMaria Jose Oyarce Hoffstetter<br \/>\nMaricel Emilia Padilla Obreque<br \/>\nMario Agustin Dapelo Zamorano<br \/>\nMaria Paz Andrade Infante<br \/>\nMonica Uberlinda Ceballos Casanova<br \/>\nMaria Eugenia Matamala Carstens<br \/>\nPatricia Irene Pineda Toledo<br \/>\nMarco Antonio Flores Velasquez<br \/>\nDamari Del Rosario Cofre Alonzo<br \/>\nMarjorie Anne Kleinsteuber Madrid<br \/>\nMarcelo Andres Martinez Garcia<br \/>\nManuel Ernesto Pedreros Guenante<br \/>\nMontserrat Pera Cabezas<br \/>\nLaura Isabel Tolosa Echavarri<br \/>\nNatalia Jesus Mu\u00f1oz Lemp<br \/>\nErnestina Natali De La Merc Osorio Villase\u00a5Or<br \/>\nNathalie Denisse Galli Sepulveda<br \/>\nNatacha Catalina Vera Torres<br \/>\nNelson John Bunster Vasquez<br \/>\nNicolas Felipe Heise Ruedi<br \/>\nAndres Eduardo Carrillo Salazar<br \/>\nLuis Armando Mu\u00f1oz Tolhuysen<br \/>\nBenjamin Weber Rauch<br \/>\nOsvaldo Francisco Ruiz Medrano<br \/>\nPedro Tercero Morales Valenzuela<br \/>\nPatricia Monica Abarzua Konig<br \/>\nPablo Delgado Hidalgo<br \/>\nPablo Antonio Junod Lopez<br \/>\nPamela Andrea Pino Diaz<br \/>\nPaola Ingrid Bastias Araya<br \/>\nSebastian Ignacio Parra Lobos<br \/>\nPatricio Francisco Riquelme Caama\u00a5O<br \/>\nPaulette Natalia Roldan Fernandez<br \/>\nPaulina Fernanda Salazar Aguilar<br \/>\nPedro Oscar Rene Gutierrez Moraga<br \/>\nPablo Ignacio Gonzalez Betanzo<br \/>\nPatricia Karin Mu\u00a5Oz Millan<br \/>\nPedro Ignacio Mu\u00f1oz Albarran<br \/>\nAdriana Marianela Torres Moraga<br \/>\nHeriberto Ariel Ramos Inostroza<br \/>\nRodrigo Alberto Donze Cabezas<br \/>\nRene Alfonso Oliveros Silva<br \/>\nRodrigo Fuentes Bustamante<br \/>\nRicardo Alberto Bahamondes Melo<br \/>\nRicardo Augusto Riquelme Mendoza<br \/>\nRocio Constanza Collipal Castillo<br \/>\nRocio Belen Birchmeier Fuentealba<br \/>\nRodolfo Ignacio Troncoso Faesch<br \/>\nRolando Ignacio Figueroa Fernandez<br \/>\nSolange Carolina Cadiz Iturrieta<br \/>\nSergio Ivan Molina Jimenez<br \/>\nSergio Enrique J\u00e9lvez Y\u00e1\u00f1ez<br \/>\nSergio Adrian Olate Morales<br \/>\nSylvia Maria Ines Agurto Ramirez<br \/>\nElizabeth Coloma Wong<br \/>\nThomas Veit Bornhardst Suazo<br \/>\nMaria Teresa Pe\u00f1a Segura<br \/>\nRoberto Andres Vogel Alvarez<br \/>\nLeontina Anselme Silva<br \/>\nVictoria Contreras Acu\u00f1a<br \/>\nLoreto Alejandra Solano Fuentes<br \/>\nVictor Manuel Almeida Arriagada<br \/>\nMaria Angelica Velez Contreras<br \/>\nLucy Ingrid Benz Inalaf<br \/>\nViviana De La Mercedes Troncoso Cuevas<br \/>\nViviana Del Rocio Villa Garcia<br \/>\nVoltaire Navarrete Rozas<br \/>\nJacqueline Elizabeth Cordova Ramirez<br \/>\nXimena Paulina Cruz Herrera<\/p>\n<p>*: Listado actualizado a marzo 2017<\/p>\n","protected":false},"excerpt":{"rendered":"<p>Alexandro Nicolas Gudenschwager Arevalo Anibal Adrian Benavente Rovetto Alejandro Abel Benitez Urrutia Alejandro Antonio Cofre Gutierrez Gladys Alejandra Jans Mu\u00f1oz Alejandra Maria De La Luz Mu\u00f1oz Maldonado Alvaro Marin Escobar Andres Marcelo Soto Alvarez Andrea Paulina Mancilla Uribe Ana Maria Garrido Fonseca Anna Maria Botto Beytia Adrian Manuel Olivares Perez Alex Esteban Araya Nu\u00a5Ez Arnoldo Rafael Vasquez Balboa Sergio Julio Ayala Labra B\u00e1rbara Virginia Garc\u00eda Santander Cynthia Andrea Rodriguez Niklitschek Belen Maria Anne Rivera Cuevas Camila Alejandra Cerda Trujillo Camilo Eduardo Fuentes Fica Mario Gonzalo Cantin Lopez Carla Paola Mora Soto Carmen Gabriela C. Aranguiz Fernandez Carolina Viviana Gonzalez Pe\u00f1a [&hellip;]<\/p>\n","protected":false},"author":7,"featured_media":0,"parent":0,"menu_order":0,"comment_status":"closed","ping_status":"closed","template":"","meta":[],"_links":{"self":[{"href":"https:\/\/www.colegiodentistas.cl\/inicio\/wp-json\/wp\/v2\/pages\/3930"}],"collection":[{"href":"https:\/\/www.colegiodentistas.cl\/inicio\/wp-json\/wp\/v2\/pages"}],"about":[{"href":"https:\/\/www.colegiodentistas.cl\/inicio\/wp-json\/wp\/v2\/types\/page"}],"author":[{"embeddable":true,"href":"https:\/\/www.colegiodentistas.cl\/inicio\/wp-json\/wp\/v2\/users\/7"}],"replies":[{"embeddable":true,"href":"https:\/\/www.colegiodentistas.cl\/inicio\/wp-json\/wp\/v2\/comments?post=3930"}],"version-history":[{"count":3,"href":"https:\/\/www.colegiodentistas.cl\/inicio\/wp-json\/wp\/v2\/pages\/3930\/revisions"}],"predecessor-version":[{"id":4623,"href":"https:\/\/www.colegiodentistas.cl\/inicio\/wp-json\/wp\/v2\/pages\/3930\/revisions\/4623"}],"wp:attachment":[{"href":"https:\/\/www.colegiodentistas.cl\/inicio\/wp-json\/wp\/v2\/media?parent=3930"}],"curies":[{"name":"wp","href":"https:\/\/api.w.org\/{rel}","templated":true}]}}