{"id":321,"date":"2016-01-07T23:05:46","date_gmt":"2016-01-07T23:05:46","guid":{"rendered":"http:\/\/www.colegiodentistas.cl\/inicio\/?page_id=321"},"modified":"2023-07-21T17:09:58","modified_gmt":"2023-07-21T21:09:58","slug":"fesodech-2","status":"publish","type":"page","link":"https:\/\/www.colegiodentistas.cl\/inicio\/fesodech-2\/","title":{"rendered":"Fesodech"},"content":{"rendered":"\n<p>El a\u00f1o 1991, la Federaci\u00f3n de Sociedades Cient\u00edficas de Especialidades Odontol\u00f3gicas de Chile (Fesodech) nace como una instancia de coordinaci\u00f3n  de las diferentes actividades cient\u00edficas y gremiales de las sociedades cient\u00edficas odontol\u00f3gicas reconocidas a la fecha.<\/p>\n\n\n\n<p>Fue reorganizada en 2005 y es reconocida por el Colegio de Cirujano Dentistas de Chile A.G. por medio de su Departamento Cient\u00edfico y, a trav\u00e9s de \u00e9ste, por la comunidad odontol\u00f3gica nacional. <\/p>\n\n\n\n<p>Fesodech tiene 12 sociedades integrantes.<\/p>\n\n\n\n<figure class=\"wp-block-table\"><table><thead><tr><th>Sociedad<\/th><th>Presidente\/a<\/th><th>Informaci\u00f3n de contacto<\/th><\/tr><\/thead><tbody><tr><td>Sociedad Chilena de Odontopediatr\u00eda<\/td><td>Dr. Jos\u00e9 Hassi T.<\/td><td><a rel=\"noopener noreferrer\" href=\"http:\/\/www.odontopediatria.cl\/\" target=\"_blank\">odontopediatria.cl<\/a><\/td><\/tr><tr><td>Sociedad de Cirug\u00eda y Traumatolog\u00eda Bucal y M\u00e1xilo Facial de Chile<\/td><td>Dr. Rodrigo Fari\u00f1a S.<\/td><td><a href=\"https:\/\/www.maxilofacialchile.cl\/\" target=\"_blank\" rel=\"noreferrer noopener\">maxilofacialchile<\/a><a rel=\"noopener noreferrer\" href=\"http:\/\/www.maxilofacialchile.cl\/\" target=\"_blank\">.cl<\/a><\/td><\/tr><tr><td>Sociedad de Endodoncia de Chile<\/td><td>Dra. Priscilla Ledezma A.<\/td><td><a rel=\"noopener noreferrer\" href=\"http:\/\/www.socendochile.cl\/\" target=\"_blank\">socendochile.cl<\/a><\/td><\/tr><tr><td>Sociedad de Implantolog\u00eda Oral de Chile<\/td><td>Dr. Luis \u00c1ngel Antini I.<\/td><td><a href=\"https:\/\/sioch.cl\/sitio\/\" target=\"_blank\" rel=\"noreferrer noopener\" aria-label=\"sioch.cl (opens in a new tab)\">sioch.cl<\/a><\/td><\/tr><tr><td>Sociedad de Operatoria y Odontolog\u00eda Restauradora de Chile<\/td><td>Dr. Mat\u00edas Junge H.<\/td><td><a rel=\"noopener noreferrer\" href=\"http:\/\/www.sorch.cl\" target=\"_blank\">sorch.cl<\/a><\/td><\/tr><tr><td>Sociedad de Ortodoncia de Chile<\/td><td>Dra. Caterina Pruzzo Ch.<\/td><td><a href=\"https:\/\/sortchile.cl\/web\/\" target=\"_blank\" rel=\"noreferrer noopener\">sortchile.cl<\/a><\/td><\/tr><tr><td>Sociedad de Patolog\u00eda Buco M\u00e1xilo-Facial de Chile<\/td><td>Dra. Milly Y\u00e1\u00f1ez M.<\/td><td><a href=\"mailto:patologia.oral.chile@gmail.com\" target=\"_blank\" rel=\"noreferrer noopener\" aria-label=\"patologia.oral.chile@gmail.com (opens in a new tab)\">patologia.oral.chile@gmail.com<\/a><\/td><\/tr><tr><td>Sociedad de Periodoncia de Chile<\/td><td>Dra. Denisse Hern\u00e1ndez F.<\/td><td><a rel=\"noopener noreferrer\" href=\"http:\/\/www.spch.cl\/\" target=\"_blank\">spch.cl<\/a><\/td><\/tr><tr><td>Sociedad de Pr\u00f3tesis y Rehabilitaci\u00f3n Oral de Chile<\/td><td>Dr. Roque Cona T.<\/td><td><a href=\"http:\/\/rehabilitacionoral.cl\/web\/\" target=\"_blank\" rel=\"noreferrer noopener\">rehabilitacionoral.cl<\/a><\/td><\/tr><tr><td>Sociedad de Radiolog\u00eda Oral y M\u00e1xilo Facial de Chile<\/td><td>Dr. Milton Ramos M.<\/td><td><a rel=\"noopener noreferrer\" href=\"http:\/\/www.sociedadradiologiaoral.cl\/\" target=\"_blank\">sociedadradiologiaoral.cl<\/a><\/td><\/tr><tr><td>Sociedad Chilena de Salud P\u00fablica Odontol\u00f3gica<\/td><td>Dr. Duniel Ortu\u00f1o B.<\/td><td><a rel=\"noopener noreferrer\" href=\"mailto:sochispo@gmail.com\" target=\"_blank\">sochispo@gmail.com<\/a><\/td><\/tr><tr><td>Sociedad de Trastornos Temporomandibulares y Dolor Orofacial<\/td><td>Dra. Mar\u00eda Paz Fari\u00f1a V.<\/td><td><a rel=\"noopener noreferrer\" href=\"http:\/\/ttmydof.cl\/\" target=\"_blank\">ttmydof.cl<\/a><\/td><\/tr><\/tbody><\/table><\/figure>\n\n\n\n<hr class=\"wp-block-separator\"\/>\n\n\n\n<p>La principal funci\u00f3n de Fesodech es favorecer el desarrollo, difusi\u00f3n y la actualizaci\u00f3n de especialidades odontol\u00f3gicas en nuestro pa\u00eds, raz\u00f3n por la cual esta federaci\u00f3n se re\u00fane para discutir diversos temas que ata\u00f1en transversalmente a todas y cada una de las sociedades de especialidades adscritas, creando un nexo en primer lugar con el Colegio de Cirujano Dentistas de Chile, con las universidades en cuyo seno se forman especialistas en cada una de las disciplinas odontol\u00f3gicas, con la Corporaci\u00f3n Nacional Aut\u00f3noma de Certificaci\u00f3n de Especialidades Odontol\u00f3gicas (Conaceo) con el Ministerio de Salud y otras entidades que la contingencia amerite.<\/p>\n\n\n\n<p>Con este objetivo, mes a mes, miembros de los directorios de cada una de las sociedades de especialidades integrantes, se re\u00fanen y abordan las situaciones que el escenario sanitario actual presenta a nuestra profesi\u00f3n, en las dimensiones profesional, cient\u00edfica y gremial. <\/p>\n\n\n\n<p>De esta manera esta federaci\u00f3n, que naciera como una entidad instrumental para la regularizaci\u00f3n de las sociedades de especialidades existentes en Chile, se ha transformado con el tiempo en el ente aglutinador de las sociedades cient\u00edficas de especialidades odontol\u00f3gicas con personalidad jur\u00eddica vigente. <\/p>\n\n\n\n<p>Nuestro valor \u00faltimo, y m\u00e1s preciado, es el desarrollo de todas y cada una de sus sociedades adscritas.<\/p>\n\n\n\n<p>En nombre de los miembros de nuestro honorable directorio, les saluda atentamente,<\/p>\n\n\n\n<p><strong>Dra. Bernardita Z\u00fa\u00f1iga Oliva<\/strong><br><strong>Presidenta Federaci\u00f3n de Sociedades de Especialidades Odontol\u00f3gicas de Chile (Fesodech)<\/strong> <\/p>\n\n\n\n<hr class=\"wp-block-separator\"\/>\n\n\n\n<p><span style=\"text-decoration: underline;\">Secretaria<\/span>: Srta. Claudia Carrasco C.<br><span style=\"text-decoration: underline;\">Direcci\u00f3n<\/span>: Av. Santa Mar\u00eda 1990, Providencia, Santiago<br><span style=\"text-decoration: underline;\">Tel\u00e9fono<\/span>: +562 2675 9327<br><span style=\"text-decoration: underline;\">Correo electr\u00f3nico<\/span>: <a href=\"mailto:secretariafesodech@gmail.com\" target=\"_blank\" rel=\"noreferrer noopener\">secretariafesodech@gmail.com<\/a><\/p>\n","protected":false},"excerpt":{"rendered":"<p>El a\u00f1o 1991, la Federaci\u00f3n de Sociedades Cient\u00edficas de Especialidades Odontol\u00f3gicas de Chile (Fesodech) nace como una instancia de coordinaci\u00f3n de las diferentes actividades cient\u00edficas y gremiales de las sociedades cient\u00edficas odontol\u00f3gicas reconocidas a la fecha. Fue reorganizada en 2005 y es reconocida por el Colegio de Cirujano Dentistas de Chile A.G. por medio de su Departamento Cient\u00edfico y, a trav\u00e9s de \u00e9ste, por la comunidad odontol\u00f3gica nacional. Fesodech tiene 12 sociedades integrantes. Sociedad Presidente\/a Informaci\u00f3n de contacto Sociedad Chilena de Odontopediatr\u00eda Dr. Jos\u00e9 Hassi T. odontopediatria.cl Sociedad de Cirug\u00eda y Traumatolog\u00eda Bucal y M\u00e1xilo Facial de Chile Dr. Rodrigo [&hellip;]<\/p>\n","protected":false},"author":1,"featured_media":0,"parent":0,"menu_order":0,"comment_status":"closed","ping_status":"closed","template":"","meta":[],"_links":{"self":[{"href":"https:\/\/www.colegiodentistas.cl\/inicio\/wp-json\/wp\/v2\/pages\/321"}],"collection":[{"href":"https:\/\/www.colegiodentistas.cl\/inicio\/wp-json\/wp\/v2\/pages"}],"about":[{"href":"https:\/\/www.colegiodentistas.cl\/inicio\/wp-json\/wp\/v2\/types\/page"}],"author":[{"embeddable":true,"href":"https:\/\/www.colegiodentistas.cl\/inicio\/wp-json\/wp\/v2\/users\/1"}],"replies":[{"embeddable":true,"href":"https:\/\/www.colegiodentistas.cl\/inicio\/wp-json\/wp\/v2\/comments?post=321"}],"version-history":[{"count":9,"href":"https:\/\/www.colegiodentistas.cl\/inicio\/wp-json\/wp\/v2\/pages\/321\/revisions"}],"predecessor-version":[{"id":19544931,"href":"https:\/\/www.colegiodentistas.cl\/inicio\/wp-json\/wp\/v2\/pages\/321\/revisions\/19544931"}],"wp:attachment":[{"href":"https:\/\/www.colegiodentistas.cl\/inicio\/wp-json\/wp\/v2\/media?parent=321"}],"curies":[{"name":"wp","href":"https:\/\/api.w.org\/{rel}","templated":true}]}}