{"id":3020617,"date":"2020-06-11T12:57:00","date_gmt":"2020-06-11T16:57:00","guid":{"rendered":"http:\/\/www.colegiodentistas.cl\/inicio\/?page_id=3020617"},"modified":"2024-07-01T21:38:02","modified_gmt":"2024-07-02T01:38:02","slug":"convenio-fesuc","status":"publish","type":"page","link":"https:\/\/www.colegiodentistas.cl\/inicio\/convenios\/convenios-profesionales\/convenio-fesuc\/","title":{"rendered":"Convenio Fesuc"},"content":{"rendered":"\n<p>El Colegio de Cirujano Dentistas de Chile tiene un convenio con la <a href=\"https:\/\/www.fesuc.cl\/\" target=\"_blank\" rel=\"noreferrer noopener\" aria-label=\"Federaci\u00f3n de Sindicatos de Supervisores del Cobre (abrir en una nueva pesta\u00f1a)\">Federaci\u00f3n de Sindicatos de Supervisores del Cobre<\/a> (Fesuc) para formar una red de cl\u00ednicas de ejercicio privado de colegiados de todo el pa\u00eds.<\/p>\n\n\n\n<p>Para que nuestros colegiados y colegiadas puedan adscribirse al convenio deben cumplir los siguientes requisitos copulativos:<\/p>\n\n\n\n<ol><li>Tener el pago de sus cuotas al d\u00eda.<\/li><li>Su consulta debe contar con autorizaci\u00f3n sanitaria.<\/li><li>Tener un seguro de responsabilidad civil. <\/li><li>Enviar los antecedentes que acrediten los 3 puntos anteriores al correo electr\u00f3nico <a rel=\"noreferrer noopener\" href=\"mailto:atencion.privada@colegiodentistas.cl\" target=\"_blank\"><span style=\"text-decoration: underline;\">atencion.privada@colegiodentistas.cl<\/span><\/a>.<br>El Departamento los har\u00e1 llegar a Fesuc para concretar el convenio.<\/li><\/ol>\n\n\n\n<hr class=\"wp-block-separator\"\/>\n\n\n\n<p>Consigue m\u00e1s informaci\u00f3n sobre c\u00f3mo sumarte en el correo electr\u00f3nico <a rel=\"noreferrer noopener\" aria-label=\"atencion.privada@colegiodentistas.cl (abrir en una nueva pesta\u00f1a)\" href=\"mailto:atencion.privada@colegiodentistas.cl\" target=\"_blank\">atencion.privada@colegiodentistas.cl<\/a><\/p>\n\n\n\n<hr class=\"wp-block-separator\"\/>\n\n\n\n<p style=\"font-size:30px\"><strong>Ciudades en convenio<\/strong><\/p>\n\n\n\n<p class=\"has-vivid-cyan-blue-color has-text-color has-medium-font-size\"><strong><span style=\"text-decoration: underline;\"><a href=\"https:\/\/www.colegiodentistas.cl\/inicio\/convenios\/convenios-profesionales\/convenio-fesuc\/calama\/\">Calama<\/a><\/span><\/strong><\/p>\n\n\n\n<p class=\"has-vivid-cyan-blue-color has-text-color has-medium-font-size\"><a href=\"https:\/\/www.colegiodentistas.cl\/inicio\/convenios\/convenios-profesionales\/convenio-fesuc\/santiago\/\"><span style=\"text-decoration: underline;\"><strong>Santiago<\/strong><\/span><\/a><\/p>\n","protected":false},"excerpt":{"rendered":"<p>El Colegio de Cirujano Dentistas de Chile tiene un convenio con la Federaci\u00f3n de Sindicatos de Supervisores del Cobre (Fesuc) para formar una red de cl\u00ednicas de ejercicio privado de colegiados de todo el pa\u00eds. Para que nuestros colegiados y colegiadas puedan adscribirse al convenio deben cumplir los siguientes requisitos copulativos: Tener el pago de sus cuotas al d\u00eda. Su consulta debe contar con autorizaci\u00f3n sanitaria. Tener un seguro de responsabilidad civil. Enviar los antecedentes que acrediten los 3 puntos anteriores al correo electr\u00f3nico atencion.privada@colegiodentistas.cl.El Departamento los har\u00e1 llegar a Fesuc para concretar el convenio. Consigue m\u00e1s informaci\u00f3n sobre c\u00f3mo [&hellip;]<\/p>\n","protected":false},"author":7,"featured_media":0,"parent":9073953,"menu_order":0,"comment_status":"closed","ping_status":"closed","template":"","meta":[],"_links":{"self":[{"href":"https:\/\/www.colegiodentistas.cl\/inicio\/wp-json\/wp\/v2\/pages\/3020617"}],"collection":[{"href":"https:\/\/www.colegiodentistas.cl\/inicio\/wp-json\/wp\/v2\/pages"}],"about":[{"href":"https:\/\/www.colegiodentistas.cl\/inicio\/wp-json\/wp\/v2\/types\/page"}],"author":[{"embeddable":true,"href":"https:\/\/www.colegiodentistas.cl\/inicio\/wp-json\/wp\/v2\/users\/7"}],"replies":[{"embeddable":true,"href":"https:\/\/www.colegiodentistas.cl\/inicio\/wp-json\/wp\/v2\/comments?post=3020617"}],"version-history":[{"count":10,"href":"https:\/\/www.colegiodentistas.cl\/inicio\/wp-json\/wp\/v2\/pages\/3020617\/revisions"}],"predecessor-version":[{"id":19546907,"href":"https:\/\/www.colegiodentistas.cl\/inicio\/wp-json\/wp\/v2\/pages\/3020617\/revisions\/19546907"}],"up":[{"embeddable":true,"href":"https:\/\/www.colegiodentistas.cl\/inicio\/wp-json\/wp\/v2\/pages\/9073953"}],"wp:attachment":[{"href":"https:\/\/www.colegiodentistas.cl\/inicio\/wp-json\/wp\/v2\/media?parent=3020617"}],"curies":[{"name":"wp","href":"https:\/\/api.w.org\/{rel}","templated":true}]}}