{"id":273,"date":"2016-01-06T15:14:39","date_gmt":"2016-01-06T15:14:39","guid":{"rendered":"http:\/\/www.colegiodentistas.cl\/inicio\/?page_id=273"},"modified":"2024-06-07T17:21:03","modified_gmt":"2024-06-07T21:21:03","slug":"para-odontologos-y-miembros-de-la-comunidad-odontologica","status":"publish","type":"page","link":"https:\/\/www.colegiodentistas.cl\/inicio\/para-odontologos-y-miembros-de-la-comunidad-odontologica\/","title":{"rendered":"Te invitamos a ser parte del Colegio de Cirujano Dentistas de Chile"},"content":{"rendered":"\n<h3>Cont\u00e1ctanos<\/h3>\n\n\n\n<div class=\"wp-block-contact-form-7-contact-form-selector\"><div role=\"form\" class=\"wpcf7\" id=\"wpcf7-f84-o1\" lang=\"es-ES\" dir=\"ltr\">\n<div class=\"screen-reader-response\"><p role=\"status\" aria-live=\"polite\" aria-atomic=\"true\"><\/p> <ul><\/ul><\/div>\n<form action=\"\/inicio\/wp-json\/wp\/v2\/pages\/273#wpcf7-f84-o1\" method=\"post\" class=\"wpcf7-form init\" novalidate=\"novalidate\" data-status=\"init\">\n<div style=\"display: none;\">\n<input type=\"hidden\" name=\"_wpcf7\" value=\"84\" \/>\n<input type=\"hidden\" name=\"_wpcf7_version\" value=\"5.5.6\" \/>\n<input type=\"hidden\" name=\"_wpcf7_locale\" value=\"es_ES\" \/>\n<input type=\"hidden\" name=\"_wpcf7_unit_tag\" value=\"wpcf7-f84-o1\" \/>\n<input type=\"hidden\" name=\"_wpcf7_container_post\" value=\"0\" \/>\n<input type=\"hidden\" name=\"_wpcf7_posted_data_hash\" value=\"\" \/>\n<\/div>\n<p>Nombre (requerido)<br \/>\n    <span class=\"wpcf7-form-control-wrap your-name\"><input type=\"text\" name=\"your-name\" value=\"\" size=\"40\" class=\"wpcf7-form-control wpcf7-text wpcf7-validates-as-required\" aria-required=\"true\" aria-invalid=\"false\" \/><\/span> <\/p>\n<p>Rut (requerido)<br \/>\n    <span class=\"wpcf7-form-control-wrap rut\"><input type=\"text\" name=\"rut\" value=\"\" size=\"40\" class=\"wpcf7-form-control wpcf7-text wpcf7-validates-as-required\" aria-required=\"true\" aria-invalid=\"false\" \/><\/span><\/p>\n<p>Correo electr\u00f3nico (requerido)<br \/>\n    <span class=\"wpcf7-form-control-wrap your-email\"><input type=\"email\" name=\"your-email\" value=\"\" size=\"40\" class=\"wpcf7-form-control wpcf7-text wpcf7-email wpcf7-validates-as-required wpcf7-validates-as-email\" aria-required=\"true\" aria-invalid=\"false\" \/><\/span> <\/p>\n<p>Celular<br \/>\n    <span class=\"wpcf7-form-control-wrap tel-969\"><input type=\"tel\" name=\"tel-969\" value=\"\" size=\"40\" class=\"wpcf7-form-control wpcf7-text wpcf7-tel wpcf7-validates-as-tel\" aria-invalid=\"false\" \/><\/span><\/p>\n<p><input type=\"submit\" value=\"Enviar\" class=\"wpcf7-form-control has-spinner wpcf7-submit\" \/><\/p>\n<input type='hidden' class='wpcf7-pum' value='{\"closepopup\":false,\"closedelay\":0,\"openpopup\":false,\"openpopup_id\":0}' \/><div class=\"wpcf7-response-output\" aria-hidden=\"true\"><\/div><\/form><\/div><\/div>\n\n\n\n<hr class=\"wp-block-separator\"\/>\n\n\n\n<h3>\u00bfC\u00f3mo colegiarse?<\/h3>\n\n\n\n<p>Estos son los requisitos para ser parte de nuestra instituci\u00f3n, de acuerdo a nuestro <span style=\"text-decoration: underline;\"><a href=\"https:\/\/www.colegiodentistas.cl\/inicio\/wp-content\/uploads\/2016\/12\/Reglamento-de-Afiliaci%C3%B3n-y-Cuotas-Sociales-2017.pdf\" target=\"_blank\" rel=\"noopener\">Reglamento de Afiliaci\u00f3n y Reincorporaci\u00f3n vigente<\/a><\/span>:<\/p>\n\n\n\n<h4>Cirujano dentistas titulados en Chile (para inscripci\u00f3n o reincorporaci\u00f3n):<\/h4>\n\n\n\n<ol><li>Fotocopia legalizada Certificado de T\u00edtulo.<\/li><li>Certificado de inscripci\u00f3n del profesional ante la Superintendencia de Salud (o copia legalizada de la c\u00e9dula de identidad que acredite al reverso la condici\u00f3n cirujano dentista)\u00b9<\/li><li>Completar formularios de inscripci\u00f3n o reincorporaci\u00f3n.<\/li><li>Completar solicitud de incorporaci\u00f3n al Seguro Complementario de Salud.<\/li><li>Declarar beneficiario en caso de fallecimiento.<\/li><\/ol>\n\n\n\n<p><em>\u00b9: En los casos que la o el cirujano dentista no acompa\u00f1e una copia legalizada de su c\u00e9dula de identidad, en los t\u00e9rminos antes indicados, se aceptar\u00e1 que se entregue una fotocopia simple de \u00e9sta. En tales circunstancias, la fotocopia simple deber\u00e1 otorgarse necesariamente acompa\u00f1ada con alguno cualquiera de los documentos indicados en los numerales 1 y 2 precedentes.<\/em><\/p>\n\n\n\n<hr class=\"wp-block-separator\"\/>\n\n\n\n<h4>Cirujano dentistas titulados en el extranjero (para inscripci\u00f3n o reincorporaci\u00f3n):<\/h4>\n\n\n\n<ol><li>Pa\u00edses sin convenio: Certificado de t\u00edtulo revalidado ante la Universidad de Chile, debidamente legalizado ante notario.<\/li><li>Pa\u00edses con convenio: Certificado de t\u00edtulo debidamente legalizado y reconocido ante el Ministerio de Relaciones Exteriores de Chile.<\/li><li>En subsidio de los anteriores, el profesional podr\u00e1 presentar: Certificado de inscripci\u00f3n ante la Superintendencia de Salud.<\/li><li>Dos (2) cartas de recomendaci\u00f3n de colegiados chilenos (con cuotas al d\u00eda).<\/li><li>Completar formularios de inscripci\u00f3n o reincorporaci\u00f3n.<\/li><li>Completar solicitud de incorporaci\u00f3n al Seguro Complementario de Salud.<\/li><li>Declarar beneficiario en caso de fallecimiento.<\/li><\/ol>\n\n\n\n<hr class=\"wp-block-separator\"\/>\n\n\n\n<h3>Alternativas de pago<\/h3>\n\n\n\n<ul><li>Pago presencial, directamente en Tesorer\u00eda.<\/li><li>Dep\u00f3sito\/transferencia bancaria (Cta. Cte. N\u00ba201790564 del Banco Ita\u00fa).<\/li><li>Descuento a trav\u00e9s del mandato PAC (con cargo cuenta corriente).<\/li><li>Descuento a trav\u00e9s del mandato PAT (con cargo tarjeta de cr\u00e9dito).<\/li><\/ul>\n\n\n\n<hr class=\"wp-block-separator\"\/>\n\n\n\n<h3>Beneficios<\/h3>\n\n\n\n<ul><li>Beneficios a trav\u00e9s del Departamento de Acci\u00f3n Social (DAS):<br><a href=\"https:\/\/www.colegiodentistas.cl\/inicio\/beneficios\/departamento-de-accion-social-das\/\">> <span style=\"text-decoration: underline;\">Ayuda econ\u00f3mica no reintegrable<\/span><\/a><br><a href=\"https:\/\/www.colegiodentistas.cl\/inicio\/beneficios\/departamento-de-accion-social-das\/\">> <span style=\"text-decoration: underline;\">Cuota de auxilio por fallecimiento<\/span><\/a><br><a href=\"https:\/\/www.colegiodentistas.cl\/inicio\/beneficios\/departamento-de-accion-social-das\/\">> <span style=\"text-decoration: underline;\">Bono de natalidad\/adopci\u00f3n<\/span><\/a><br><a href=\"https:\/\/www.colegiodentistas.cl\/inicio\/beneficios\/departamento-de-accion-social-das\/\">> <span style=\"text-decoration: underline;\">Bono de matrimonio<\/span><\/a><br><a href=\"https:\/\/www.colegiodentistas.cl\/inicio\/beneficios\/departamento-de-accion-social-das\/\">> <span style=\"text-decoration: underline;\">Bono de Acuerdo de Uni\u00f3n Civil<\/span><\/a><br><a href=\"https:\/\/www.colegiodentistas.cl\/inicio\/beneficios\/departamento-de-accion-social-das\/\">> <span style=\"text-decoration: underline;\">Bono de Salud Compensatorio<\/span><\/a><\/li><li><a href=\"https:\/\/www.colegiodentistas.cl\/inicio\/2024\/05\/28\/unete-a-nuestro-nuevo-seguro-de-responsabilidad-civil\/\">Compa\u00f1\u00eda legal de asesor\u00eda<\/a><\/li><li><a href=\"https:\/\/www.colegiodentistas.cl\/inicio\/beneficios\/club-de-campo-pirque\/\"><span style=\"text-decoration: underline;\">Club de campo Pirque<\/span><\/a><\/li><li><span style=\"text-decoration: underline;\"><a rel=\"noopener\" href=\"http:\/\/www.admident.cl\" target=\"_blank\">Admident<\/a><\/span><\/li><\/ul>\n\n\n\n<p>Para m\u00e1s informaci\u00f3n respecto a <strong>beneficios y convenios<\/strong>, revisa la secci\u00f3n <span style=\"text-decoration: underline;\"><strong>\u00c1rea Colegiados<\/strong><\/span> del men\u00fa principal de nuestro sitio.<\/p>\n\n\n\n<hr class=\"wp-block-separator\"\/>\n\n\n\n<h4>\u00bfD\u00f3nde encuentro informaci\u00f3n respecto a especializaciones profesionales?<\/h4>\n\n\n\n<p>En el sitio web de la <a rel=\"noreferrer noopener\" href=\"https:\/\/www.conaceo.cl\/\" target=\"_blank\"><span style=\"text-decoration: underline;\">Corporaci\u00f3n Nacional Aut\u00f3noma de Certificaci\u00f3n de Especialidades Odontol\u00f3gicas (Conaceo)<\/span><\/a> puedes encontrar informaci\u00f3n sobre la certificaci\u00f3n como especialista de los cirujano dentistas.<\/p>\n\n\n\n<p><\/p>\n","protected":false},"excerpt":{"rendered":"<p>Cont\u00e1ctanos \u00bfC\u00f3mo colegiarse? Estos son los requisitos para ser parte de nuestra instituci\u00f3n, de acuerdo a nuestro Reglamento de Afiliaci\u00f3n y Reincorporaci\u00f3n vigente: Cirujano dentistas titulados en Chile (para inscripci\u00f3n o reincorporaci\u00f3n): Fotocopia legalizada Certificado de T\u00edtulo. Certificado de inscripci\u00f3n del profesional ante la Superintendencia de Salud (o copia legalizada de la c\u00e9dula de identidad que acredite al reverso la condici\u00f3n cirujano dentista)\u00b9 Completar formularios de inscripci\u00f3n o reincorporaci\u00f3n. Completar solicitud de incorporaci\u00f3n al Seguro Complementario de Salud. Declarar beneficiario en caso de fallecimiento. \u00b9: En los casos que la o el cirujano dentista no acompa\u00f1e una copia legalizada de [&hellip;]<\/p>\n","protected":false},"author":1,"featured_media":0,"parent":0,"menu_order":0,"comment_status":"closed","ping_status":"closed","template":"","meta":[],"_links":{"self":[{"href":"https:\/\/www.colegiodentistas.cl\/inicio\/wp-json\/wp\/v2\/pages\/273"}],"collection":[{"href":"https:\/\/www.colegiodentistas.cl\/inicio\/wp-json\/wp\/v2\/pages"}],"about":[{"href":"https:\/\/www.colegiodentistas.cl\/inicio\/wp-json\/wp\/v2\/types\/page"}],"author":[{"embeddable":true,"href":"https:\/\/www.colegiodentistas.cl\/inicio\/wp-json\/wp\/v2\/users\/1"}],"replies":[{"embeddable":true,"href":"https:\/\/www.colegiodentistas.cl\/inicio\/wp-json\/wp\/v2\/comments?post=273"}],"version-history":[{"count":10,"href":"https:\/\/www.colegiodentistas.cl\/inicio\/wp-json\/wp\/v2\/pages\/273\/revisions"}],"predecessor-version":[{"id":19546814,"href":"https:\/\/www.colegiodentistas.cl\/inicio\/wp-json\/wp\/v2\/pages\/273\/revisions\/19546814"}],"wp:attachment":[{"href":"https:\/\/www.colegiodentistas.cl\/inicio\/wp-json\/wp\/v2\/media?parent=273"}],"curies":[{"name":"wp","href":"https:\/\/api.w.org\/{rel}","templated":true}]}}