{"id":269,"date":"2016-01-06T15:06:37","date_gmt":"2016-01-06T15:06:37","guid":{"rendered":"http:\/\/www.colegiodentistas.cl\/inicio\/?page_id=269"},"modified":"2017-02-02T13:37:11","modified_gmt":"2017-02-02T16:37:11","slug":"para-publico-en-general","status":"publish","type":"page","link":"https:\/\/www.colegiodentistas.cl\/inicio\/para-publico-en-general\/","title":{"rendered":"Para p\u00fablico en general"},"content":{"rendered":"<h3>\u00bfQu\u00e9 servicios ofrece el Colegio?<\/h3>\n<p><!--more--><\/p>\n<p>Nuestra instituci\u00f3n es una Asociaci\u00f3n Gremial que vela por el progreso de la profesi\u00f3n, defendiendo sus prerrogativas. Asimismo, procura la protecci\u00f3n social, jur\u00eddica y econ\u00f3mica de sus colegiados, adem\u00e1s de racionalizar y supervisar el ejercicio profesional.<\/p>\n<p>Los servicios que ofrece en colegio redundan en beneficios para sus miembros, de la mano de un resguardo de la Odontolog\u00eda en\u00a0 que sus acciones redunden en beneficio de los Colegiados, de la Odontolog\u00eda en general con \u00e9nfasis en el bienestar y la salud de la poblaci\u00f3n chilena.<\/p>\n<p>&nbsp;<\/p>\n<h3>\u00bfEl Colegio brinda un sistema de atenci\u00f3n de salud dental?<\/h3>\n<p><!--more--><\/p>\n<p>Tal como fue mencionado anteriormente, el Colegio de Cirujano Dentistas de Chile A.G. es una instituci\u00f3n que busca el beneficio de sus miembros y de la Odontolog\u00eda en general. Nos preocupa el bienestar y la salud bucal de la poblaci\u00f3n, sin embargo no ofrecemos ning\u00fan tipo de atenci\u00f3n dental (ni de car\u00e1cter urgente, primario o de especialidad).<\/p>\n<p>&nbsp;<\/p>\n<h3>\u00bfPueden recomendarme alg\u00fan odont\u00f3logo general y\/o especialista?<\/h3>\n<p><!--more--><\/p>\n<p>Atendiendo al car\u00e1cter de asociaci\u00f3n gremial de nuestra instituci\u00f3n, es que no estamos facultados para entregar este tipo de informaci\u00f3n. Lo mismo ocurre en el caso de querer confirmar datos personales o de contacto de nuestros colegiados.<\/p>\n<p>En el caso de que usted necesite confirmar alg\u00fan dato relacionado con la identidad del profesional, puede dirigirse a la\u00a0<a href=\"http:\/\/www.supersalud.gob.cl\/portal\/w3-channel.html\" target=\"_blank\">Superintendencia de Salud<\/a>, en donde podr\u00e1 recibir la orientaci\u00f3n necesaria.<\/p>\n","protected":false},"excerpt":{"rendered":"<p>\u00bfQu\u00e9 servicios ofrece el Colegio?<\/p>\n","protected":false},"author":1,"featured_media":0,"parent":0,"menu_order":0,"comment_status":"closed","ping_status":"closed","template":"","meta":[],"_links":{"self":[{"href":"https:\/\/www.colegiodentistas.cl\/inicio\/wp-json\/wp\/v2\/pages\/269"}],"collection":[{"href":"https:\/\/www.colegiodentistas.cl\/inicio\/wp-json\/wp\/v2\/pages"}],"about":[{"href":"https:\/\/www.colegiodentistas.cl\/inicio\/wp-json\/wp\/v2\/types\/page"}],"author":[{"embeddable":true,"href":"https:\/\/www.colegiodentistas.cl\/inicio\/wp-json\/wp\/v2\/users\/1"}],"replies":[{"embeddable":true,"href":"https:\/\/www.colegiodentistas.cl\/inicio\/wp-json\/wp\/v2\/comments?post=269"}],"version-history":[{"count":3,"href":"https:\/\/www.colegiodentistas.cl\/inicio\/wp-json\/wp\/v2\/pages\/269\/revisions"}],"predecessor-version":[{"id":4001,"href":"https:\/\/www.colegiodentistas.cl\/inicio\/wp-json\/wp\/v2\/pages\/269\/revisions\/4001"}],"wp:attachment":[{"href":"https:\/\/www.colegiodentistas.cl\/inicio\/wp-json\/wp\/v2\/media?parent=269"}],"curies":[{"name":"wp","href":"https:\/\/api.w.org\/{rel}","templated":true}]}}