{"id":260,"date":"2016-01-06T14:34:14","date_gmt":"2016-01-06T14:34:14","guid":{"rendered":"http:\/\/www.colegiodentistas.cl\/inicio\/?page_id=260"},"modified":"2024-06-03T10:28:34","modified_gmt":"2024-06-03T14:28:34","slug":"contacto","status":"publish","type":"page","link":"https:\/\/www.colegiodentistas.cl\/inicio\/contacto\/","title":{"rendered":"Contacto"},"content":{"rendered":"<p><img loading=\"lazy\" class=\"aligncenter wp-image-261 size-full\" src=\"https:\/\/www.colegiodentistas.cl\/inicio\/wp-content\/uploads\/2016\/01\/SantaMaria1990.jpg\" alt=\"SantaMaria1990\" width=\"915\" height=\"514\" srcset=\"https:\/\/www.colegiodentistas.cl\/inicio\/wp-content\/uploads\/2016\/01\/SantaMaria1990.jpg 915w, https:\/\/www.colegiodentistas.cl\/inicio\/wp-content\/uploads\/2016\/01\/SantaMaria1990-300x169.jpg 300w, https:\/\/www.colegiodentistas.cl\/inicio\/wp-content\/uploads\/2016\/01\/SantaMaria1990-768x431.jpg 768w, https:\/\/www.colegiodentistas.cl\/inicio\/wp-content\/uploads\/2016\/01\/SantaMaria1990-400x225.jpg 400w, https:\/\/www.colegiodentistas.cl\/inicio\/wp-content\/uploads\/2016\/01\/SantaMaria1990-890x500.jpg 890w\" sizes=\"(max-width: 915px) 100vw, 915px\" \/><\/p>\n<p><strong>Doctora o doctor:<\/strong><\/p>\n<p>El Colegio de Dentistas es una instituci\u00f3n que no s\u00f3lo lucha por sus derechos, sino que adem\u00e1s ofrece a sus miembros una serie de beneficios concretos.<\/p>\n<p>De esta forma, es que al ser parte del Colegio de Cirujano Dentistas de Chile, usted podr\u00e1 gozar de los siguientes beneficios y convenios:<\/p>\n<p><strong>Beneficios:<\/strong><\/p>\n<p>- Departamento de Acci\u00f3n Social.<br \/>\n- CADO (E-Commerce).<br \/>\n- Seguro Complementario de Salud.<br \/>\n- Seguro de Responsabilidad Civil.<br \/>\n- E-Coldent: plataforma de educaci\u00f3n continua.<br \/>\n- Club de Campo Pirque.<br \/>\n- Banco Ita\u00fa y formas de pago de colegiatura.<\/p>\n<p>Para m\u00e1s informaci\u00f3n, colegiatura y otras consultas, te invitamos a completar el siguiente formulario de contacto. Una vez ingresados tus datos, nos comunicaremos para as\u00ed gestionar una visita personalizada a su consulta, de manera tal que se facilite el tr\u00e1mite de incorporaci\u00f3n a la Orden.<\/p>\n<h4>FORMULARIO DE CONTACTO<br \/>\n<div role=\"form\" class=\"wpcf7\" id=\"wpcf7-f84-o1\" lang=\"es-ES\" dir=\"ltr\">\n<div class=\"screen-reader-response\"><p role=\"status\" aria-live=\"polite\" aria-atomic=\"true\"><\/p> <ul><\/ul><\/div>\n<form action=\"\/inicio\/wp-json\/wp\/v2\/pages\/260#wpcf7-f84-o1\" method=\"post\" class=\"wpcf7-form init\" novalidate=\"novalidate\" data-status=\"init\">\n<div style=\"display: none;\">\n<input type=\"hidden\" name=\"_wpcf7\" value=\"84\" \/>\n<input type=\"hidden\" name=\"_wpcf7_version\" value=\"5.5.6\" \/>\n<input type=\"hidden\" name=\"_wpcf7_locale\" value=\"es_ES\" \/>\n<input type=\"hidden\" name=\"_wpcf7_unit_tag\" value=\"wpcf7-f84-o1\" \/>\n<input type=\"hidden\" name=\"_wpcf7_container_post\" value=\"0\" \/>\n<input type=\"hidden\" name=\"_wpcf7_posted_data_hash\" value=\"\" \/>\n<\/div>\n<p>Nombre (requerido)<br \/>\n    <span class=\"wpcf7-form-control-wrap your-name\"><input type=\"text\" name=\"your-name\" value=\"\" size=\"40\" class=\"wpcf7-form-control wpcf7-text wpcf7-validates-as-required\" aria-required=\"true\" aria-invalid=\"false\" \/><\/span> <\/p>\n<p>Rut (requerido)<br \/>\n    <span class=\"wpcf7-form-control-wrap rut\"><input type=\"text\" name=\"rut\" value=\"\" size=\"40\" class=\"wpcf7-form-control wpcf7-text wpcf7-validates-as-required\" aria-required=\"true\" aria-invalid=\"false\" \/><\/span><\/p>\n<p>Correo electr\u00f3nico (requerido)<br \/>\n    <span class=\"wpcf7-form-control-wrap your-email\"><input type=\"email\" name=\"your-email\" value=\"\" size=\"40\" class=\"wpcf7-form-control wpcf7-text wpcf7-email wpcf7-validates-as-required wpcf7-validates-as-email\" aria-required=\"true\" aria-invalid=\"false\" \/><\/span> <\/p>\n<p>Celular<br \/>\n    <span class=\"wpcf7-form-control-wrap tel-969\"><input type=\"tel\" name=\"tel-969\" value=\"\" size=\"40\" class=\"wpcf7-form-control wpcf7-text wpcf7-tel wpcf7-validates-as-tel\" aria-invalid=\"false\" \/><\/span><\/p>\n<p><input type=\"submit\" value=\"Enviar\" class=\"wpcf7-form-control has-spinner wpcf7-submit\" \/><\/p>\n<input type='hidden' class='wpcf7-pum' value='{\"closepopup\":false,\"closedelay\":0,\"openpopup\":false,\"openpopup_id\":0}' \/><div class=\"wpcf7-response-output\" aria-hidden=\"true\"><\/div><\/form><\/div><\/h4>\n<p><strong>Colegio de Cirujano Dentistas de Chile A.G.<\/strong><br \/>\nAv. Santa Mar\u00eda #1990 - Providencia - Santiago \/ Tel\u00e9fono Mesa Central: 226 759 300 \/ Correo: <a href=\"mailto:contacto@colegiodentistas.cl\" target=\"_blank\" rel=\"noopener\">contacto@colegiodentistas.cl<\/a>.<br \/>\nHorario de atenci\u00f3n: Lunes a jueves: 08:30 - 18:15 horas. Viernes: 08:30 - 16:00Hrs.<\/p>\n","protected":false},"excerpt":{"rendered":"<p>Doctora o doctor: El Colegio de Dentistas es una instituci\u00f3n que no s\u00f3lo lucha por sus derechos, sino que adem\u00e1s ofrece a sus miembros una serie de beneficios concretos. De esta forma, es que al ser parte del Colegio de Cirujano Dentistas de Chile, usted podr\u00e1 gozar de los siguientes beneficios y convenios: Beneficios: &#8211; Departamento de Acci\u00f3n Social. &#8211; CADO (E-Commerce). &#8211; Seguro Complementario de Salud. &#8211; Seguro de Responsabilidad Civil. &#8211; E-Coldent: plataforma de educaci\u00f3n continua. &#8211; Club de Campo Pirque. &#8211; Banco Ita\u00fa y formas de pago de colegiatura. Para m\u00e1s informaci\u00f3n, colegiatura y otras consultas, te [&hellip;]<\/p>\n","protected":false},"author":1,"featured_media":0,"parent":0,"menu_order":0,"comment_status":"closed","ping_status":"closed","template":"","meta":[],"_links":{"self":[{"href":"https:\/\/www.colegiodentistas.cl\/inicio\/wp-json\/wp\/v2\/pages\/260"}],"collection":[{"href":"https:\/\/www.colegiodentistas.cl\/inicio\/wp-json\/wp\/v2\/pages"}],"about":[{"href":"https:\/\/www.colegiodentistas.cl\/inicio\/wp-json\/wp\/v2\/types\/page"}],"author":[{"embeddable":true,"href":"https:\/\/www.colegiodentistas.cl\/inicio\/wp-json\/wp\/v2\/users\/1"}],"replies":[{"embeddable":true,"href":"https:\/\/www.colegiodentistas.cl\/inicio\/wp-json\/wp\/v2\/comments?post=260"}],"version-history":[{"count":5,"href":"https:\/\/www.colegiodentistas.cl\/inicio\/wp-json\/wp\/v2\/pages\/260\/revisions"}],"predecessor-version":[{"id":19546811,"href":"https:\/\/www.colegiodentistas.cl\/inicio\/wp-json\/wp\/v2\/pages\/260\/revisions\/19546811"}],"wp:attachment":[{"href":"https:\/\/www.colegiodentistas.cl\/inicio\/wp-json\/wp\/v2\/media?parent=260"}],"curies":[{"name":"wp","href":"https:\/\/api.w.org\/{rel}","templated":true}]}}