{"id":2169361,"date":"2020-05-06T11:43:51","date_gmt":"2020-05-06T15:43:51","guid":{"rendered":"http:\/\/www.colegiodentistas.cl\/inicio\/?page_id=2169361"},"modified":"2024-05-29T12:40:18","modified_gmt":"2024-05-29T16:40:18","slug":"cuota-unica-nacional","status":"publish","type":"page","link":"https:\/\/www.colegiodentistas.cl\/inicio\/cuota-unica-nacional\/","title":{"rendered":"Cuota \u00danica Nacional 2024"},"content":{"rendered":"\n<p>El Honorable Consejo Nacional del Colegio&nbsp;informa el valor de la Cuota \u00danica Nacional (CUN) para 2024.<\/p>\n\n\n\n<p>A continuaci\u00f3n detallamos el monto a cancelar mensualmente junto con el respectivo desglose y categorizaci\u00f3n de cuotas diferenciadas:<\/p>\n\n\n\n<h2 class=\"has-text-align-center\">Valor mensual: <strong>$28.300-<\/strong><\/h2>\n\n\n\n<p class=\"has-text-align-center\"><em>Cuota a pagar por todos los colegiados que no califiquen dentro de cuotas diferenciadas.<\/em><\/p>\n\n\n\n<hr class=\"wp-block-separator\"\/>\n\n\n\n<h3><strong>Cuotas diferenciadas<\/strong><\/h3>\n\n\n\n<figure class=\"wp-block-table aligncenter is-style-stripes\"><table class=\"has-fixed-layout\"><tbody><tr><td>\n<strong>Grupo<\/strong>\n<\/td><td><strong>Valor mensual<\/strong> <\/td><\/tr><tr><td>Reci\u00e9n egresado\/a (gracia por 2 a\u00f1os)&nbsp;<sup>(1)<\/sup><\/td><td>$10.900.-<\/td><\/tr><tr><td>Egresado\/a 2 a\u00f1os (gracia por 2 a\u00f1os) <sup>(2)<\/sup><\/td><td>$17.000.-<\/td><\/tr><tr><td>Colegiado\/a 40 a\u00f1os de profesi\u00f3n <sup>(3)<\/sup><\/td><td>$17.000.-<\/td><\/tr><tr><td>Colegiado\/a 50 a\u00f1os de profesi\u00f3n <sup>(4)<\/sup><\/td><td>$10.900.-<\/td><\/tr><tr><td>Colegiado\/a 80 a\u00f1os de edad <sup>(4)<\/sup><\/td><td>Exento<\/td><\/tr><\/tbody><\/table><\/figure>\n\n\n\n<p class=\"has-small-font-size\"><br><em>(1) Desde el mes de titulaci\u00f3n.<\/em><br><em>(2) Para el tercer y cuarto a\u00f1o desde el mes de titulaci\u00f3n.<\/em><br><em>(3) Con 10 a\u00f1os de colegiaturas demostrables.<\/em><br><em>(4) Con 20 a\u00f1os de colegiaturas demostrable<\/em>s.<\/p>\n\n\n\n<hr class=\"wp-block-separator\"\/>\n\n\n\n<h5><strong>Informaci\u00f3n \u00fatil<\/strong><\/h5>\n\n\n\n<p class=\"has-vivid-cyan-blue-color has-text-color\"><a rel=\"noreferrer noopener\" data-cke-saved-href=\"https:\/\/www.colegiodentistas.cl\/inicio\/wp-content\/uploads\/2017\/11\/Reglamento-de-afiliaci%C3%B3n-y-cuotas-sociales.2.pdf\" href=\"https:\/\/www.colegiodentistas.cl\/inicio\/wp-content\/uploads\/2017\/11\/Reglamento-de-afiliaci%C3%B3n-y-cuotas-sociales.2.pdf\" target=\"_blank\"><span style=\"text-decoration: underline;\">Reglamento de afiliaci\u00f3n y cuotas sociales\u200b<\/span><\/a><\/p>\n\n\n\n<hr class=\"wp-block-separator\"\/>\n\n\n\n<h3><strong>Valor cuota Seguro de Responsabilidad Civil a partir del 1 de junio de 2024.<\/strong> <\/h3>\n\n\n\n<p>Para colegiados\/as que tienen contratado este seguro de forma opcional. <\/p>\n\n\n\n<figure class=\"wp-block-table aligncenter is-style-stripes\"><table class=\"has-fixed-layout\"><tbody><tr><td><strong>Monto de cobertura<\/strong><\/td><td class=\"has-text-align-center\" data-align=\"center\"><strong>Valor cuota<\/strong><\/td><\/tr><tr><td>UF 3.000<\/td><td class=\"has-text-align-center\" data-align=\"center\">$19.996-.<\/td><\/tr><tr><td>UF 5.000<\/td><td class=\"has-text-align-center\" data-align=\"center\">$25.987-.<\/td><\/tr><tr><td>UF 7.000                 <\/td><td class=\"has-text-align-center\" data-align=\"center\"> $33.476-. <\/td><\/tr><\/tbody><\/table><\/figure>\n\n\n\n<hr class=\"wp-block-separator\"\/>\n","protected":false},"excerpt":{"rendered":"<p>El Honorable Consejo Nacional del Colegio&nbsp;informa el valor de la Cuota \u00danica Nacional (CUN) para 2024. A continuaci\u00f3n detallamos el monto a cancelar mensualmente junto con el respectivo desglose y categorizaci\u00f3n de cuotas diferenciadas: Valor mensual: $28.300- Cuota a pagar por todos los colegiados que no califiquen dentro de cuotas diferenciadas. Cuotas diferenciadas Grupo Valor mensual Reci\u00e9n egresado\/a (gracia por 2 a\u00f1os)&nbsp;(1) $10.900.- Egresado\/a 2 a\u00f1os (gracia por 2 a\u00f1os) (2) $17.000.- Colegiado\/a 40 a\u00f1os de profesi\u00f3n (3) $17.000.- Colegiado\/a 50 a\u00f1os de profesi\u00f3n (4) $10.900.- Colegiado\/a 80 a\u00f1os de edad (4) Exento (1) Desde el mes de titulaci\u00f3n.(2) Para [&hellip;]<\/p>\n","protected":false},"author":7,"featured_media":0,"parent":0,"menu_order":0,"comment_status":"closed","ping_status":"closed","template":"","meta":[],"_links":{"self":[{"href":"https:\/\/www.colegiodentistas.cl\/inicio\/wp-json\/wp\/v2\/pages\/2169361"}],"collection":[{"href":"https:\/\/www.colegiodentistas.cl\/inicio\/wp-json\/wp\/v2\/pages"}],"about":[{"href":"https:\/\/www.colegiodentistas.cl\/inicio\/wp-json\/wp\/v2\/types\/page"}],"author":[{"embeddable":true,"href":"https:\/\/www.colegiodentistas.cl\/inicio\/wp-json\/wp\/v2\/users\/7"}],"replies":[{"embeddable":true,"href":"https:\/\/www.colegiodentistas.cl\/inicio\/wp-json\/wp\/v2\/comments?post=2169361"}],"version-history":[{"count":9,"href":"https:\/\/www.colegiodentistas.cl\/inicio\/wp-json\/wp\/v2\/pages\/2169361\/revisions"}],"predecessor-version":[{"id":19546806,"href":"https:\/\/www.colegiodentistas.cl\/inicio\/wp-json\/wp\/v2\/pages\/2169361\/revisions\/19546806"}],"wp:attachment":[{"href":"https:\/\/www.colegiodentistas.cl\/inicio\/wp-json\/wp\/v2\/media?parent=2169361"}],"curies":[{"name":"wp","href":"https:\/\/api.w.org\/{rel}","templated":true}]}}