{"id":2,"date":"2015-12-16T03:44:17","date_gmt":"2015-12-16T03:44:17","guid":{"rendered":"http:\/\/www.colegiodentistas.cl\/inicio\/?page_id=2"},"modified":"2016-01-19T16:18:25","modified_gmt":"2016-01-19T16:18:25","slug":"pagina-de-ejemplo","status":"publish","type":"page","link":"https:\/\/www.colegiodentistas.cl\/inicio\/","title":{"rendered":"P\u00e1gina de ejemplo"},"content":{"rendered":"<p>Esta es una p\u00e1gina de ejemplo. Es diferente a una entrada del blog, ya que se quedar\u00e1 en un lugar y se mostrar\u00e1 en la navegaci\u00f3n del sitio (en la mayor\u00eda de temas). La mayor\u00eda de personas empieza con una p\u00e1gina \"Acerca de\" que brinda informaci\u00f3n a los visitantes. Se podr\u00eda decir algo como esto:<\/p>\n<blockquote><p>\u00a1Hola! Durante el d\u00eda soy un mensajero, un aspirante a actor por la noche, y este es mi blog. Vivo en Lima, tengo un enorme perro llamado Pocho, y me gusta el Pisco Sour. (Y caminar bajo la lluvia.)<\/p><\/blockquote>\n<p>...o algo como esto:<\/p>\n<blockquote><p>La compa\u00f1\u00eda XYZ, se fund\u00f3 en 1971, y ha estado desde entonces, proporcionando artilugios de calidad al p\u00fablico. Est\u00e1 situada en la ciudad de Concepci\u00f3n, Chile y emplea a m\u00e1s de 2,000 personas. Hace todo tipo de cosas sorprendentes para la comunidad penquista.<\/p><\/blockquote>\n<p>Como nuevo usuario de WordPress, debes ir a <a href=\"https:\/\/www.colegiodentistas.cl\/inicio\/wp-admin\/\">tu panel<\/a> para eliminar esta p\u00e1gina y crear nuevas para tu contenido. \u00a1Que te diviertas!<\/p>\n","protected":false},"excerpt":{"rendered":"<p>Esta es una p\u00e1gina de ejemplo. Es diferente a una entrada del blog, ya que se quedar\u00e1 en un lugar y se mostrar\u00e1 en la navegaci\u00f3n del sitio (en la mayor\u00eda de temas). La mayor\u00eda de personas empieza con una p\u00e1gina &#8220;Acerca de&#8221; que brinda informaci\u00f3n a los visitantes. Se podr\u00eda decir algo como esto: \u00a1Hola! Durante el d\u00eda soy un mensajero, un aspirante a actor por la noche, y este es mi blog. Vivo en Lima, tengo un enorme perro llamado Pocho, y me gusta el Pisco Sour. (Y caminar bajo la lluvia.) &#8230;o algo como esto: La compa\u00f1\u00eda [&hellip;]<\/p>\n","protected":false},"author":1,"featured_media":0,"parent":0,"menu_order":0,"comment_status":"closed","ping_status":"open","template":"page_builder.php","meta":[],"_links":{"self":[{"href":"https:\/\/www.colegiodentistas.cl\/inicio\/wp-json\/wp\/v2\/pages\/2"}],"collection":[{"href":"https:\/\/www.colegiodentistas.cl\/inicio\/wp-json\/wp\/v2\/pages"}],"about":[{"href":"https:\/\/www.colegiodentistas.cl\/inicio\/wp-json\/wp\/v2\/types\/page"}],"author":[{"embeddable":true,"href":"https:\/\/www.colegiodentistas.cl\/inicio\/wp-json\/wp\/v2\/users\/1"}],"replies":[{"embeddable":true,"href":"https:\/\/www.colegiodentistas.cl\/inicio\/wp-json\/wp\/v2\/comments?post=2"}],"version-history":[{"count":2,"href":"https:\/\/www.colegiodentistas.cl\/inicio\/wp-json\/wp\/v2\/pages\/2\/revisions"}],"predecessor-version":[{"id":9878143,"href":"https:\/\/www.colegiodentistas.cl\/inicio\/wp-json\/wp\/v2\/pages\/2\/revisions\/9878143"}],"wp:attachment":[{"href":"https:\/\/www.colegiodentistas.cl\/inicio\/wp-json\/wp\/v2\/media?parent=2"}],"curies":[{"name":"wp","href":"https:\/\/api.w.org\/{rel}","templated":true}]}}