{"id":19547543,"date":"2025-01-13T21:15:40","date_gmt":"2025-01-14T00:15:40","guid":{"rendered":"https:\/\/www.colegiodentistas.cl\/inicio\/?page_id=19547543"},"modified":"2025-11-06T19:05:17","modified_gmt":"2025-11-06T22:05:17","slug":"capitulos-del-colegio-de-cirujano-dentistas-de-chile","status":"publish","type":"page","link":"https:\/\/www.colegiodentistas.cl\/inicio\/capitulos-del-colegio-de-cirujano-dentistas-de-chile\/","title":{"rendered":"Cap\u00edtulos del Colegio de Cirujanas y Cirujanos Dentistas de Chile A.G."},"content":{"rendered":"\n<figure class=\"wp-block-table is-style-stripes\"><table><thead><tr><th><em>Cap\u00edtulos nacionales<\/em><\/th><th><em>Cargo y nombre<\/em><\/th><th><\/th><\/tr><\/thead><tbody><tr><td><strong>Ejercicio Privado<\/strong><\/td><td><strong>Presidente:<\/strong> Dr. Sergio Alberto Vera Vera<br><strong>Tesorera:<\/strong> Dra. Susana Carolina Acevedo Espinoza<br><strong>Secretario:<\/strong> Dr. Ignacio Jaime Leal-pavez S\u00e1ez<\/td><td><\/td><\/tr><tr><td><strong>Est\u00e9tica<\/strong><\/td><td><strong>Presidenta:<\/strong> Dra. Javiera Benavente Fuenzalida<br><strong>Primera Vicepresidenta:<\/strong> Dra. Macarena Olivares Abrego<br><strong>Segunda Vicepresidenta:<\/strong> Dra. Javiera Vergara Echeverr\u00eda<br><strong>Secretaria:<\/strong> Dra. Paula Aguilera Guerra<br><strong>Tesorero:<\/strong> Dr. Pedro Tapia Pradenas<\/td><td><\/td><\/tr><tr><td><strong>Dentistas Seniors<\/strong><\/td><td><strong>Presidente: <\/strong>Dr. Alejandro Berenguela<br><strong>Primer Vicepresidente:<\/strong> Dr. Sergio Vera<br><strong>Segundo Vicepresidente:<\/strong> Dr. Mauricio Rosenberg<br><strong>Tesorera:<\/strong> Dra. Erna Casta\u00f1eda<br><strong>Secretaria: <\/strong>Dra. Mar\u00eda Eugenia Morales<\/td><td><\/td><\/tr><tr><td><strong>EDF<\/strong><\/td><td><strong>Presidenta:<\/strong> Dra. Dan\u00e1e Quezada Hern\u00e1ndez <br><strong>Primer Vicepresidente:<\/strong> Dr. Diego Gula Valenzuela<br><strong>Segunda Vicepresidenta:<\/strong> Dra. Catalina Chand\u00eda Romero<br><strong>Secretaria<\/strong>: Dra. Pilar Carrasco C\u00e1rdenas<br><strong>Tesorera:<\/strong> Dra. Alexsia Paola Garay Castro<br><\/td><td><\/td><\/tr><tr><td><strong>Especialistas Sector P\u00fablico<\/strong><\/td><td><strong>Presidenta:<\/strong> Dra. Carolina Ulloa Mar\u00edn<br><strong>Primera Vicepresidenta: <\/strong>Dra. Paulina Vargas D\u00edaz<br><strong>Segunda Vicepresidenta:<\/strong> Dra. Javiera Trujillo Salinas<br><strong>Secretario: <\/strong>Dr. Javier C\u00e1rdenas Navarro<br><strong>Tesorera:<\/strong> Dra. Mar\u00eda Paz Fari\u00f1a V\u00e9lez<\/td><td><br><\/td><\/tr><tr><td><br><br><\/td><td><\/td><td><\/td><\/tr><tr><td><\/td><td><\/td><td><\/td><\/tr><tr><td><strong><em>Cap\u00edtulos Metropolitanos<\/em><\/strong><\/td><td><\/td><td><\/td><\/tr><tr><td><strong>Hospital Barros Luco<\/strong><\/td><td><strong>Presidenta:<\/strong> Dra. Daniela Aguilar<br><strong>Vicepresidente:<\/strong> Dr. Alexis Carrasco<br><strong>Secretaria:<\/strong> Dra. Jimena Torres Cham\u00f3n<\/td><td><\/td><\/tr><tr><td><strong>Odontol\u00f3gico Metropolitano Oriente<\/strong><\/td><td><\/td><td><\/td><\/tr><tr><td><strong>Hospital San Jos\u00e9<\/strong><\/td><td><strong>Presidenta: <\/strong>Dra. Catalina Eitel Jim\u00e9nez<br><strong>Primera Vicepresidenta: <\/strong>Dra. Javiera Campos<br><strong>Segunda Vicepresidenta:<\/strong> Dra. Gabriela Ram\u00edrez<br><strong>Tesorero: <\/strong>Dr. V\u00edctor Fern\u00e1ndez<br><strong>Secretario:<\/strong> Dr. Roberto Gonz\u00e1lez<\/td><td><br><\/td><\/tr><tr><td><strong>S\u00f3tero del R\u00edo<\/strong><\/td><td><\/td><td><\/td><\/tr><tr><td><strong>Prevenci\u00f3n y Promoci\u00f3n en la Salud Oral<\/strong><\/td><td><strong>Presidenta: <\/strong>Dra. Pauline Jenkin Solervicens<br><strong>Vicepresidente:<\/strong> Dr. Hector Calf\u00edn Railef<br><strong>Secretaria: <\/strong>Dra. M\u00f3nica Ricart Pulgar<\/td><td><\/td><\/tr><\/tbody><\/table><\/figure>\n\n\n\n<p><\/p>\n","protected":false},"excerpt":{"rendered":"<p>Cap\u00edtulos nacionales Cargo y nombre Ejercicio Privado Presidente: Dr. Sergio Alberto Vera VeraTesorera: Dra. Susana Carolina Acevedo EspinozaSecretario: Dr. Ignacio Jaime Leal-pavez S\u00e1ez Est\u00e9tica Presidenta: Dra. Javiera Benavente FuenzalidaPrimera Vicepresidenta: Dra. Macarena Olivares AbregoSegunda Vicepresidenta: Dra. Javiera Vergara Echeverr\u00edaSecretaria: Dra. Paula Aguilera GuerraTesorero: Dr. Pedro Tapia Pradenas Dentistas Seniors Presidente: Dr. Alejandro BerenguelaPrimer Vicepresidente: Dr. Sergio VeraSegundo Vicepresidente: Dr. Mauricio RosenbergTesorera: Dra. Erna Casta\u00f1edaSecretaria: Dra. Mar\u00eda Eugenia Morales EDF Presidenta: Dra. Dan\u00e1e Quezada Hern\u00e1ndez Primer Vicepresidente: Dr. Diego Gula ValenzuelaSegunda Vicepresidenta: Dra. Catalina Chand\u00eda RomeroSecretaria: Dra. Pilar Carrasco C\u00e1rdenasTesorera: Dra. Alexsia Paola Garay Castro Especialistas Sector P\u00fablico Presidenta: Dra. Carolina [&hellip;]<\/p>\n","protected":false},"author":7,"featured_media":0,"parent":0,"menu_order":0,"comment_status":"closed","ping_status":"closed","template":"","meta":[],"_links":{"self":[{"href":"https:\/\/www.colegiodentistas.cl\/inicio\/wp-json\/wp\/v2\/pages\/19547543"}],"collection":[{"href":"https:\/\/www.colegiodentistas.cl\/inicio\/wp-json\/wp\/v2\/pages"}],"about":[{"href":"https:\/\/www.colegiodentistas.cl\/inicio\/wp-json\/wp\/v2\/types\/page"}],"author":[{"embeddable":true,"href":"https:\/\/www.colegiodentistas.cl\/inicio\/wp-json\/wp\/v2\/users\/7"}],"replies":[{"embeddable":true,"href":"https:\/\/www.colegiodentistas.cl\/inicio\/wp-json\/wp\/v2\/comments?post=19547543"}],"version-history":[{"count":10,"href":"https:\/\/www.colegiodentistas.cl\/inicio\/wp-json\/wp\/v2\/pages\/19547543\/revisions"}],"predecessor-version":[{"id":19548471,"href":"https:\/\/www.colegiodentistas.cl\/inicio\/wp-json\/wp\/v2\/pages\/19547543\/revisions\/19548471"}],"wp:attachment":[{"href":"https:\/\/www.colegiodentistas.cl\/inicio\/wp-json\/wp\/v2\/media?parent=19547543"}],"curies":[{"name":"wp","href":"https:\/\/api.w.org\/{rel}","templated":true}]}}