{"id":19546064,"date":"2023-12-14T17:04:44","date_gmt":"2023-12-14T20:04:44","guid":{"rendered":"https:\/\/www.colegiodentistas.cl\/inicio\/?page_id=19546064"},"modified":"2026-02-05T15:23:35","modified_gmt":"2026-02-05T18:23:35","slug":"tribunal-de-etica-zona-centro","status":"publish","type":"page","link":"https:\/\/www.colegiodentistas.cl\/inicio\/tribunales-de-etica\/tribunal-de-etica-zona-centro\/","title":{"rendered":"Tribunal de \u00c9tica Zona Centro"},"content":{"rendered":"\n<p><strong>Miembros Titulares<\/strong><\/p>\n\n\n\n<ul><li>Gianitsa Georgudis Pinto<\/li><li>Danilo Miguel Ocaranza Tapia<\/li><li>Cynthia Rossana Cantarutti Mart\u00ednez<\/li><\/ul>\n\n\n\n<hr class=\"wp-block-separator\"\/>\n\n\n\n<p><strong>Miembros Suplentes<\/strong><\/p>\n\n\n\n<ul><li>Jaime Rodrigo Segovia Chamorro<\/li><li>Ra\u00fal Fernando Escobar Mu\u00f1oz<\/li><li>Ignacio Andr\u00e9s Barr\u00f3n Oyarce<\/li><\/ul>\n\n\n\n<hr class=\"wp-block-separator\"\/>\n","protected":false},"excerpt":{"rendered":"<p>Miembros Titulares Gianitsa Georgudis Pinto Danilo Miguel Ocaranza Tapia Cynthia Rossana Cantarutti Mart\u00ednez Miembros Suplentes Jaime Rodrigo Segovia Chamorro Ra\u00fal Fernando Escobar Mu\u00f1oz Ignacio Andr\u00e9s Barr\u00f3n Oyarce<\/p>\n","protected":false},"author":7,"featured_media":0,"parent":19545990,"menu_order":0,"comment_status":"closed","ping_status":"closed","template":"","meta":[],"_links":{"self":[{"href":"https:\/\/www.colegiodentistas.cl\/inicio\/wp-json\/wp\/v2\/pages\/19546064"}],"collection":[{"href":"https:\/\/www.colegiodentistas.cl\/inicio\/wp-json\/wp\/v2\/pages"}],"about":[{"href":"https:\/\/www.colegiodentistas.cl\/inicio\/wp-json\/wp\/v2\/types\/page"}],"author":[{"embeddable":true,"href":"https:\/\/www.colegiodentistas.cl\/inicio\/wp-json\/wp\/v2\/users\/7"}],"replies":[{"embeddable":true,"href":"https:\/\/www.colegiodentistas.cl\/inicio\/wp-json\/wp\/v2\/comments?post=19546064"}],"version-history":[{"count":6,"href":"https:\/\/www.colegiodentistas.cl\/inicio\/wp-json\/wp\/v2\/pages\/19546064\/revisions"}],"predecessor-version":[{"id":19548819,"href":"https:\/\/www.colegiodentistas.cl\/inicio\/wp-json\/wp\/v2\/pages\/19546064\/revisions\/19548819"}],"up":[{"embeddable":true,"href":"https:\/\/www.colegiodentistas.cl\/inicio\/wp-json\/wp\/v2\/pages\/19545990"}],"wp:attachment":[{"href":"https:\/\/www.colegiodentistas.cl\/inicio\/wp-json\/wp\/v2\/media?parent=19546064"}],"curies":[{"name":"wp","href":"https:\/\/api.w.org\/{rel}","templated":true}]}}