{"id":19545990,"date":"2023-12-12T15:35:09","date_gmt":"2023-12-12T18:35:09","guid":{"rendered":"https:\/\/www.colegiodentistas.cl\/inicio\/?page_id=19545990"},"modified":"2026-04-10T10:48:20","modified_gmt":"2026-04-10T14:48:20","slug":"tribunales-de-etica","status":"publish","type":"page","link":"https:\/\/www.colegiodentistas.cl\/inicio\/tribunales-de-etica\/","title":{"rendered":"Tribunales de \u00c9tica"},"content":{"rendered":"\n<p>Los Consejos Regionales y el Consejo Nacional del Colegio de Cirujanas y Cirujanos Dentistas de Chile A.G. constituyen sus propios Tribunales de \u00c9tica.<\/p>\n\n\n\n<p>Cada uno de los tribunales esta constituido por tres miembros titulares y tres suplentes, quienes velan por que se respete lo indicado por nuestro <span style=\"text-decoration: underline;\"><a rel=\"noreferrer noopener\" href=\"https:\/\/www.colegiodentistas.cl\/inicio\/wp-content\/uploads\/2022\/11\/codigo-de-etica-colegio-de-cirujano-dentistas-de-chile.pdf\" target=\"_blank\">C\u00f3digo de \u00c9tica<\/a><\/span>.<\/p>\n\n\n\n<p>Las <strong>denuncias<\/strong> a los Tribunales de \u00c9tica deber\u00e1n formularse por escrito y debidamente firmadas por \u00e9l o los denunciantes, adjuntando los documentos que sirvan de sustento o respaldo, en caso de ser esto necesario.<\/p>\n\n\n\n<hr class=\"wp-block-separator\"\/>\n\n\n\n<p class=\"has-medium-font-size\"><strong>Documentaci\u00f3n \u00fatil<\/strong><\/p>\n\n\n\n<ul><li><a rel=\"noreferrer noopener\" href=\"https:\/\/www.colegiodentistas.cl\/inicio\/wp-content\/uploads\/2022\/11\/codigo-de-etica-colegio-de-cirujano-dentistas-de-chile.pdf\" target=\"_blank\"><span style=\"text-decoration: underline;\">C\u00f3digo de \u00c9tica del Colegio de Cirujanas y Cirujanos Dentistas de Chile A.G.<\/span><\/a><\/li><li><span style=\"text-decoration: underline;\"><a rel=\"noreferrer noopener\" href=\"https:\/\/www.colegiodentistas.cl\/inicio\/wp-content\/uploads\/2020\/04\/REGLAMENTO-C\u00d3DIGO-DE-\u00c9TICA.pdf\" target=\"_blank\">Reglamento del C\u00f3digo de \u00c9tica<\/a><\/span><\/li><li><a rel=\"noreferrer noopener\" href=\"https:\/\/www.colegiodentistas.cl\/inicio\/wp-content\/uploads\/2022\/05\/instructivo-solicitud-de-certificado-etico-2022-colegio-cirujano-dentistas-chile.pdf\" target=\"_blank\"><span style=\"text-decoration: underline;\">Solicitud de certificado de comportamiento \u00e9tico<\/span><\/a><\/li><\/ul>\n\n\n\n<div class=\"wp-block-file\"><a href=\"https:\/\/www.colegiodentistas.cl\/inicio\/wp-content\/uploads\/2026\/04\/DENUNCIA-ETICA.docx\">DENUNCIA-ETICA<\/a><a href=\"https:\/\/www.colegiodentistas.cl\/inicio\/wp-content\/uploads\/2026\/04\/DENUNCIA-ETICA.docx\" class=\"wp-block-file__button\" download>Descargar<\/a><\/div>\n\n\n\n<hr class=\"wp-block-separator\"\/>\n\n\n\n<p class=\"has-medium-font-size\"><strong>Tribunales<\/strong><\/p>\n\n\n\n<p class=\"has-vivid-cyan-blue-color has-text-color\" style=\"font-size:25px\"><span style=\"text-decoration: underline;\"><strong><a href=\"https:\/\/www.colegiodentistas.cl\/inicio\/tribunal-de-etica-nacional\/\">Tribunal de \u00c9tica Nacional<\/a><\/strong><\/span><\/p>\n\n\n\n<hr class=\"wp-block-separator\"\/>\n\n\n\n<p class=\"has-vivid-cyan-blue-color has-text-color\" style=\"font-size:25px\"><span style=\"text-decoration: underline;\"><strong><a href=\"https:\/\/www.colegiodentistas.cl\/inicio\/tribunal-de-etica-metropolitano\/\">Tribunal de \u00c9tica Metropolitano<\/a><\/strong><\/span><\/p>\n\n\n\n<hr class=\"wp-block-separator\"\/>\n\n\n\n<p class=\"has-vivid-cyan-blue-color has-text-color\" style=\"font-size:25px\"><span style=\"text-decoration: underline;\"><strong><a href=\"https:\/\/www.colegiodentistas.cl\/inicio\/tribunal-de-etica-metropolitano\/\">Tribunal de <\/a><a href=\"https:\/\/www.colegiodentistas.cl\/inicio\/tribunales-de-etica\/tribunal-de-etica-valparaiso\/\">\u00c9tica de Valpara\u00edso<\/a><\/strong><\/span><\/p>\n\n\n\n<hr class=\"wp-block-separator\"\/>\n\n\n\n<div style=\"height:19px\" aria-hidden=\"true\" class=\"wp-block-spacer\"><\/div>\n\n\n\n<p class=\"has-text-align-center has-vivid-cyan-blue-color has-text-color has-medium-font-size\"><span style=\"text-decoration: underline;\"><strong><a rel=\"noreferrer noopener\" href=\"https:\/\/www.colegiodentistas.cl\/inicio\/wp-content\/uploads\/2020\/04\/Estatutos-CCDCH.pdf\" target=\"_blank\">Lee m\u00e1s de los Tribunales de \u00c9tica en el T\u00edtulo Octavo de los Estatutos del Colegio de Cirujanas y Cirujanos Dentistas de Chile A.G.<\/a><\/strong><\/span><\/p>\n\n\n\n<p><\/p>\n","protected":false},"excerpt":{"rendered":"<p>Los Consejos Regionales y el Consejo Nacional del Colegio de Cirujanas y Cirujanos Dentistas de Chile A.G. constituyen sus propios Tribunales de \u00c9tica. Cada uno de los tribunales esta constituido por tres miembros titulares y tres suplentes, quienes velan por que se respete lo indicado por nuestro C\u00f3digo de \u00c9tica. Las denuncias a los Tribunales de \u00c9tica deber\u00e1n formularse por escrito y debidamente firmadas por \u00e9l o los denunciantes, adjuntando los documentos que sirvan de sustento o respaldo, en caso de ser esto necesario. Documentaci\u00f3n \u00fatil C\u00f3digo de \u00c9tica del Colegio de Cirujanas y Cirujanos Dentistas de Chile A.G. Reglamento [&hellip;]<\/p>\n","protected":false},"author":7,"featured_media":0,"parent":0,"menu_order":0,"comment_status":"closed","ping_status":"closed","template":"","meta":[],"_links":{"self":[{"href":"https:\/\/www.colegiodentistas.cl\/inicio\/wp-json\/wp\/v2\/pages\/19545990"}],"collection":[{"href":"https:\/\/www.colegiodentistas.cl\/inicio\/wp-json\/wp\/v2\/pages"}],"about":[{"href":"https:\/\/www.colegiodentistas.cl\/inicio\/wp-json\/wp\/v2\/types\/page"}],"author":[{"embeddable":true,"href":"https:\/\/www.colegiodentistas.cl\/inicio\/wp-json\/wp\/v2\/users\/7"}],"replies":[{"embeddable":true,"href":"https:\/\/www.colegiodentistas.cl\/inicio\/wp-json\/wp\/v2\/comments?post=19545990"}],"version-history":[{"count":10,"href":"https:\/\/www.colegiodentistas.cl\/inicio\/wp-json\/wp\/v2\/pages\/19545990\/revisions"}],"predecessor-version":[{"id":19549013,"href":"https:\/\/www.colegiodentistas.cl\/inicio\/wp-json\/wp\/v2\/pages\/19545990\/revisions\/19549013"}],"wp:attachment":[{"href":"https:\/\/www.colegiodentistas.cl\/inicio\/wp-json\/wp\/v2\/media?parent=19545990"}],"curies":[{"name":"wp","href":"https:\/\/api.w.org\/{rel}","templated":true}]}}