{"id":19545986,"date":"2023-12-12T14:36:14","date_gmt":"2023-12-12T17:36:14","guid":{"rendered":"https:\/\/www.colegiodentistas.cl\/inicio\/?page_id=19545986"},"modified":"2026-02-05T15:21:18","modified_gmt":"2026-02-05T18:21:18","slug":"tribunal-de-etica-nacional","status":"publish","type":"page","link":"https:\/\/www.colegiodentistas.cl\/inicio\/tribunales-de-etica\/tribunal-de-etica-nacional\/","title":{"rendered":"Tribunal de \u00c9tica Nacional"},"content":{"rendered":"\n<p>Los Tribunales de \u00c9tica del Colegio de Cirujano Dentistas de Chile A.G. regulan la conducta de las y los cirujano dentistas en su acci\u00f3n profesional, tanto en su relaci\u00f3n con sus colegas como con pacientes e instituciones.<\/p>\n\n\n\n<hr class=\"wp-block-separator\"\/>\n\n\n\n<p><strong>Miembros Titulares<\/strong><\/p>\n\n\n\n<ul class=\"block-editor-rich-text__editable editor-rich-text__editable\"><li>Carlos Felipe Marchant Pizarro<\/li><li>Gaetano Abiuso Bustamante<\/li><li>Erna Laureana Casta\u00f1eda Maraga\u00f1o <\/li><\/ul>\n\n\n\n<hr class=\"wp-block-separator\"\/>\n\n\n\n<p><strong>Miembros Suplentes<\/strong><\/p>\n\n\n\n<ul class=\"block-editor-rich-text__editable editor-rich-text__editable\"><li>Benjam\u00edn Mat\u00edas Ravinet Pati\u00f1o<\/li><li>Alex Patricio Vargas D\u00edaz<\/li><li>Carlos Guillermo Godoy Cruzat<\/li><\/ul>\n\n\n\n<hr class=\"wp-block-separator\"\/>\n\n\n\n<p><\/p>\n","protected":false},"excerpt":{"rendered":"<p>Los Tribunales de \u00c9tica del Colegio de Cirujano Dentistas de Chile A.G. regulan la conducta de las y los cirujano dentistas en su acci\u00f3n profesional, tanto en su relaci\u00f3n con sus colegas como con pacientes e instituciones. Miembros Titulares Carlos Felipe Marchant Pizarro Gaetano Abiuso Bustamante Erna Laureana Casta\u00f1eda Maraga\u00f1o Miembros Suplentes Benjam\u00edn Mat\u00edas Ravinet Pati\u00f1o Alex Patricio Vargas D\u00edaz Carlos Guillermo Godoy Cruzat<\/p>\n","protected":false},"author":7,"featured_media":0,"parent":19545990,"menu_order":0,"comment_status":"closed","ping_status":"closed","template":"","meta":[],"_links":{"self":[{"href":"https:\/\/www.colegiodentistas.cl\/inicio\/wp-json\/wp\/v2\/pages\/19545986"}],"collection":[{"href":"https:\/\/www.colegiodentistas.cl\/inicio\/wp-json\/wp\/v2\/pages"}],"about":[{"href":"https:\/\/www.colegiodentistas.cl\/inicio\/wp-json\/wp\/v2\/types\/page"}],"author":[{"embeddable":true,"href":"https:\/\/www.colegiodentistas.cl\/inicio\/wp-json\/wp\/v2\/users\/7"}],"replies":[{"embeddable":true,"href":"https:\/\/www.colegiodentistas.cl\/inicio\/wp-json\/wp\/v2\/comments?post=19545986"}],"version-history":[{"count":9,"href":"https:\/\/www.colegiodentistas.cl\/inicio\/wp-json\/wp\/v2\/pages\/19545986\/revisions"}],"predecessor-version":[{"id":19548814,"href":"https:\/\/www.colegiodentistas.cl\/inicio\/wp-json\/wp\/v2\/pages\/19545986\/revisions\/19548814"}],"up":[{"embeddable":true,"href":"https:\/\/www.colegiodentistas.cl\/inicio\/wp-json\/wp\/v2\/pages\/19545990"}],"wp:attachment":[{"href":"https:\/\/www.colegiodentistas.cl\/inicio\/wp-json\/wp\/v2\/media?parent=19545986"}],"curies":[{"name":"wp","href":"https:\/\/api.w.org\/{rel}","templated":true}]}}