{"id":19545673,"date":"2023-11-09T13:27:40","date_gmt":"2023-11-09T16:27:40","guid":{"rendered":"https:\/\/www.colegiodentistas.cl\/inicio\/?page_id=19545673"},"modified":"2024-03-18T21:45:22","modified_gmt":"2024-03-19T00:45:22","slug":"restaurantes-cafes","status":"publish","type":"page","link":"https:\/\/www.colegiodentistas.cl\/inicio\/convenios\/restaurantes-cafes\/","title":{"rendered":"Restaurantes y caf\u00e9s"},"content":{"rendered":"\n<div class=\"wp-block-columns\">\n<div class=\"wp-block-column\" style=\"flex-basis:33.33%\">\n<figure class=\"wp-block-image size-large is-style-default\"><a href=\"https:\/\/www.instagram.com\/cafe.bugambilia\/\" target=\"_blank\" rel=\"noopener\"><img loading=\"lazy\" width=\"300\" height=\"200\" src=\"https:\/\/www.colegiodentistas.cl\/inicio\/wp-content\/uploads\/2023\/08\/bugambilia-logo-300x200-1.png\" alt=\"\" class=\"wp-image-19545215\"\/><\/a><\/figure>\n<\/div>\n\n\n\n<div class=\"wp-block-column\" style=\"flex-basis:66.66%\">\n<p class=\"has-vivid-cyan-blue-color has-text-color has-large-font-size\"><strong><span style=\"text-decoration: underline;\"><a href=\"https:\/\/www.instagram.com\/cafe.bugambilia\/\" target=\"_blank\" rel=\"noreferrer noopener\">Bugambilia Caf\u00e9<\/a><\/span><\/strong><\/p>\n\n\n\n<p class=\"has-medium-font-size\"><strong>Vigencia | <\/strong>Indefinida<\/p>\n<\/div>\n<\/div>\n\n\n\n<div class=\"wp-block-columns\">\n<div class=\"wp-block-column\">\n<p><strong>Contacto<\/strong><\/p>\n\n\n\n<p>Av. Pedro de Valdivia Norte 0104, Providencia<\/p>\n\n\n\n<p><span style=\"text-decoration: underline;\"><a href=\"mailto:ileana.aguilarceballos@gmail.com\" target=\"_blank\" rel=\"noreferrer noopener\">ileana.aguilarceballos@gmail.com<\/a><\/span><\/p>\n\n\n\n<p>IG: <span style=\"text-decoration: underline;\"><a href=\"https:\/\/www.instagram.com\/cafe.bugambilia\/\" target=\"_blank\" rel=\"noreferrer noopener\">@cafe.bugambilia<\/a><\/span><\/p>\n\n\n\n<hr class=\"wp-block-separator\"\/>\n<\/div>\n\n\n\n<div class=\"wp-block-column\">\n<p><strong>La empresa<\/strong><\/p>\n\n\n\n<p>Caf\u00e9 Bugambilia es un Resto Caf\u00e9 a pasos de la Sede Nacional del Colegio de Cirujano Dentistas de Chile A.G. con un grato ambiente familiar, natural y abierto en que<br>se ofrece un diverso men\u00fa con opci\u00f3n vegana y vegetariana, adem\u00e1s de contar con un jard\u00edn interno y piscina.<\/p>\n\n\n\n<hr class=\"wp-block-separator\"\/>\n<\/div>\n\n\n\n<div class=\"wp-block-column\">\n<p><strong>Descuentos<\/strong><\/p>\n\n\n\n<p><strong>10% de descuento<\/strong> en toda la carta, que incluye, desayunos, almuerzos, onces, s\u00e1ndwiches, jugos naturales, caf\u00e9s de especialidad, ensaladas y postres.<\/p>\n\n\n\n<p>Este descuento ser\u00e1 aplicable en el Caf\u00e9, mostrando la credencial del colegiado o de manera online enviando la foto de la<br>credencial al correo <a rel=\"noreferrer noopener\" href=\"mailto:ileana.aguilarceballos@gmail.com\" target=\"_blank\">ileana.aguilarceballos@gmail.com<\/a>.<\/p>\n\n\n\n<p>El pago podr\u00e1 realizarse mediante: efectivo, tarjeta de d\u00e9bito, tarjeta de cr\u00e9dito o transferencia.<\/p>\n<\/div>\n<\/div>\n\n\n\n<hr class=\"wp-block-separator\"\/>\n\n\n\n<div class=\"wp-block-columns\">\n<div class=\"wp-block-column\">\n<figure class=\"wp-block-image size-large\"><img loading=\"lazy\" width=\"300\" height=\"200\" src=\"https:\/\/www.colegiodentistas.cl\/inicio\/wp-content\/uploads\/2024\/03\/vina-el-escorial-logo-negro-300x200-1-2.png\" alt=\"\" class=\"wp-image-19546548\"\/><\/figure>\n<\/div>\n\n\n\n<div class=\"wp-block-column\" style=\"flex-basis:67%\">\n<p class=\"has-vivid-cyan-blue-color has-text-color has-large-font-size\"><strong><span style=\"text-decoration: underline;\"><a rel=\"noreferrer noopener\" href=\"http:\/\/thompsonwineries.com\/home.html\" target=\"_blank\">Vi\u00f1a El Escorial<\/a><\/span><\/strong><\/p>\n\n\n\n<p class=\"has-medium-font-size\"><strong>Vigencia<\/strong> | 30 de noviembre de 2024<\/p>\n\n\n\n<p>Convenio a nivel nacional<\/p>\n<\/div>\n<\/div>\n\n\n\n<div class=\"wp-block-columns\">\n<div class=\"wp-block-column\">\n<p id=\"block-bc13bf4c-610b-4528-808a-91d4d46ecc8f\"><strong>Contacto<\/strong><\/p>\n\n\n\n<p id=\"block-e910d47d-3833-4d94-b4e2-8c06accb3965\"><a rel=\"noreferrer noopener\" href=\"https:\/\/www.elescorial.cl\/es\/\" target=\"_blank\">www.elescorial.cl<\/a><\/p>\n\n\n\n<p id=\"block-6884fb53-30f3-402c-97e4-588b604fe156\"><a rel=\"noreferrer noopener\" href=\"mailto:reservas@elescorial.cl\" target=\"_blank\">reservas@elescorial.cl<\/a><\/p>\n\n\n\n<p id=\"block-6b55cfb6-5164-4db4-9baf-d51ad6bc2215\">+569 5218 4041<\/p>\n\n\n\n<p id=\"block-0b9e5d52-0603-43bc-84e5-e592462e3394\">+569 5218 4045<\/p>\n\n\n\n<hr class=\"wp-block-separator\"\/>\n<\/div>\n\n\n\n<div class=\"wp-block-column\">\n<p id=\"block-3ab85757-6374-4cbd-8c84-672de13b04ed\"><strong>Beneficios<\/strong><\/p>\n\n\n\n<p id=\"block-74a77b22-8b8b-475c-ae1e-f6bd23f5be8e\">Descuento preferentes en la compra de vinos, tours, degustaciones o picnics y en el arriendo de espacios.<\/p>\n\n\n\n<p id=\"block-8075b6a3-9eb7-4a16-b010-f4ee366c5325\">Venta y despacho de vinos en todo Chile Continental, considerando direcciones urbanas y no rurales.<\/p>\n\n\n\n<hr class=\"wp-block-separator\"\/>\n<\/div>\n\n\n\n<div class=\"wp-block-column\">\n<p><strong>Descuentos<\/strong><\/p>\n\n\n\n<ul><li>Tours y degustaciones: 10%<\/li><li>Picnic: 10% a partir de la compra de 2<\/li><li>Adquisici\u00f3n de vinos ofertados por Vi\u00f1a El Escorial: 15% *<\/li><li>Centro de eventos: 15%<\/li><\/ul>\n\n\n\n<p class=\"has-small-font-size\"><em>*Condiciones establecidas.<\/em><\/p>\n<\/div>\n<\/div>\n\n\n\n<hr class=\"wp-block-separator\"\/>\n\n\n\n<div class=\"wp-block-columns\">\n<div class=\"wp-block-column\">\n<figure class=\"wp-block-image size-large\"><img loading=\"lazy\" width=\"300\" height=\"201\" src=\"https:\/\/www.colegiodentistas.cl\/inicio\/wp-content\/uploads\/2024\/03\/thompson-wineries-450-300-300x201-1.png\" alt=\"\" class=\"wp-image-19546547\"\/><\/figure>\n<\/div>\n\n\n\n<div class=\"wp-block-column\" style=\"flex-basis:66.66%\">\n<p class=\"has-vivid-cyan-blue-color has-text-color has-large-font-size\"><strong><span style=\"text-decoration: underline;\"><a href=\"https:\/\/twineries.com\/\" target=\"_blank\" rel=\"noreferrer noopener\">Thompson Wineries<\/a><\/span><\/strong><\/p>\n\n\n\n<p class=\"has-medium-font-size\"><strong>Vigencia<\/strong> | Indefinida<\/p>\n\n\n\n<p>Convenio a nivel nacional<\/p>\n<\/div>\n<\/div>\n\n\n\n<div class=\"wp-block-columns\">\n<div class=\"wp-block-column\">\n<p><strong>Contacto<\/strong><\/p>\n\n\n\n<p><a href=\"https:\/\/twineries.com\/\" target=\"_blank\" rel=\"noreferrer noopener\"><span style=\"text-decoration: underline;\">twineries.com<\/span><\/a><\/p>\n\n\n\n<p><span style=\"text-decoration: underline;\">Ronald Thompson<\/span><br><a rel=\"noreferrer noopener\" href=\"mailto:vidaswordlife@gmail.com\" target=\"_blank\">vidaswordlife@gmail.com<\/a><br>+569 6740 0908<\/p>\n\n\n\n<hr class=\"wp-block-separator\"\/>\n<\/div>\n\n\n\n<div class=\"wp-block-column\">\n<p><strong>Beneficios<\/strong><\/p>\n\n\n\n<ul><li>Descuentos entre el 45% y el 50% en vinos como:<br>- Carmenere.<br>- Cabernet Sauvignon.<br>- Malbec.<br>- Rose.<br>- Merlot.<br>- Chardonnay Gran Reserva.<br><\/li><li>Botellas con etiquetas personalizadas a preferencia del colegiado.<\/li><\/ul>\n<\/div>\n<\/div>\n\n\n\n<hr class=\"wp-block-separator\"\/>\n\n\n\n<p><\/p>\n","protected":false},"excerpt":{"rendered":"<p>Bugambilia Caf\u00e9 Vigencia | Indefinida Contacto Av. Pedro de Valdivia Norte 0104, Providencia ileana.aguilarceballos@gmail.com IG: @cafe.bugambilia La empresa Caf\u00e9 Bugambilia es un Resto Caf\u00e9 a pasos de la Sede Nacional del Colegio de Cirujano Dentistas de Chile A.G. con un grato ambiente familiar, natural y abierto en quese ofrece un diverso men\u00fa con opci\u00f3n vegana y vegetariana, adem\u00e1s de contar con un jard\u00edn interno y piscina. Descuentos 10% de descuento en toda la carta, que incluye, desayunos, almuerzos, onces, s\u00e1ndwiches, jugos naturales, caf\u00e9s de especialidad, ensaladas y postres. Este descuento ser\u00e1 aplicable en el Caf\u00e9, mostrando la credencial del colegiado [&hellip;]<\/p>\n","protected":false},"author":7,"featured_media":0,"parent":4494,"menu_order":0,"comment_status":"closed","ping_status":"closed","template":"","meta":[],"_links":{"self":[{"href":"https:\/\/www.colegiodentistas.cl\/inicio\/wp-json\/wp\/v2\/pages\/19545673"}],"collection":[{"href":"https:\/\/www.colegiodentistas.cl\/inicio\/wp-json\/wp\/v2\/pages"}],"about":[{"href":"https:\/\/www.colegiodentistas.cl\/inicio\/wp-json\/wp\/v2\/types\/page"}],"author":[{"embeddable":true,"href":"https:\/\/www.colegiodentistas.cl\/inicio\/wp-json\/wp\/v2\/users\/7"}],"replies":[{"embeddable":true,"href":"https:\/\/www.colegiodentistas.cl\/inicio\/wp-json\/wp\/v2\/comments?post=19545673"}],"version-history":[{"count":3,"href":"https:\/\/www.colegiodentistas.cl\/inicio\/wp-json\/wp\/v2\/pages\/19545673\/revisions"}],"predecessor-version":[{"id":19546556,"href":"https:\/\/www.colegiodentistas.cl\/inicio\/wp-json\/wp\/v2\/pages\/19545673\/revisions\/19546556"}],"up":[{"embeddable":true,"href":"https:\/\/www.colegiodentistas.cl\/inicio\/wp-json\/wp\/v2\/pages\/4494"}],"wp:attachment":[{"href":"https:\/\/www.colegiodentistas.cl\/inicio\/wp-json\/wp\/v2\/media?parent=19545673"}],"curies":[{"name":"wp","href":"https:\/\/api.w.org\/{rel}","templated":true}]}}