{"id":19545393,"date":"2023-09-10T15:54:08","date_gmt":"2023-09-10T18:54:08","guid":{"rendered":"https:\/\/www.colegiodentistas.cl\/inicio\/?page_id=19545393"},"modified":"2023-12-26T17:55:01","modified_gmt":"2023-12-26T20:55:01","slug":"actividad-fisica","status":"publish","type":"page","link":"https:\/\/www.colegiodentistas.cl\/inicio\/convenios\/actividad-fisica\/","title":{"rendered":"Actividad f\u00edsica"},"content":{"rendered":"\n<div class=\"wp-block-columns\">\n<div class=\"wp-block-column\" style=\"flex-basis:33.33%\">\n<figure class=\"wp-block-image size-large is-style-default\"><a href=\"https:\/\/www.gimnasiopacific.cl\/\" target=\"_blank\" rel=\"noopener\"><img loading=\"lazy\" width=\"300\" height=\"200\" src=\"https:\/\/www.colegiodentistas.cl\/inicio\/wp-content\/uploads\/2023\/08\/pacific-fitness-300x200-1.png\" alt=\"\" class=\"wp-image-19545214\"\/><\/a><\/figure>\n<\/div>\n\n\n\n<div class=\"wp-block-column\" style=\"flex-basis:66.66%\">\n<p class=\"has-vivid-cyan-blue-color has-text-color has-large-font-size\"><strong><span style=\"text-decoration: underline;\"><a href=\"https:\/\/www.gimnasiopacific.cl\/\" target=\"_blank\" rel=\"noreferrer noopener\">Pacific Fitness<\/a><\/span><\/strong><\/p>\n\n\n\n<p class=\"has-medium-font-size\"><strong>Vigencia | <\/strong>16 de agosto de 2024<\/p>\n\n\n\n<p>Convenio a nivel nacional<\/p>\n<\/div>\n<\/div>\n\n\n\n<div class=\"wp-block-columns\">\n<div class=\"wp-block-column\">\n<p><strong>Contacto<\/strong><\/p>\n\n\n\n<p>Felipe Gonz\u00e1lez<\/p>\n\n\n\n<p><\/p>\n\n\n\n<p><a rel=\"noreferrer noopener\" href=\"mailto:f.gonzalez@gimnasiopacific.cl\" target=\"_blank\">f.gonzalez@gimnasiopacific.cl<\/a><\/p>\n\n\n\n<p>+569 6662 6614<\/p>\n\n\n\n<p><a href=\"https:\/\/www.gimnasiopacific.cl\/\"><span style=\"text-decoration: underline;\">www.gimnasiopacific.cl<\/span><\/a><\/p>\n\n\n\n<p>Instagram: <a href=\"https:\/\/instagram.com\/gimnasios_pacific\" target=\"_blank\" rel=\"noreferrer noopener\"><span style=\"text-decoration: underline;\">@gimnasios_pacific<\/span><\/a><\/p>\n\n\n\n<hr class=\"wp-block-separator\"\/>\n\n\n\n<p><a rel=\"noreferrer noopener\" href=\"https:\/\/www.colegiodentistas.cl\/inicio\/wp-content\/uploads\/2023\/08\/reglamento-gimnasios-pacific-fitness.pdf\" target=\"_blank\"><span style=\"text-decoration: underline;\">Reglamento Gimnasios Pacific Fitnes<\/span><\/a><a href=\"https:\/\/www.colegiodentistas.cl\/inicio\/wp-content\/uploads\/2023\/08\/reglamento-gimnasios-pacific-fitness.pdf\" target=\"_blank\" rel=\"noreferrer noopener\"><span style=\"text-decoration: underline;\">s<\/span><\/a><\/p>\n<\/div>\n\n\n\n<div class=\"wp-block-column\">\n<p><strong>La empresa<\/strong><\/p>\n\n\n\n<p>Gimnasio Pacific Fitness cuenta con m\u00e1s de 75 sucursales a lo largo de Chile, ofrece valores preferentes para la comunidad colegiada y sus familias para ocupar los espacios en horario libre y las veces que sea necesario.<\/p>\n\n\n\n<hr class=\"wp-block-separator\"\/>\n\n\n\n<p><strong>Beneficios<\/strong><\/p>\n\n\n\n<ul><li>Sucursales 24\/5 y 24\/7.<\/li><li>Clases Dirigidas.<\/li><li>M\u00e1quinas Cardiovasculares, de Fuerza y Pesas.<\/li><li>Matr\u00edculas y activaci\u00f3n de planes sin costo.<\/li><li>Club Vive Pacific y obt\u00e9n descuentos \u00fanicos en m\u00e1s de 500 comercios asociados.<\/li><li>Congelamiento gratuito sujeto a plan.<\/li><li>Profesores Staff Gimnasio Pacific.<\/li><li>Entrenador Virtual.<\/li><\/ul>\n\n\n\n<hr class=\"wp-block-separator\"\/>\n\n\n\n<p class=\"has-vivid-cyan-blue-color has-text-color\"><a rel=\"noreferrer noopener\" href=\"https:\/\/www.colegiodentistas.cl\/inicio\/wp-content\/uploads\/2023\/08\/beneficios-empresas-gimnasios-pacific-fitness.pdf\" target=\"_blank\"><span style=\"text-decoration: underline;\">Beneficios convenio empresas<\/span><\/a><\/p>\n\n\n\n<p class=\"has-vivid-cyan-blue-color has-text-color\"><span style=\"text-decoration: underline;\"><a href=\"https:\/\/www.colegiodentistas.cl\/inicio\/wp-content\/uploads\/2023\/08\/planes-convenio-empresas-gimnasios-pacific-fitness.pdf\" target=\"_blank\" rel=\"noreferrer noopener\">Planes convenio empresas<\/a><\/span><\/p>\n\n\n\n<hr class=\"wp-block-separator\"\/>\n<\/div>\n\n\n\n<div class=\"wp-block-column\">\n<p><strong>Descuentos<\/strong><\/p>\n\n\n\n<p>El precio preferencial de este convenio ser\u00e1 de acuerdo con el plan que tome cada colegiado y se har\u00e1 efectivo \u00fanicamente mediante link o c\u00f3digo exclusivo que le permitir\u00e1 efectuar compra mediante la p\u00e1gina web pudiendo acceder a las promociones vigentes en el departamento de convenio empresas de Gimnasio Pacific Fitness.<\/p>\n\n\n\n<p>Es indispensable acreditar v\u00ednculo con el Colegio de Cirujano Dentistas de Chile A.G.<\/p>\n\n\n\n<hr class=\"wp-block-separator\"\/>\n<\/div>\n<\/div>\n","protected":false},"excerpt":{"rendered":"<p>Pacific Fitness Vigencia | 16 de agosto de 2024 Convenio a nivel nacional Contacto Felipe Gonz\u00e1lez f.gonzalez@gimnasiopacific.cl +569 6662 6614 www.gimnasiopacific.cl Instagram: @gimnasios_pacific Reglamento Gimnasios Pacific Fitness La empresa Gimnasio Pacific Fitness cuenta con m\u00e1s de 75 sucursales a lo largo de Chile, ofrece valores preferentes para la comunidad colegiada y sus familias para ocupar los espacios en horario libre y las veces que sea necesario. Beneficios Sucursales 24\/5 y 24\/7. Clases Dirigidas. M\u00e1quinas Cardiovasculares, de Fuerza y Pesas. Matr\u00edculas y activaci\u00f3n de planes sin costo. Club Vive Pacific y obt\u00e9n descuentos \u00fanicos en m\u00e1s de 500 comercios asociados. Congelamiento [&hellip;]<\/p>\n","protected":false},"author":7,"featured_media":0,"parent":4494,"menu_order":0,"comment_status":"closed","ping_status":"closed","template":"","meta":[],"_links":{"self":[{"href":"https:\/\/www.colegiodentistas.cl\/inicio\/wp-json\/wp\/v2\/pages\/19545393"}],"collection":[{"href":"https:\/\/www.colegiodentistas.cl\/inicio\/wp-json\/wp\/v2\/pages"}],"about":[{"href":"https:\/\/www.colegiodentistas.cl\/inicio\/wp-json\/wp\/v2\/types\/page"}],"author":[{"embeddable":true,"href":"https:\/\/www.colegiodentistas.cl\/inicio\/wp-json\/wp\/v2\/users\/7"}],"replies":[{"embeddable":true,"href":"https:\/\/www.colegiodentistas.cl\/inicio\/wp-json\/wp\/v2\/comments?post=19545393"}],"version-history":[{"count":9,"href":"https:\/\/www.colegiodentistas.cl\/inicio\/wp-json\/wp\/v2\/pages\/19545393\/revisions"}],"predecessor-version":[{"id":19546137,"href":"https:\/\/www.colegiodentistas.cl\/inicio\/wp-json\/wp\/v2\/pages\/19545393\/revisions\/19546137"}],"up":[{"embeddable":true,"href":"https:\/\/www.colegiodentistas.cl\/inicio\/wp-json\/wp\/v2\/pages\/4494"}],"wp:attachment":[{"href":"https:\/\/www.colegiodentistas.cl\/inicio\/wp-json\/wp\/v2\/media?parent=19545393"}],"curies":[{"name":"wp","href":"https:\/\/api.w.org\/{rel}","templated":true}]}}