{"id":19545216,"date":"2023-08-23T15:37:38","date_gmt":"2023-08-23T19:37:38","guid":{"rendered":"https:\/\/www.colegiodentistas.cl\/inicio\/?page_id=19545216"},"modified":"2024-03-27T16:10:08","modified_gmt":"2024-03-27T19:10:08","slug":"uniformes-clinicos","status":"publish","type":"page","link":"https:\/\/www.colegiodentistas.cl\/inicio\/convenios\/uniformes-clinicos\/","title":{"rendered":"Uniformes cl\u00ednicos"},"content":{"rendered":"\n<div class=\"wp-block-columns\">\n<div class=\"wp-block-column\" style=\"flex-basis:33.33%\">\n<figure class=\"wp-block-image size-large is-style-default\"><a href=\"https:\/\/www.myscrubs.cl\/\" target=\"_blank\" rel=\"noopener\"><img loading=\"lazy\" width=\"300\" height=\"200\" src=\"https:\/\/www.colegiodentistas.cl\/inicio\/wp-content\/uploads\/2023\/08\/myscrubs-logo-300x200-1.png\" alt=\"\" class=\"wp-image-19545212\"\/><\/a><\/figure>\n<\/div>\n\n\n\n<div class=\"wp-block-column\" style=\"flex-basis:66.66%\">\n<p class=\"has-vivid-cyan-blue-color has-text-color has-large-font-size\"><strong><span style=\"text-decoration: underline;\"><a href=\"https:\/\/www.myscrubs.cl\/\" target=\"_blank\" rel=\"noreferrer noopener\">MyScrubs<\/a><\/span><\/strong><\/p>\n\n\n\n<p class=\"has-medium-font-size\"><strong>Vigencia | <\/strong>16 de agosto de 2024<\/p>\n<\/div>\n<\/div>\n\n\n\n<div class=\"wp-block-columns\">\n<div class=\"wp-block-column\">\n<p><strong>Contacto<\/strong><\/p>\n\n\n\n<p><a rel=\"noreferrer noopener\" href=\"mailto:arevollo@myscrubs.cl\" target=\"_blank\"><span style=\"text-decoration: underline;\">arevollo@myscrubs.cl<\/span><\/a><\/p>\n\n\n\n<p>Andrea Revollo<br>+569 3910 1109<\/p>\n\n\n\n<p><a rel=\"noreferrer noopener\" href=\"https:\/\/www.myscrubs.cl\/\" target=\"_blank\"><span style=\"text-decoration: underline;\">www.myscrubs.cl<\/span><\/a><\/p>\n\n\n\n<p>Instagram: <a rel=\"noreferrer noopener\" href=\"https:\/\/www.instagram.com\/myscrubschile\/?hl=es\" target=\"_blank\"><span style=\"text-decoration: underline;\">@myscrubschile<\/span><\/a><\/p>\n\n\n\n<p>Facebook: <a href=\"https:\/\/www.facebook.com\/myscrubs\/\" target=\"_blank\" rel=\"noreferrer noopener\"><span style=\"text-decoration: underline;\">MYSCRUBS<\/span><\/a><\/p>\n\n\n\n<hr class=\"wp-block-separator\"\/>\n<\/div>\n\n\n\n<div class=\"wp-block-column\">\n<p><strong>La empresa<\/strong><\/p>\n\n\n\n<p>MyScrubs, es una empresa familiar dedicada a la importaci\u00f3n y comercializaci\u00f3n de Uniformes<br>Cl\u00ednicos para el rubro de la salud. <\/p>\n\n\n\n<p>Actualmente cuenta con la representaci\u00f3n de marcas l\u00edderes<br>y de un gran prestigio a nivel internacional, tales como Cherokee, Dickies, HeartSoul, entre<br>otras.<\/p>\n\n\n\n<hr class=\"wp-block-separator\"\/>\n\n\n\n<p><strong>Sucursales<\/strong><\/p>\n\n\n\n<ul><li>Antofagasta<\/li><li>Concepci\u00f3n<\/li><li>Temuco<\/li><li>La Serena<\/li><li>Vi\u00f1a del Mar<\/li><li>Santiago<\/li><\/ul>\n\n\n\n<p><span style=\"text-decoration: underline;\">Online<\/span>: mediante RRSS y sitio web<\/p>\n\n\n\n<hr class=\"wp-block-separator\"\/>\n<\/div>\n\n\n\n<div class=\"wp-block-column\">\n<p><strong>Descuento<\/strong><\/p>\n\n\n\n<p><strong>10% de descuent<\/strong>o sobre el total de la compra.<\/p>\n\n\n\n<p><span style=\"text-decoration: underline;\">Condiciones<\/span>:<\/p>\n\n\n\n<ul><li>No acumulable con otros descuentos.<\/li><li>Ser\u00e1 aplicable sobre el precio o valores referenciales de lista para el p\u00fablico consumidor.<\/li><li>Se har\u00e1 efectivo en todos sus productos o servicios, y cualquiera sea la forma de pago (efectivo, tarjetas: d\u00e9bito o cr\u00e9dito).<\/li><li>Se debe acreditar el v\u00ednculo con el Colegio de Cirujano Dentistas de Chile A.G. (Colegiados activos)<\/li><\/ul>\n<\/div>\n<\/div>\n\n\n\n<hr class=\"wp-block-separator\"\/>\n\n\n\n<div class=\"wp-block-columns\">\n<div class=\"wp-block-column\" style=\"flex-basis:33.33%\">\n<figure class=\"wp-block-image size-large is-style-default\"><a href=\"https:\/\/www.ovelovers.cl\/\" target=\"_blank\" rel=\"noopener\"><img loading=\"lazy\" width=\"300\" height=\"200\" src=\"https:\/\/www.colegiodentistas.cl\/inicio\/wp-content\/uploads\/2023\/08\/ovelovers-300x200-1.png\" alt=\"\" class=\"wp-image-19545213\"\/><\/a><\/figure>\n<\/div>\n\n\n\n<div class=\"wp-block-column\" style=\"flex-basis:66.66%\">\n<p class=\"has-vivid-cyan-blue-color has-text-color has-large-font-size\"><strong><span style=\"text-decoration: underline;\"><a href=\"https:\/\/www.ovelovers.cl\/\" target=\"_blank\" rel=\"noreferrer noopener\">Ovelovers<\/a><\/span><\/strong><\/p>\n\n\n\n<p class=\"has-medium-font-size\"><strong>Vigencia | <\/strong>17 de febrero de 2024<\/p>\n\n\n\n<p>Convenio a nivel nacional<\/p>\n<\/div>\n<\/div>\n\n\n\n<div class=\"wp-block-columns\">\n<div class=\"wp-block-column\">\n<p><strong>Contacto<\/strong><\/p>\n\n\n\n<p><a href=\"mailto:ovelovers@gmail.com\" target=\"_blank\" rel=\"noreferrer noopener\"><span style=\"text-decoration: underline;\">ovelovers@gmail.com<\/span><\/a><\/p>\n\n\n\n<p>+569 9639 4435<\/p>\n\n\n\n<p><a href=\"https:\/\/www.ovelovers.cl\/\" target=\"_blank\" rel=\"noreferrer noopener\"><span style=\"text-decoration: underline;\">www.ovelovers.cl<\/span><\/a><\/p>\n\n\n\n<p>Instagram: <span style=\"text-decoration: underline;\"><a href=\"https:\/\/www.instagram.com\/ovelovers.cl\" target=\"_blank\" rel=\"noreferrer noopener\">@ovelovers.cl<\/a><\/span><\/p>\n\n\n\n<hr class=\"wp-block-separator\"\/>\n\n\n\n<p><\/p>\n<\/div>\n\n\n\n<div class=\"wp-block-column\">\n<p><strong>La empresa<\/strong><\/p>\n\n\n\n<p>Ovelovers es una marca dedicada a los uniformes cl\u00ednicos. Destaca por sus colores, dise\u00f1os, calidad en confecci\u00f3n y material textil de alto est\u00e1ndar.<\/p>\n\n\n\n<p>Es una empresa comprometida en cada uno de sus procesos, a fin de entregar un producto de calidad a sus clientes, quienes son considerados fundamentales para la marca, ya que se busca cada elemento de confecci\u00f3n con especial cuidado para generar un buen calce sin perder la comodidad que se necesita al trabajar.<\/p>\n\n\n\n<p>En Ovelovers, podr\u00e1s encontrar distintos tipos de uniformes, batas y accesorios para desenvolverse en el \u00e1rea de la salud con completa comodidad sin dejar de lado un buen dise\u00f1o.<\/p>\n\n\n\n<hr class=\"wp-block-separator\"\/>\n<\/div>\n\n\n\n<div class=\"wp-block-column\">\n<p><strong>Descuentos<\/strong><\/p>\n\n\n\n<ul><li><strong>15% de descuento<\/strong> en vestuario cl\u00ednico, con tope de descuento de $100.000<\/li><li><strong>20% de descuento<\/strong> en accesorios, con tope de descuento de $50.000<\/li><\/ul>\n\n\n\n<p><span style=\"text-decoration: underline;\">Condiciones<\/span>:<\/p>\n\n\n\n<ul><li>Colegiados activos.<\/li><li>Descuentos no acumulables con otras promociones.<\/li><li>Acreditar v\u00ednculo con el Colegio de Cirujano Dentistas de Chile A.G.<\/li><\/ul>\n\n\n\n<p>El costo de env\u00edo ser\u00e1 asumido por el colegiado.<\/p>\n<\/div>\n<\/div>\n\n\n\n<hr class=\"wp-block-separator\"\/>\n\n\n\n<div class=\"wp-block-columns\">\n<div class=\"wp-block-column\" style=\"flex-basis:33.33%\">\n<figure class=\"wp-block-image size-large is-style-default\"><a href=\"https:\/\/www.stitches.cl\/\" target=\"_blank\" rel=\"Stitches noopener\"><img loading=\"lazy\" width=\"300\" height=\"200\" src=\"https:\/\/www.colegiodentistas.cl\/inicio\/wp-content\/uploads\/2023\/08\/logo-stitches-300x200-1.png\" alt=\"\" class=\"wp-image-19545074\"\/><\/a><\/figure>\n<\/div>\n\n\n\n<div class=\"wp-block-column\" style=\"flex-basis:66.66%\">\n<p class=\"has-vivid-cyan-blue-color has-text-color has-large-font-size\"><strong><span style=\"text-decoration: underline;\"><a href=\"https:\/\/www.stitches.cl\/\" target=\"_blank\" rel=\"noreferrer noopener\">Stitches<\/a><\/span><\/strong><\/p>\n\n\n\n<p class=\"has-medium-font-size\"><strong>Vigencia | <\/strong>31 de diciembre de 2024<\/p>\n\n\n\n<p>Convenio a nivel nacional<\/p>\n<\/div>\n<\/div>\n\n\n\n<div class=\"wp-block-columns\">\n<div class=\"wp-block-column\">\n<p><strong>Contacto<\/strong><\/p>\n\n\n\n<p><a rel=\"noreferrer noopener\" href=\"mailto:stitcheschile@gmail.com\" target=\"_blank\">stitcheschile@gmail.com<\/a><\/p>\n\n\n\n<p>+569 6112 8038<\/p>\n\n\n\n<p><a rel=\"noreferrer noopener\" href=\"https:\/\/www.stitches.cl\/\" target=\"_blank\"><span style=\"text-decoration: underline;\">www.stitches.cl<\/span><\/a><\/p>\n\n\n\n<p>Instagram: <a rel=\"noreferrer noopener\" href=\"https:\/\/www.instagram.com\/stitches.cl\/\" target=\"_blank\"><span style=\"text-decoration: underline;\">@stitches.cl<\/span><\/a><\/p>\n\n\n\n<hr class=\"wp-block-separator\"\/>\n<\/div>\n\n\n\n<div class=\"wp-block-column\">\n<p><strong>La empresa<\/strong><\/p>\n\n\n\n<p>STITCHES CHILE es una marca de uniformes cl\u00ednicos fundada por trabajadores de la salud para trabajadores de la salud.<\/p>\n\n\n\n<p>Es por esto que ofrece productos fabricados con las mejores telas, suaves y elasticadas para la comodidad y aplicando las \u00faltimas<br>tendencias de moda.<\/p>\n\n\n\n<hr class=\"wp-block-separator\"\/>\n\n\n\n<p class=\"has-vivid-cyan-blue-color has-text-color\"><span style=\"text-decoration: underline;\"><a rel=\"noreferrer noopener\" href=\"https:\/\/www.colegiodentistas.cl\/inicio\/wp-content\/uploads\/2023\/08\/catalogo_convenio-colegio-dentistas-stitches.pdf\" target=\"_blank\"><strong>Cat\u00e1logo de productos<\/strong><\/a><\/span><\/p>\n\n\n\n<hr class=\"wp-block-separator\"\/>\n<\/div>\n\n\n\n<div class=\"wp-block-column\">\n<p><strong>Descuentos<\/strong><\/p>\n\n\n\n<p><strong>15% de descuento<\/strong> en los siguientes productos:<\/p>\n\n\n\n<ol><li>Polera y pantal\u00f3n l\u00ednea \u201cOne\u201d: modelos para hombre y de mujer en todos los colores y tallas.<\/li><li>Polera y pantal\u00f3n modelo \u201cLive\u201d para mujer en todos los colores y tallas.<\/li><li>Delantal blanco para hombre y para mujer en todas las tallas<\/li><li>Gorros cl\u00ednicos: m\u00faltiples colores.<\/li><li>Porta credenciales: modelos disponibles en stock.<\/li><li>Servicio de bordado de logo, nombre y especialidad del profesional.<\/li><li>Descuentos en otros productos de temporada: de acuerdo a disponibilidad de STITCHES.<\/li><\/ol>\n\n\n\n<p>Despacho gratuito a todo el territorio nacional a partir de la compra de 10 unidades.<\/p>\n<\/div>\n<\/div>\n\n\n\n<p><\/p>\n","protected":false},"excerpt":{"rendered":"<p>MyScrubs Vigencia | 16 de agosto de 2024 Contacto arevollo@myscrubs.cl Andrea Revollo+569 3910 1109 www.myscrubs.cl Instagram: @myscrubschile Facebook: MYSCRUBS La empresa MyScrubs, es una empresa familiar dedicada a la importaci\u00f3n y comercializaci\u00f3n de UniformesCl\u00ednicos para el rubro de la salud. Actualmente cuenta con la representaci\u00f3n de marcas l\u00edderesy de un gran prestigio a nivel internacional, tales como Cherokee, Dickies, HeartSoul, entreotras. Sucursales Antofagasta Concepci\u00f3n Temuco La Serena Vi\u00f1a del Mar Santiago Online: mediante RRSS y sitio web Descuento 10% de descuento sobre el total de la compra. Condiciones: No acumulable con otros descuentos. Ser\u00e1 aplicable sobre el precio o valores [&hellip;]<\/p>\n","protected":false},"author":7,"featured_media":0,"parent":4494,"menu_order":0,"comment_status":"closed","ping_status":"closed","template":"","meta":[],"_links":{"self":[{"href":"https:\/\/www.colegiodentistas.cl\/inicio\/wp-json\/wp\/v2\/pages\/19545216"}],"collection":[{"href":"https:\/\/www.colegiodentistas.cl\/inicio\/wp-json\/wp\/v2\/pages"}],"about":[{"href":"https:\/\/www.colegiodentistas.cl\/inicio\/wp-json\/wp\/v2\/types\/page"}],"author":[{"embeddable":true,"href":"https:\/\/www.colegiodentistas.cl\/inicio\/wp-json\/wp\/v2\/users\/7"}],"replies":[{"embeddable":true,"href":"https:\/\/www.colegiodentistas.cl\/inicio\/wp-json\/wp\/v2\/comments?post=19545216"}],"version-history":[{"count":8,"href":"https:\/\/www.colegiodentistas.cl\/inicio\/wp-json\/wp\/v2\/pages\/19545216\/revisions"}],"predecessor-version":[{"id":19546579,"href":"https:\/\/www.colegiodentistas.cl\/inicio\/wp-json\/wp\/v2\/pages\/19545216\/revisions\/19546579"}],"up":[{"embeddable":true,"href":"https:\/\/www.colegiodentistas.cl\/inicio\/wp-json\/wp\/v2\/pages\/4494"}],"wp:attachment":[{"href":"https:\/\/www.colegiodentistas.cl\/inicio\/wp-json\/wp\/v2\/media?parent=19545216"}],"curies":[{"name":"wp","href":"https:\/\/api.w.org\/{rel}","templated":true}]}}