{"id":19544678,"date":"2023-06-08T18:23:22","date_gmt":"2023-06-08T22:23:22","guid":{"rendered":"https:\/\/www.colegiodentistas.cl\/inicio\/?page_id=19544678"},"modified":"2026-01-09T20:59:44","modified_gmt":"2026-01-09T23:59:44","slug":"colaboradores-colegio-cirujano-dentistas-chile","status":"publish","type":"page","link":"https:\/\/www.colegiodentistas.cl\/inicio\/colaboradores-colegio-cirujano-dentistas-chile\/","title":{"rendered":"Colaboradores Colegio de Cirujanas y Cirujanos Dentistas de Chile A.G."},"content":{"rendered":"\n<p>Aqu\u00ed encuentras los nombres y contactos del equipo de colaboradores del Colegio de Cirujanas y Cirujanos Dentistas de Chile A.G. en el pa\u00eds.<\/p>\n\n\n\n<div style=\"height:32px\" aria-hidden=\"true\" class=\"wp-block-spacer\"><\/div>\n\n\n<div id=\"sp-ea-12666415\" class=\"sp-ea-one sp-easy-accordion\" data-ex-icon=\"fa-minus\" data-col-icon=\"fa-plus\"  data-ea-active=\"ea-click\"  data-ea-mode=\"vertical\" data-preloader=\"\"><div class=\"ea-card  sp-ea-single\"><h3 class=\"ea-header\"><a class=\"collapsed\" data-sptoggle=\"spcollapse\" data-sptarget=#collapse126664150 href=\"javascript:void(0)\"  aria-expanded=\"false\"><i class=\"ea-expand-icon fa fa-plus\"><\/i> Sede Nacional<\/a><\/h3><div class=\"sp-collapse spcollapse spcollapse\" id=\"collapse126664150\" ><div class=\"ea-body\"><p><strong><img class=\"size-full wp-image-13347458 alignleft\" src=\"https:\/\/www.colegiodentistas.cl\/inicio\/wp-content\/uploads\/2022\/03\/mauricio-varas.jpg\" alt=\"\" width=\"150\" height=\"150\" \/><\/strong><\/p>\n<p><strong>Mauricio Varas P. | <\/strong>Gerente general<\/p>\n<p><a href=\"mailto:gerencia@colegiodentistas.cl\" target=\"_blank\" rel=\"noopener\">gerencia@colegiodentistas.cl<\/a> | +569 9228 3566 | +562 2675 9317<\/p>\n<p>Responsable del funcionamiento administrativo, financiero y de la gesti\u00f3n y operaci\u00f3n de la instituci\u00f3n. Articulador de las sedes regionales.<\/p>\n<hr \/>\n<p><img class=\"size-full wp-image-13348208 alignleft\" src=\"https:\/\/www.colegiodentistas.cl\/inicio\/wp-content\/uploads\/2022\/03\/silueta-icono-mujer-150.png\" alt=\"\" width=\"150\" height=\"150\" \/><strong>Claudia Jara H.\u00a0 | <\/strong>Directora de Comunicaciones y Asuntos Gremiales<\/p>\n<p><a href=\"mailto:rrpp@colegiodentistas.cl\" target=\"_blank\" rel=\"noopener\">rrpp@colegiodentistas.cl<\/a> | +56967589992<\/p>\n<p>Responsable de las comunicaciones, asuntos gremiales y posicionamiento.<\/p>\n<p>&nbsp;<\/p>\n<p>&nbsp;<\/p>\n<hr \/>\n<p><img class=\"size-full wp-image-13348204 alignleft\" src=\"https:\/\/www.colegiodentistas.cl\/inicio\/wp-content\/uploads\/2022\/03\/silueta-icono-hombre-150.png\" alt=\"\" width=\"150\" height=\"150\" \/><strong>Felipe Navarro R. | <\/strong>Abogado de Administraci\u00f3n<\/p>\n<p><a href=\"mailto:abogado.adm@colegiodentistas.cl\" target=\"_blank\" rel=\"noopener\">abogado.adm@colegiodentistas.cl<\/a> | +56932665955<\/p>\n<p>Abogado administrativo del Colegio.<\/p>\n<p>&nbsp;<\/p>\n<p>&nbsp;<\/p>\n<hr \/>\n<p><img class=\"size-full wp-image-13348204 alignleft\" src=\"https:\/\/www.colegiodentistas.cl\/inicio\/wp-content\/uploads\/2022\/03\/silueta-icono-hombre-150.png\" alt=\"\" width=\"150\" height=\"150\" \/><strong>Jorge Rodr\u00edguez T. | <\/strong>Asesor de Comunicaciones<\/p>\n<p><a href=\"mailto:comunicaciones@colegiodentistas.cl\" target=\"_blank\" rel=\"noopener\">comunicaciones@colegiodentistas.cl<\/a> | +56959111498<\/p>\n<p>Periodista. Responsable de las comunicaciones externas, creaci\u00f3n de material audiovisual y administraci\u00f3n de redes sociales.<\/p>\n<p>&nbsp;<\/p>\n<hr \/>\n<p><img class=\"size-full wp-image-13348204 alignleft\" src=\"https:\/\/www.colegiodentistas.cl\/inicio\/wp-content\/uploads\/2022\/03\/silueta-icono-hombre-150.png\" alt=\"\" width=\"150\" height=\"150\" \/><strong>Sanyes Ossio | <\/strong>Asesor Administrativo<\/p>\n<p><a href=\"secretaria.gremial@colegiodentistas.cl\" target=\"_blank\" rel=\"noopener\">secretaria.gremial@colegiodentistas.cl<\/a> | +56967598672<\/p>\n<p>Administrar correos de secretar\u00eda gremial y cient\u00edfico.<\/p>\n<p>Coordinaci\u00f3n con Secretar\u00eda Nacional y Relaciones P\u00fablicas.<\/p>\n<p>Recopilaci\u00f3n de informaci\u00f3n del \u00e1rea de Colegiados para mejoras continuas.<\/p>\n<hr \/>\n<p><img class=\"size-full wp-image-13348208 alignleft\" src=\"https:\/\/www.colegiodentistas.cl\/inicio\/wp-content\/uploads\/2022\/03\/silueta-icono-mujer-150.png\" alt=\"\" width=\"150\" height=\"150\" \/><\/p>\n<p><strong>Claudia Carrasco C. | <\/strong>Jefa de Administraci\u00f3n de la Sede Nacional<\/p>\n<p><a href=\"mailto:adm.sedenacional@colegiodentistas.cl\">adm.sedenacional@colegiodentistas.cl<\/a> | +56993496154<\/p>\n<p>Responsable de la coordinaci\u00f3n, jornadas y eventos que se realizan en la Sede Nacional.<\/p>\n<p>&nbsp;<\/p>\n<p>&nbsp;<\/p>\n<hr \/>\n<p><strong><img class=\"size-full wp-image-13347434 alignleft\" src=\"https:\/\/www.colegiodentistas.cl\/inicio\/wp-content\/uploads\/2022\/03\/dayana-poblete.jpg\" alt=\"\" width=\"150\" height=\"150\" \/><\/strong><\/p>\n<p><strong>Dayana Poblete J. | <\/strong>Jefa Departamento Tesorer\u00eda<\/p>\n<p><a href=\"mailto:depto.tesoreria@colegiodentistas.cl\">depto.tesoreria@colegiodentistas.cl<\/a> | +569 6832 7840 | +562 2675 9319<\/p>\n<p>Responsable de la gesti\u00f3n de recaudaci\u00f3n de cuotas sociales, cobranza y valores de la instituci\u00f3n.<\/p>\n<p>&nbsp;<\/p>\n<p>&nbsp;<\/p>\n<hr \/>\n<p><img class=\"size-full wp-image-13348208 alignleft\" src=\"https:\/\/www.colegiodentistas.cl\/inicio\/wp-content\/uploads\/2022\/03\/silueta-icono-mujer-150.png\" alt=\"\" width=\"150\" height=\"150\" \/><\/p>\n<p><strong>Daniela Norambuena B. | <\/strong>Asistente de Tesorer\u00eda<\/p>\n<p><a href=\"mailto:asistente.tesoreria@colegiodentistas.cl\">asistente.tesoreria@colegiodentistas.cl<\/a> | +569 3468 2512 | +562 2675 9325<\/p>\n<p>Apoyo a la gesti\u00f3n de recaudaci\u00f3n de cuotas sociales, cobranza y valores de la instituci\u00f3n.<\/p>\n<p>&nbsp;<\/p>\n<p>&nbsp;<\/p>\n<hr \/>\n<p><img class=\"size-full wp-image-13348208 alignleft\" src=\"https:\/\/www.colegiodentistas.cl\/inicio\/wp-content\/uploads\/2022\/03\/silueta-icono-mujer-150.png\" alt=\"\" width=\"150\" height=\"150\" \/><\/p>\n<p><b>Natalia Ram\u00edrez F.<\/b>\u00a0| \u00c1rea Colegiados<br \/>\n<a href=\"mailto:asistente.colegiados@colegiodentistas.cl\" target=\"_blank\" rel=\"noopener\">asistente.colegiados@colegiodentistas.cl<\/a>\u00a0| +56 9 9240 8047 | +562 26759320<\/p>\n<p>Asesor\u00eda y gesti\u00f3n de incorporaciones, reincorporaciones y renuncias.<\/p>\n<p>Asesor\u00eda del Plan Complementario de Salud, Seguro de Vida y de los Seguros de Responsabilidad Civil Dental y de Procedimientos Est\u00e9ticos.<\/p>\n<hr \/>\n<p><img class=\"size-full wp-image-13348208 alignleft\" src=\"https:\/\/www.colegiodentistas.cl\/inicio\/wp-content\/uploads\/2022\/03\/silueta-icono-mujer-150.png\" alt=\"\" width=\"150\" height=\"150\" \/><\/p>\n<p><b>Luis Vargas H<\/b>\u00a0| \u00c1rea Colegiados<br \/>\n<a href=\"mailto:asistente.colegiado@colegiodentistas.cl\" target=\"_blank\" rel=\"noopener\">asistente.colegiado@colegiodentistas.cl<\/a>\u00a0| +56 9 54110649 | +562 26759315<\/p>\n<p>Informaci\u00f3n y gesti\u00f3n de solicitudes de bonos.<\/p>\n<p>Informaci\u00f3n sobre Beneficios y Convenios.<\/p>\n<p>Asesor\u00eda y gesti\u00f3n de solicitud de certificados de Buena Conducta<\/p>\n<hr \/>\n<p><strong><img class=\"size-full wp-image-13347450 alignleft\" src=\"https:\/\/www.colegiodentistas.cl\/inicio\/wp-content\/uploads\/2022\/03\/leonardo-munoz.jpg\" alt=\"\" width=\"150\" height=\"150\" \/><\/strong><\/p>\n<p><strong>Leonardo Mu\u00f1oz C. | <\/strong>Estafeta<\/p>\n<p><a href=\"mailto:recepcion@colegiodentistas.cl\">recepcion@colegiodentistas.cl<\/a> | +562 2675 9300<\/p>\n<p>Responsable de la recepci\u00f3n y seguridad de la Sede Nacional. Apoyo en la gesti\u00f3n de actividades gremiales y administrativas.<\/p>\n<p>&nbsp;<\/p>\n<hr \/>\n<p><strong><img class=\"size-full wp-image-13347426 alignleft\" src=\"https:\/\/www.colegiodentistas.cl\/inicio\/wp-content\/uploads\/2022\/03\/cristina.jpg\" alt=\"\" width=\"150\" height=\"150\" \/><\/strong><strong>Cristina Orellana S. | <\/strong>Asistente de Mantenci\u00f3n<\/p>\n<p><a href=\"mailto:adm.sedenacional@colegiodentistas.cl\" target=\"_blank\" rel=\"noopener\">adm.sedenacional@colegiodentistas.cl<\/a><a href=\"mailto:sec.general@colegiodentistas.cl\">l<\/a> | +562 2675 9327<\/p>\n<p>Asistente de Mantenci\u00f3n de la Sede Nacional.<\/p>\n<p>&nbsp;<\/p>\n<p>&nbsp;<\/p>\n<hr \/>\n<p><img class=\"size-full wp-image-13348208 alignleft\" src=\"https:\/\/www.colegiodentistas.cl\/inicio\/wp-content\/uploads\/2022\/03\/silueta-icono-mujer-150.png\" alt=\"\" width=\"150\" height=\"150\" \/><\/p>\n<p><strong>Alicia Alfaro Q. | <\/strong>Asistente de Mantenci\u00f3n<\/p>\n<p><a href=\"mailto:adm.sedenacional@colegiodentistas.cl\" target=\"_blank\" rel=\"noopener\">adm.sedenacional@colegiodentistas.cl<\/a>\u00a0| +562 2675 9327<\/p>\n<p>Asistente de Mantenci\u00f3n de la Sede Nacional.<\/p>\n<p>&nbsp;<\/p>\n<p>&nbsp;<\/p>\n<hr \/>\n<p><strong><img class=\"size-full wp-image-13349751 alignleft\" src=\"https:\/\/www.colegiodentistas.cl\/inicio\/wp-content\/uploads\/2022\/03\/jorge-arredondo.jpg\" alt=\"\" width=\"150\" height=\"150\" \/><\/strong><\/p>\n<p><strong>Jorge Arredondo C. | <\/strong>Administrador Club de Campo de Pirque<\/p>\n<p><a href=\"mailto:pirque@colegiodentistas.cl\">pirque@colegiodentistas.cl<\/a> | +569 5955 0058 | +562 2675 9320<\/p>\n<p>Responsable de la mantenci\u00f3n y uso del Club de Campo Pirque.\u00a0Atenci\u00f3n y registro de los colegiados que asisten al recinto.<\/p>\n<p>&nbsp;<\/p>\n<hr \/>\n<p><strong><img class=\"size-full wp-image-13347462 alignleft\" src=\"https:\/\/www.colegiodentistas.cl\/inicio\/wp-content\/uploads\/2022\/03\/pirque.jpg\" alt=\"\" width=\"150\" height=\"150\" \/><\/strong><\/p>\n<p><strong>Juan Maturana V. |<\/strong> Ayudante Club de Campo de Pirque<\/p>\n<p><a href=\"mailto:pirque@colegiodentistas.cl\">pirque@colegiodentistas.cl<\/a> | +562 2675 9320<\/p>\n<p>Apoyo a la mantenci\u00f3n del Club de Campo Pirque.<\/p>\n<\/div><\/div><\/div><div class=\"ea-card  sp-ea-single\"><h3 class=\"ea-header\"><a class=\"collapsed\" data-sptoggle=\"spcollapse\" data-sptarget=#collapse126664151 href=\"javascript:void(0)\"  aria-expanded=\"false\"><i class=\"ea-expand-icon fa fa-plus\"><\/i> Consejo Regional Iquique<\/a><\/h3><div class=\"sp-collapse spcollapse spcollapse\" id=\"collapse126664151\" ><div class=\"ea-body\"><p><img class=\"wp-image-19544696 size-full alignleft\" src=\"https:\/\/www.colegiodentistas.cl\/inicio\/wp-content\/uploads\/2023\/06\/ana-andrade.png\" alt=\"\" width=\"150\" height=\"150\" \/><strong>Ana Andrade | <\/strong>Secretaria administrativa<\/p>\n<p><a class=\"waffle-rich-text-link\" href=\"mailto:iquique@colegiodentistas.cl\">iquique@colegiodentistas.cl<\/a> | +569 6679 9185<\/p>\n<p>Responsable de la gesti\u00f3n administrativa de la sede regional. Atenci\u00f3n a colegiados, su incorporaci\u00f3n, ejecuci\u00f3n de beneficios y convenios. Secretarizar a la Mesa Directiva Regional. Recaudaci\u00f3n y cobranza de cuotas sociales.<\/p>\n<\/div><\/div><\/div><div class=\"ea-card  sp-ea-single\"><h3 class=\"ea-header\"><a class=\"collapsed\" data-sptoggle=\"spcollapse\" data-sptarget=#collapse126664152 href=\"javascript:void(0)\"  aria-expanded=\"false\"><i class=\"ea-expand-icon fa fa-plus\"><\/i> Consejo Regional El Loa<\/a><\/h3><div class=\"sp-collapse spcollapse spcollapse\" id=\"collapse126664152\" ><div class=\"ea-body\"><p><strong><img class=\"size-full wp-image-13348208 alignleft\" src=\"https:\/\/www.colegiodentistas.cl\/inicio\/wp-content\/uploads\/2022\/03\/silueta-icono-mujer-150.png\" alt=\"\" width=\"150\" height=\"150\" \/>Isabel G\u00f3mez | <\/strong>Secretaria administrativa<\/p>\n<p><a class=\"waffle-rich-text-link\" href=\"mailto:calama@colegiodentistas.cl\">calama@colegiodentistas.cl<\/a> | +56 9 8486 8130 | +56 55 2 311196<\/p>\n<p>Responsable de la gesti\u00f3n administrativa de la sede regional. Atenci\u00f3n a colegiados, su incorporaci\u00f3n, ejecuci\u00f3n de beneficios y convenios. Secretarizar a la Mesa Directiva Regional. Recaudaci\u00f3n y cobranza de cuotas sociales.<\/p>\n<\/div><\/div><\/div><div class=\"ea-card  sp-ea-single\"><h3 class=\"ea-header\"><a class=\"collapsed\" data-sptoggle=\"spcollapse\" data-sptarget=#collapse126664153 href=\"javascript:void(0)\"  aria-expanded=\"false\"><i class=\"ea-expand-icon fa fa-plus\"><\/i> Consejo Regional Antofagasta<\/a><\/h3><div class=\"sp-collapse spcollapse spcollapse\" id=\"collapse126664153\" ><div class=\"ea-body\"><p><strong><img class=\"size-full wp-image-13348208 alignleft\" src=\"https:\/\/www.colegiodentistas.cl\/inicio\/wp-content\/uploads\/2022\/03\/silueta-icono-mujer-150.png\" alt=\"\" width=\"150\" height=\"150\" \/>Johny Bruce Astorga | <\/strong>Secretario administrativo<\/p>\n<p><a class=\"waffle-rich-text-link\" href=\"mailto:antofagasta@colegiodentistas.cl\">antofagasta@colegiodentistas.cl<\/a><\/p>\n<p>Responsable de la gesti\u00f3n administrativa de la sede regional. Atenci\u00f3n a colegiados, su incorporaci\u00f3n, ejecuci\u00f3n de beneficios y convenios. Secretarizar a la Mesa Directiva Regional. Recaudaci\u00f3n y cobranza de cuotas sociales.<\/p>\n<\/div><\/div><\/div><div class=\"ea-card  sp-ea-single\"><h3 class=\"ea-header\"><a class=\"collapsed\" data-sptoggle=\"spcollapse\" data-sptarget=#collapse126664154 href=\"javascript:void(0)\"  aria-expanded=\"false\"><i class=\"ea-expand-icon fa fa-plus\"><\/i> Consejo Regional Valpara\u00edso<\/a><\/h3><div class=\"sp-collapse spcollapse spcollapse\" id=\"collapse126664154\" ><div class=\"ea-body\"><p><strong><img class=\"size-full wp-image-13348208 alignleft\" src=\"https:\/\/www.colegiodentistas.cl\/inicio\/wp-content\/uploads\/2022\/03\/silueta-icono-mujer-150.png\" alt=\"\" width=\"150\" height=\"150\" \/>Vilma Su\u00e1rez | <\/strong>Secretaria administrativa<\/p>\n<p><a class=\"waffle-rich-text-link\" href=\"mailto:valparaiso@colegiodentistas.cl\">valparaiso@colegiodentistas.cl<\/a>\u00a0| +56 9 8789 7353 | +56 32 2 882722<\/p>\n<p>Responsable de la gesti\u00f3n administrativa de la sede regional. Atenci\u00f3n a colegiados, su incorporaci\u00f3n, ejecuci\u00f3n de beneficios y convenios. Secretarizar a la Mesa Directiva Regional. Recaudaci\u00f3n y cobranza de cuotas sociales.<\/p>\n<\/div><\/div><\/div><div class=\"ea-card  sp-ea-single\"><h3 class=\"ea-header\"><a class=\"collapsed\" data-sptoggle=\"spcollapse\" data-sptarget=#collapse126664155 href=\"javascript:void(0)\"  aria-expanded=\"false\"><i class=\"ea-expand-icon fa fa-plus\"><\/i> Consejo Regional Rancagua<\/a><\/h3><div class=\"sp-collapse spcollapse spcollapse\" id=\"collapse126664155\" ><div class=\"ea-body\"><p>\u00a0<\/p>\n<p><a class=\"waffle-rich-text-link\" href=\"mailto:rancagua@colegiodentistas.cl\">rancagua@colegiodentistas.cl<\/a><\/p>\n<\/div><\/div><\/div><div class=\"ea-card  sp-ea-single\"><h3 class=\"ea-header\"><a class=\"collapsed\" data-sptoggle=\"spcollapse\" data-sptarget=#collapse126664156 href=\"javascript:void(0)\"  aria-expanded=\"false\"><i class=\"ea-expand-icon fa fa-plus\"><\/i> Consejo Regional Talca<\/a><\/h3><div class=\"sp-collapse spcollapse spcollapse\" id=\"collapse126664156\" ><div class=\"ea-body\"><p><strong><img class=\"wp-image-19544698 size-full alignleft\" src=\"https:\/\/www.colegiodentistas.cl\/inicio\/wp-content\/uploads\/2023\/06\/monica-tapia.png\" alt=\"\" width=\"150\" height=\"150\" \/>M\u00f3nica Tapia | <\/strong>Secretaria administrativa<\/p>\n<p><a class=\"waffle-rich-text-link\" href=\"mailto:maule@colegiodentistas.cl\">maule@colegiodentistas.cl<\/a> | +56 9 4180 2277 | +56 71 2 235013<\/p>\n<p>Responsable de la gesti\u00f3n administrativa de la sede regional. Atenci\u00f3n a colegiados, su incorporaci\u00f3n, ejecuci\u00f3n de beneficios y convenios. Secretarizar a la Mesa Directiva Regional. Recaudaci\u00f3n y cobranza de cuotas sociales.<\/p>\n<p>\u00a0<\/p>\n<hr \/>\n<p><strong>Sandra Sanhueza<img class=\"wp-image-19544699 size-full alignleft\" src=\"https:\/\/www.colegiodentistas.cl\/inicio\/wp-content\/uploads\/2023\/06\/sandra-sanhueza.png\" alt=\"\" width=\"150\" height=\"150\" \/> | <\/strong>Auxiliar administrativa de mantenci\u00f3n y aseo<\/p>\n<p><a class=\"waffle-rich-text-link\" href=\"mailto:maule@colegiodentistas.cl\">maule@colegiodentistas.cl<\/a> | +56 9 4180 2277 | +56 71 2 235013<\/p>\n<p>Auxiliar administrativa. Apoya la gesti\u00f3n de actividades gremiales, mantenci\u00f3n y aseo de la sede regional.<\/p>\n<\/div><\/div><\/div><div class=\"ea-card  sp-ea-single\"><h3 class=\"ea-header\"><a class=\"collapsed\" data-sptoggle=\"spcollapse\" data-sptarget=#collapse126664157 href=\"javascript:void(0)\"  aria-expanded=\"false\"><i class=\"ea-expand-icon fa fa-plus\"><\/i> Consejo Regional Concepci\u00f3n<\/a><\/h3><div class=\"sp-collapse spcollapse spcollapse\" id=\"collapse126664157\" ><div class=\"ea-body\"><p><strong><img class=\"wp-image-19544701 size-full alignleft\" src=\"https:\/\/www.colegiodentistas.cl\/inicio\/wp-content\/uploads\/2023\/06\/sylvia-rocha.png\" alt=\"\" width=\"150\" height=\"150\" \/>Sylvia Rocha | <\/strong>Administradora general<\/p>\n<p><a class=\"waffle-rich-text-link\" href=\"mailto:concepcion@colegiodentistas.cl\">concepcion@colegiodentistas.cl<\/a>\u00a0| +569 3700 0264 | +56 41 2 225897<\/p>\n<p>Administradora general de la sede regional. Responsable de la articulaci\u00f3n de la secretar\u00eda regional. Control y gesti\u00f3n contable. Supervisa el personal a su cargo.<\/p>\n<p>\u00a0<\/p>\n<hr \/>\n<p><strong><img class=\"size-full wp-image-13348208 alignleft\" src=\"https:\/\/www.colegiodentistas.cl\/inicio\/wp-content\/uploads\/2022\/03\/silueta-icono-mujer-150.png\" alt=\"\" width=\"150\" height=\"150\" \/>Claudia Aguayo Belmar | <\/strong>Secretaria administrativa<\/p>\n<p><a class=\"waffle-rich-text-link\" href=\"mailto:concepcion@colegiodentistas.cl\">concepcion@colegiodentistas.cl<\/a>\u00a0| +569 3700 0264 | +56 41 2 225897<\/p>\n<p>Administradora general de la sede regional. Responsable de la articulaci\u00f3n de la secretar\u00eda regional. Control y gesti\u00f3n contable. Supervisa el personal a su cargo.<\/p>\n<p>\u00a0<\/p>\n<hr \/>\n<p><strong>Rodrigo Manr\u00edquez<img class=\"wp-image-19544702 size-full alignleft\" src=\"https:\/\/www.colegiodentistas.cl\/inicio\/wp-content\/uploads\/2023\/06\/rodrigo-manriquez.png\" alt=\"\" width=\"150\" height=\"150\" \/> | <\/strong>Administrativo de mantenci\u00f3n y aseo<\/p>\n<p><a class=\"waffle-rich-text-link\" href=\"mailto:concepcion@colegiodentistas.cl\">concepcion@colegiodentistas.cl<\/a>\u00a0| +569 3700 0264 | +56 41 2 225897<\/p>\n<p>Auxiliar administrativo. Apoya la gesti\u00f3n de actividades gremiales, mantenci\u00f3n y aseo de la sede regional.<\/p>\n<\/div><\/div><\/div><div class=\"ea-card  sp-ea-single\"><h3 class=\"ea-header\"><a class=\"collapsed\" data-sptoggle=\"spcollapse\" data-sptarget=#collapse126664158 href=\"javascript:void(0)\"  aria-expanded=\"false\"><i class=\"ea-expand-icon fa fa-plus\"><\/i> Consejo Regional Temuco<\/a><\/h3><div class=\"sp-collapse spcollapse spcollapse\" id=\"collapse126664158\" ><div class=\"ea-body\"><p><strong><img class=\"wp-image-19544703 size-full alignleft\" src=\"https:\/\/www.colegiodentistas.cl\/inicio\/wp-content\/uploads\/2023\/06\/maruja-ojeda.png\" alt=\"\" width=\"150\" height=\"150\" \/>Maruja Ojeda | <\/strong>Secretaria administrativa<\/p>\n<p><a class=\"waffle-rich-text-link\" href=\"mailto:temuco@colegiodentistas.cl\">temuco@colegiodentistas.cl<\/a> | +56 9 8526 4243\u202c | +56 45 2 211582<\/p>\n<p>Responsable de la gesti\u00f3n administrativa de la sede regional. Atenci\u00f3n a colegiados, su incorporaci\u00f3n, beneficios y convenios. Secretarizar a la Mesa Directiva Regional. Recaudaci\u00f3n y cobranza de cuotas sociales.<\/p>\n<\/div><\/div><\/div><div class=\"ea-card  sp-ea-single\"><h3 class=\"ea-header\"><a class=\"collapsed\" data-sptoggle=\"spcollapse\" data-sptarget=#collapse126664159 href=\"javascript:void(0)\"  aria-expanded=\"false\"><i class=\"ea-expand-icon fa fa-plus\"><\/i> Consejo Regional Osorno<\/a><\/h3><div class=\"sp-collapse spcollapse spcollapse\" id=\"collapse126664159\" ><div class=\"ea-body\"><p><strong>Ingrid Rodr\u00edguez<img class=\"wp-image-19544704 size-full alignleft\" src=\"https:\/\/www.colegiodentistas.cl\/inicio\/wp-content\/uploads\/2023\/06\/ingrid-rodriguez.png\" alt=\"\" width=\"150\" height=\"150\" \/> | <\/strong>Secretaria administrativa<\/p>\n<p><a class=\"waffle-rich-text-link\" href=\"mailto:osorno@colegiodentistas.cl\">osorno@colegiodentistas.cl<\/a>\u00a0| +56 64 2 201199<\/p>\n<p>Responsable de la gesti\u00f3n administrativa de la sede regional. Atenci\u00f3n a colegiados, su incorporaci\u00f3n, beneficios y convenios. Secretarizar a la Mesa Directiva Regional. Recaudaci\u00f3n y cobranza de cuotas sociales.<\/p>\n<\/div><\/div><\/div><\/div>\n","protected":false},"excerpt":{"rendered":"<p>Aqu\u00ed encuentras los nombres y contactos del equipo de colaboradores del Colegio de Cirujanas y Cirujanos Dentistas de Chile A.G. en el pa\u00eds.<\/p>\n","protected":false},"author":7,"featured_media":0,"parent":0,"menu_order":0,"comment_status":"closed","ping_status":"closed","template":"","meta":[],"_links":{"self":[{"href":"https:\/\/www.colegiodentistas.cl\/inicio\/wp-json\/wp\/v2\/pages\/19544678"}],"collection":[{"href":"https:\/\/www.colegiodentistas.cl\/inicio\/wp-json\/wp\/v2\/pages"}],"about":[{"href":"https:\/\/www.colegiodentistas.cl\/inicio\/wp-json\/wp\/v2\/types\/page"}],"author":[{"embeddable":true,"href":"https:\/\/www.colegiodentistas.cl\/inicio\/wp-json\/wp\/v2\/users\/7"}],"replies":[{"embeddable":true,"href":"https:\/\/www.colegiodentistas.cl\/inicio\/wp-json\/wp\/v2\/comments?post=19544678"}],"version-history":[{"count":5,"href":"https:\/\/www.colegiodentistas.cl\/inicio\/wp-json\/wp\/v2\/pages\/19544678\/revisions"}],"predecessor-version":[{"id":19548784,"href":"https:\/\/www.colegiodentistas.cl\/inicio\/wp-json\/wp\/v2\/pages\/19544678\/revisions\/19548784"}],"wp:attachment":[{"href":"https:\/\/www.colegiodentistas.cl\/inicio\/wp-json\/wp\/v2\/media?parent=19544678"}],"curies":[{"name":"wp","href":"https:\/\/api.w.org\/{rel}","templated":true}]}}