{"id":161,"date":"2016-01-05T21:17:53","date_gmt":"2016-01-05T21:17:53","guid":{"rendered":"http:\/\/www.colegiodentistas.cl\/inicio\/?page_id=161"},"modified":"2023-10-18T11:25:27","modified_gmt":"2023-10-18T14:25:27","slug":"club-de-campo-pirque","status":"publish","type":"page","link":"https:\/\/www.colegiodentistas.cl\/inicio\/beneficios\/club-de-campo-pirque\/","title":{"rendered":"Club de Campo de Pirque"},"content":{"rendered":"\n<p>En la b\u00fasqueda por ofrecer un lugar de descanso y esparcimiento para nuestros miembros, el Colegio de Cirujano Dentistas de Chile A.G. cuenta con un Club de Campo ubicado en la comuna de Pirque, Regi\u00f3n Metropolitana.<\/p>\n\n\n\n<p>En este recinto, abierto desde noviembre a marzo, usted podr\u00e1 disfrutar de \u00e1reas verdes y quinchos. Es importante considerar que no se encuentra habilitada la piscina del recinto.<\/p>\n\n\n\n<hr class=\"wp-block-separator\"\/>\n\n\n\n<p><strong>Encargado:<\/strong> Sr. Jorge Arredondo Carvajal<br><strong>Direcci\u00f3n: <\/strong><a rel=\"noreferrer noopener\" href=\"https:\/\/goo.gl\/maps\/sA7BftR3cSkMv6UP7\" target=\"_blank\">Avenida Ram\u00f3n Subercaseaux 2541, Pirque<\/a><br><strong>Reservas:<\/strong> Sr. Jes\u00fas Matheus<br><strong>Tel\u00e9fono:<\/strong> 226 759 320<\/p>\n\n\n\n<hr class=\"wp-block-separator\"\/>\n\n\n\n<p>Galer\u00eda de im\u00e1genes<\/p>\n\n\n\n<figure class=\"wp-block-gallery columns-4 is-cropped\"><ul class=\"blocks-gallery-grid\"><li class=\"blocks-gallery-item\"><figure><img loading=\"lazy\" width=\"637\" height=\"480\" src=\"https:\/\/www.colegiodentistas.cl\/inicio\/wp-content\/uploads\/2016\/01\/Clipboard09.jpg\" alt=\"\" data-id=\"165\" class=\"wp-image-165\" srcset=\"https:\/\/www.colegiodentistas.cl\/inicio\/wp-content\/uploads\/2016\/01\/Clipboard09.jpg 637w, https:\/\/www.colegiodentistas.cl\/inicio\/wp-content\/uploads\/2016\/01\/Clipboard09-300x226.jpg 300w, https:\/\/www.colegiodentistas.cl\/inicio\/wp-content\/uploads\/2016\/01\/Clipboard09-400x301.jpg 400w\" sizes=\"(max-width: 637px) 100vw, 637px\" \/><\/figure><\/li><li class=\"blocks-gallery-item\"><figure><img loading=\"lazy\" width=\"451\" height=\"367\" src=\"https:\/\/www.colegiodentistas.cl\/inicio\/wp-content\/uploads\/2016\/01\/Clipboard11.jpg\" alt=\"\" data-id=\"166\" class=\"wp-image-166\" srcset=\"https:\/\/www.colegiodentistas.cl\/inicio\/wp-content\/uploads\/2016\/01\/Clipboard11.jpg 451w, https:\/\/www.colegiodentistas.cl\/inicio\/wp-content\/uploads\/2016\/01\/Clipboard11-300x244.jpg 300w, https:\/\/www.colegiodentistas.cl\/inicio\/wp-content\/uploads\/2016\/01\/Clipboard11-400x325.jpg 400w\" sizes=\"(max-width: 451px) 100vw, 451px\" \/><\/figure><\/li><li class=\"blocks-gallery-item\"><figure><img loading=\"lazy\" width=\"637\" height=\"481\" src=\"https:\/\/www.colegiodentistas.cl\/inicio\/wp-content\/uploads\/2016\/01\/Clipboard13.jpg\" alt=\"\" data-id=\"167\" class=\"wp-image-167\" srcset=\"https:\/\/www.colegiodentistas.cl\/inicio\/wp-content\/uploads\/2016\/01\/Clipboard13.jpg 637w, https:\/\/www.colegiodentistas.cl\/inicio\/wp-content\/uploads\/2016\/01\/Clipboard13-300x227.jpg 300w, https:\/\/www.colegiodentistas.cl\/inicio\/wp-content\/uploads\/2016\/01\/Clipboard13-400x302.jpg 400w\" sizes=\"(max-width: 637px) 100vw, 637px\" \/><\/figure><\/li><\/ul><\/figure>\n","protected":false},"excerpt":{"rendered":"<p>En la b\u00fasqueda por ofrecer un lugar de descanso y esparcimiento para nuestros miembros, el Colegio de Cirujano Dentistas de Chile A.G. cuenta con un Club de Campo ubicado en la comuna de Pirque, Regi\u00f3n Metropolitana. En este recinto, abierto desde noviembre a marzo, usted podr\u00e1 disfrutar de \u00e1reas verdes y quinchos. Es importante considerar que no se encuentra habilitada la piscina del recinto. Encargado: Sr. Jorge Arredondo CarvajalDirecci\u00f3n: Avenida Ram\u00f3n Subercaseaux 2541, PirqueReservas: Sr. Jes\u00fas MatheusTel\u00e9fono: 226 759 320 Galer\u00eda de im\u00e1genes<\/p>\n","protected":false},"author":1,"featured_media":0,"parent":4390,"menu_order":0,"comment_status":"closed","ping_status":"closed","template":"","meta":[],"_links":{"self":[{"href":"https:\/\/www.colegiodentistas.cl\/inicio\/wp-json\/wp\/v2\/pages\/161"}],"collection":[{"href":"https:\/\/www.colegiodentistas.cl\/inicio\/wp-json\/wp\/v2\/pages"}],"about":[{"href":"https:\/\/www.colegiodentistas.cl\/inicio\/wp-json\/wp\/v2\/types\/page"}],"author":[{"embeddable":true,"href":"https:\/\/www.colegiodentistas.cl\/inicio\/wp-json\/wp\/v2\/users\/1"}],"replies":[{"embeddable":true,"href":"https:\/\/www.colegiodentistas.cl\/inicio\/wp-json\/wp\/v2\/comments?post=161"}],"version-history":[{"count":5,"href":"https:\/\/www.colegiodentistas.cl\/inicio\/wp-json\/wp\/v2\/pages\/161\/revisions"}],"predecessor-version":[{"id":19545494,"href":"https:\/\/www.colegiodentistas.cl\/inicio\/wp-json\/wp\/v2\/pages\/161\/revisions\/19545494"}],"up":[{"embeddable":true,"href":"https:\/\/www.colegiodentistas.cl\/inicio\/wp-json\/wp\/v2\/pages\/4390"}],"wp:attachment":[{"href":"https:\/\/www.colegiodentistas.cl\/inicio\/wp-json\/wp\/v2\/media?parent=161"}],"curies":[{"name":"wp","href":"https:\/\/api.w.org\/{rel}","templated":true}]}}