{"id":15914504,"date":"2022-09-12T12:19:02","date_gmt":"2022-09-12T15:19:02","guid":{"rendered":"https:\/\/www.colegiodentistas.cl\/inicio\/?page_id=15914504"},"modified":"2024-06-25T13:21:25","modified_gmt":"2024-06-25T17:21:25","slug":"convenios-educacionales","status":"publish","type":"page","link":"https:\/\/www.colegiodentistas.cl\/inicio\/convenios\/convenios-educacionales\/","title":{"rendered":"Convenios educacionales"},"content":{"rendered":"\n<div class=\"wp-block-columns\">\n<div class=\"wp-block-column\" style=\"flex-basis:33.33%\">\n<figure class=\"wp-block-image size-large is-style-default\"><a href=\"https:\/\/www.ispandresbello.cl\/programas-academicos\/\" target=\"_blank\" rel=\"noopener\"><img loading=\"lazy\" width=\"300\" height=\"200\" src=\"https:\/\/www.colegiodentistas.cl\/inicio\/wp-content\/uploads\/2024\/01\/logo-u-andres-bello-300x200-1.png\" alt=\"\" class=\"wp-image-19546314\"\/><\/a><\/figure>\n<\/div>\n\n\n\n<div class=\"wp-block-column\" style=\"flex-basis:66.66%\">\n<p class=\"has-vivid-cyan-blue-color has-text-color has-large-font-size\"><strong><span style=\"text-decoration: underline;\"><a href=\"https:\/\/www.ispandresbello.cl\/programas-academicos\/\" target=\"_blank\" rel=\"noreferrer noopener\">Universidad Andr\u00e9s Bello<\/a><\/span><\/strong><\/p>\n\n\n\n<p class=\"has-medium-font-size\"><strong>Vigencia | <\/strong>22 de enero de 2026<\/p>\n\n\n\n<p>Convenio a nivel nacional: programas online, virtuales y presenciales<\/p>\n<\/div>\n<\/div>\n\n\n\n<div class=\"wp-block-columns\">\n<div class=\"wp-block-column\">\n<p><strong>Contacto<\/strong><\/p>\n\n\n\n<p>Waldo Mas\u00edas<br><span style=\"text-decoration: underline;\"><a href=\"mailto:waldo.masias@unab.cl\">waldo.masias@unab.cl<\/a><\/span><br>+569 6372 6156<\/p>\n\n\n\n<hr class=\"wp-block-separator\"\/>\n\n\n\n<p><strong>Sitio web<\/strong><\/p>\n\n\n\n<p class=\"has-vivid-cyan-blue-color has-text-color\"><span style=\"text-decoration: underline;\"><a href=\"https:\/\/www.ispandresbello.cl\/programas-academicos\/\" target=\"_blank\" rel=\"noreferrer noopener\">www.ispandresbello.cl\/programas-academicos\/<\/a><\/span><\/p>\n\n\n\n<hr class=\"wp-block-separator\"\/>\n<\/div>\n\n\n\n<div class=\"wp-block-column\">\n<p><strong>Descuentos<\/strong><\/p>\n\n\n\n<ul><li>20% Mag\u00edster<\/li><li>25% Diplomados<\/li><\/ul>\n\n\n\n<p class=\"has-small-font-size\"><em>* Descuentos para colegiados\/as al d\u00eda.<\/em><\/p>\n\n\n\n<hr class=\"wp-block-separator\"\/>\n\n\n\n<p>El <strong>Instituto de Salud P\u00fablica Andr\u00e9s Bello<\/strong> es un centro formador de excelencia en las l\u00edneas de Pol\u00edticas P\u00fablicas, Gesti\u00f3n en Salud y Salud P\u00fablica.<\/p>\n\n\n\n<p>El objetivo es formar a los mejores gestores del \u00e1mbito p\u00fablico y privado y que as\u00ed puedan acceder a cargos de jefaturas, gerencias y generen un sello en la profesi\u00f3n.<\/p>\n\n\n\n<hr class=\"wp-block-separator\"\/>\n<\/div>\n\n\n\n<div class=\"wp-block-column\">\n<p><strong>Programas de estudio<\/strong><\/p>\n\n\n\n<ul><li>Mag\u00edster en Administraci\u00f3n (MBA) con Especializaci\u00f3n en Salud (Modalidad SMART Virtual y Presencial Hi-flex)<\/li><li>Mag\u00edster en Salud P\u00fablica (Presencial, Presencial-Virtual y modalidad Online)<\/li><li>Diplomado en Direcci\u00f3n y Gesti\u00f3n de Estrategias en Salud Digital<\/li><li>Diplomado Gesti\u00f3n de Riesgo y Auditor\u00eda Cl\u00ednica<\/li><li>Diploma de Mecanismos de Pago: GRD<\/li><li>Diploma en Gesti\u00f3n de Calidad y Acreditaci\u00f3n (online)<\/li><li>Diplomado en Epidemiolog\u00eda e Investigaci\u00f3n en Salud<\/li><li>Diplomado en Pilares de Salud P\u00fablica: M\u00e9todos y Determinantes de la Salud<\/li><\/ul>\n\n\n\n<p><\/p>\n<\/div>\n<\/div>\n\n\n\n<hr class=\"wp-block-separator\"\/>\n\n\n\n<div class=\"wp-block-columns\">\n<div class=\"wp-block-column\" style=\"flex-basis:33.33%\">\n<figure class=\"wp-block-image size-large is-style-default\"><a href=\"https:\/\/postgrados.uft.cl\/resultados-de-busqueda\/?facultad=facultad-de-odontologia&amp;tipo_programa=Seleccione+Tipo+Programa\" target=\"_blank\" rel=\"noopener\"><img loading=\"lazy\" width=\"300\" height=\"200\" src=\"https:\/\/www.colegiodentistas.cl\/inicio\/wp-content\/uploads\/2022\/09\/logo-universidad-finis-terrae-300x200-1.png\" alt=\"\" class=\"wp-image-15914742\" srcset=\"https:\/\/www.colegiodentistas.cl\/inicio\/wp-content\/uploads\/2022\/09\/logo-universidad-finis-terrae-300x200-1.png 300w, https:\/\/www.colegiodentistas.cl\/inicio\/wp-content\/uploads\/2022\/09\/logo-universidad-finis-terrae-300x200-1-100x67.png 100w\" sizes=\"(max-width: 300px) 100vw, 300px\" \/><\/a><\/figure>\n\n\n\n<p><\/p>\n<\/div>\n\n\n\n<div class=\"wp-block-column\" style=\"flex-basis:66.66%\">\n<p class=\"has-vivid-cyan-blue-color has-text-color has-large-font-size\"><strong><span style=\"text-decoration: underline;\"><a href=\"https:\/\/postgrados.uft.cl\/resultados-de-busqueda\/?facultad=facultad-de-odontologia&amp;tipo_programa=Seleccione+Tipo+Programa\" target=\"_blank\" rel=\"noreferrer noopener\">Universidad Finis Terrae<\/a><\/span><\/strong><\/p>\n\n\n\n<p class=\"has-medium-font-size\"><strong>Vigencia | <\/strong>Indefinido<\/p>\n\n\n\n<p><\/p>\n<\/div>\n<\/div>\n\n\n\n<div class=\"wp-block-columns\">\n<div class=\"wp-block-column\">\n<p><strong>Contacto<\/strong><\/p>\n\n\n\n<p>Dra. P\u00eda Azcarategui<br><a rel=\"noreferrer noopener\" href=\"mailto:rvonkretschmann@uft.cl\" target=\"_blank\"><\/a><a rel=\"noreferrer noopener\" href=\"mailto:pazcarategui@uft.cl\" target=\"_blank\">pazcarategui@uft.cl<\/a><\/p>\n\n\n\n<p>Dr. Ricardo\u00a0Von Kretschmann<br><a rel=\"noreferrer noopener\" href=\"mailto:rvonkretschmann@uft.cl\" target=\"_blank\">rvonkretschmann@uft.cl<\/a><\/p>\n\n\n\n<hr class=\"wp-block-separator\"\/>\n\n\n\n<p><strong>Sitio web<\/strong><\/p>\n\n\n\n<p class=\"has-vivid-cyan-blue-color has-text-color\"><a href=\"https:\/\/postgrados.uft.cl\/resultados-de-busqueda\/?facultad=facultad-de-odontologia&amp;tipo_programa=Seleccione+Tipo+Programa\" target=\"_blank\" rel=\"noreferrer noopener\">postgrados.uft.cl<\/a><\/p>\n\n\n\n<hr class=\"wp-block-separator\"\/>\n<\/div>\n\n\n\n<div class=\"wp-block-column\">\n<p><strong>Descuentos en programas de especialidad y diplomados<\/strong><\/p>\n\n\n\n<ul><li>10% de descuento para colegiados\/as al d\u00eda*<\/li><\/ul>\n\n\n\n<p class=\"has-small-font-size\"><em>* Se debe presentar certificado de colegiatura al d\u00eda<\/em><\/p>\n\n\n\n<hr class=\"wp-block-separator\"\/>\n<\/div>\n\n\n\n<div class=\"wp-block-column\">\n<p><strong>Programas en convenio para 2024<\/strong> <\/p>\n\n\n\n<p><span style=\"text-decoration: underline;\">Diplomados<\/span><\/p>\n\n\n\n<ul><li>Ortodoncia Interceptiva (online)<\/li><li>Oclusi\u00f3n y trastornos\u00a0temporomandibular (semipresencial)<\/li><li>Rehabilitaci\u00f3n Integral Est\u00e9tica (semipresencial)<\/li><\/ul>\n\n\n\n<p><span style=\"text-decoration: underline;\">Especialidades<\/span><\/p>\n\n\n\n<ul><li>Imagenolog\u00eda Oral y Maxilofacial<\/li><li>Rehabilitaci\u00f3n Oral - Acreditaci\u00f3n 3 a\u00f1os CNA <em>[NUEVO]<\/em><\/li><li>Endodoncia - Acreditaci\u00f3n 4 a\u00f1os CNA <em>[NUEVO]<\/em><\/li><li>Odontopediatr\u00eda <em>[NUEVO]<\/em><\/li><li>Ortodoncia<\/li><\/ul>\n<\/div>\n<\/div>\n\n\n\n<hr class=\"wp-block-separator\"\/>\n\n\n\n<div class=\"wp-block-columns\">\n<div class=\"wp-block-column\" style=\"flex-basis:33.33%\">\n<figure class=\"wp-block-image size-large is-resized is-style-default\"><a href=\"https:\/\/ias.uchile.cl\/programas\" target=\"_blank\" rel=\"noopener\"><img loading=\"lazy\" src=\"https:\/\/www.colegiodentistas.cl\/inicio\/wp-content\/uploads\/2023\/04\/uchilenegocios-3-1024x683.jpeg\" alt=\"\" class=\"wp-image-19215265\" width=\"175\" height=\"116\" srcset=\"https:\/\/www.colegiodentistas.cl\/inicio\/wp-content\/uploads\/2023\/04\/uchilenegocios-3-1024x683.jpeg 1024w, https:\/\/www.colegiodentistas.cl\/inicio\/wp-content\/uploads\/2023\/04\/uchilenegocios-3-300x200.jpeg 300w, https:\/\/www.colegiodentistas.cl\/inicio\/wp-content\/uploads\/2023\/04\/uchilenegocios-3-768x512.jpeg 768w, https:\/\/www.colegiodentistas.cl\/inicio\/wp-content\/uploads\/2023\/04\/uchilenegocios-3-100x67.jpeg 100w, https:\/\/www.colegiodentistas.cl\/inicio\/wp-content\/uploads\/2023\/04\/uchilenegocios-3-400x267.jpeg 400w, https:\/\/www.colegiodentistas.cl\/inicio\/wp-content\/uploads\/2023\/04\/uchilenegocios-3-750x500.jpeg 750w, https:\/\/www.colegiodentistas.cl\/inicio\/wp-content\/uploads\/2023\/04\/uchilenegocios-3-600x400.jpeg 600w, https:\/\/www.colegiodentistas.cl\/inicio\/wp-content\/uploads\/2023\/04\/uchilenegocios-3.jpeg 1200w\" sizes=\"(max-width: 175px) 100vw, 175px\" \/><\/a><\/figure>\n<\/div>\n\n\n\n<div class=\"wp-block-column\" style=\"flex-basis:66.66%\">\n<p class=\"has-vivid-cyan-blue-color has-text-color has-large-font-size\"><strong><span style=\"text-decoration: underline;\"><a href=\"https:\/\/ias.uchile.cl\/programas\" target=\"_blank\" rel=\"noreferrer noopener\">Universidad de Chile<\/a><\/span><\/strong><\/p>\n\n\n\n<p class=\"has-medium-font-size\"><strong>Vigencia | <\/strong>31 de diciembre de 2026<\/p>\n<\/div>\n<\/div>\n\n\n\n<div class=\"wp-block-columns\">\n<div class=\"wp-block-column\">\n<p><strong>Contacto<\/strong><\/p>\n\n\n\n<p>Nelly Riveros<br>Coordinadora Docente IAS<br><a rel=\"noreferrer noopener\" href=\"mailto:nriveros@fen.uchile.cl\" target=\"_blank\">nriveros@fen.uchile.cl<\/a><br>+569 9000 7658<\/p>\n\n\n\n<hr class=\"wp-block-separator\"\/>\n\n\n\n<p><strong>Formulario de Inscripci\u00f3n<\/strong><\/p>\n\n\n\n<p class=\"has-vivid-cyan-blue-color has-text-color\"><a href=\"https:\/\/ias.uchile.cl\/programas\/postulacion\/diploma-de-extension-en-gestion-de-atencion-primaria-de-salud\">https:\/\/ias.uchile.cl\/programas\/postulacion\/diploma-de-extension-en-gestion-de-atencion-primaria-de-salud<\/a><\/p>\n\n\n\n<hr class=\"wp-block-separator\"\/>\n\n\n\n<p>La postulaci\u00f3n se realiza a trav\u00e9s del <a rel=\"noreferrer noopener\" href=\"https:\/\/ias.uchile.cl\/programas\/postulacion\/diploma-de-extension-en-gestion-de-atencion-primaria-de-salud\" target=\"_blank\"><strong>formulario en el sitio web del Instituto de Administraci\u00f3n de Salud (IAS)<\/strong><\/a>, donde se adjunta curr\u00edculum resumido y el certificado de afiliaci\u00f3n emitido por el Colegio de Cirujano Dentistas de Chile A.G.<\/p>\n\n\n\n<hr class=\"wp-block-separator\"\/>\n\n\n\n<p><br><\/p>\n<\/div>\n\n\n\n<div class=\"wp-block-column\">\n<p><strong>Descuentos<\/strong><\/p>\n\n\n\n<p>50% para colegiados, hijos y pareja<\/p>\n\n\n\n<hr class=\"wp-block-separator\"\/>\n\n\n\n<p><strong>Diplomas | Valor - UF 70<\/strong><\/p>\n\n\n\n<ul id=\"block-6c5eecdf-7711-4eb6-8ef9-c050ff121c58\"><li>Extensi\u00f3n en gesti\u00f3n de pabellones quir\u00fargicos. Duraci\u00f3n 13 semanas. Inicia: 02\/06\/2023<br><\/li><li>Extensi\u00f3n en gesti\u00f3n de atenci\u00f3n primaria de salud. Duraci\u00f3n 15 semanas. Inicia: 16\/06\/2023<\/li><\/ul>\n\n\n\n<hr class=\"wp-block-separator\"\/>\n<\/div>\n\n\n\n<div class=\"wp-block-column\">\n<p><strong>Cursos | Valor - UF 20:<\/strong><\/p>\n\n\n\n<ul id=\"block-c8f31315-2915-459f-b00e-470c508fae09\"><li>Extensi\u00f3n en liderazgo interior, gesti\u00f3n de equipos de alto rendimiento en salud. Duraci\u00f3n: 5 semanas. Inicia: 06\/10\/2023<br><\/li><li>Extensi\u00f3n en gesti\u00f3n de farmacias en APS. Duraci\u00f3n: 6 semanas. Inicia: 30\/05\/2023<br><\/li><li>Extensi\u00f3n en sistemas de informaci\u00f3n para gesti\u00f3n de la salud. Duraci\u00f3n: 5 semanas. Inicia: 06\/10\/2023<br><\/li><li>Extensi\u00f3n en gesti\u00f3n de compras y contrataciones para el sector salud. Duraci\u00f3n: 4 semanas. Inicia: 03\/10\/2023<br><\/li><li>Extensi\u00f3n en evaluaci\u00f3n de proyectos para el sector de salud. Duraci\u00f3n: 5 semanas. Inicia: 06\/10\/2023<\/li><\/ul>\n<\/div>\n<\/div>\n\n\n\n<hr class=\"wp-block-separator\"\/>\n\n\n\n<div class=\"wp-block-columns\">\n<div class=\"wp-block-column\" style=\"flex-basis:33.33%\">\n<figure class=\"wp-block-image size-large is-style-default\"><img loading=\"lazy\" width=\"300\" height=\"200\" src=\"https:\/\/www.colegiodentistas.cl\/inicio\/wp-content\/uploads\/2023\/08\/logo-fundacion-hchch-300x200-1.png\" alt=\"\" class=\"wp-image-19545054\"\/><\/figure>\n<\/div>\n\n\n\n<div class=\"wp-block-column\" style=\"flex-basis:66.66%\">\n<p class=\"has-vivid-cyan-blue-color has-text-color has-large-font-size\"><strong><span style=\"text-decoration: underline;\">Fundaci\u00f3n Hospital Cl\u00ednico de la Universidad de Chile<\/span><\/strong><\/p>\n\n\n\n<p class=\"has-medium-font-size\"><strong>Vigencia | <\/strong>Indefinida<\/p>\n\n\n\n<p>Convenio a nivel nacional<\/p>\n<\/div>\n<\/div>\n\n\n\n<div class=\"wp-block-columns\">\n<div class=\"wp-block-column\">\n<p><strong>Contacto<\/strong><\/p>\n\n\n\n<p><a rel=\"noreferrer noopener\" href=\"mailto:docente.fundacion@hcuch.cl\" target=\"_blank\">docente.fundacion@hcuch.cl<\/a><\/p>\n\n\n\n<p>+569 82601992<\/p>\n\n\n\n<p>+569 76087121<\/p>\n\n\n\n<hr class=\"wp-block-separator\"\/>\n<\/div>\n\n\n\n<div class=\"wp-block-column\">\n<p><strong>Descripci\u00f3n<\/strong><\/p>\n\n\n\n<p>La Fundaci\u00f3n Hospital Cl\u00ednico de la Universidad de Chile ha suscrito un convenio de colaboraci\u00f3n con&nbsp;el Colegio de Cirujano Dentistas de Chile A.G. que permite que la comunidad colegiada opte a programas de estudio para potenciar y certificar las \u00e1reas atingentes a su formaci\u00f3n profesional y laboral en la gesti\u00f3n de salud.<\/p>\n\n\n\n<hr class=\"wp-block-separator\"\/>\n\n\n\n<p><\/p>\n<\/div>\n\n\n\n<div class=\"wp-block-column\">\n<p><strong>Programas de estudio<\/strong><\/p>\n\n\n\n<ul><li>Diplomado en Planificaci\u00f3n y Estrat\u00e9gica y Control de Gesti\u00f3n para el sector salud. <span style=\"text-decoration: underline;\"><a href=\"https:\/\/www.colegiodentistas.cl\/inicio\/2024\/01\/24\/convenio-promocion-diplomados-fundacion-hospital-clinico-universidad-de-chile\/\">Ve la promoci\u00f3n 2024<\/a><\/span><\/li><li>Diplomado de Habilidades Directivas para la Gesti\u00f3n Salud. <span style=\"text-decoration: underline;\"><a href=\"https:\/\/www.colegiodentistas.cl\/inicio\/2024\/01\/24\/convenio-promocion-diplomados-fundacion-hospital-clinico-universidad-de-chile\/\">Ve la promoci\u00f3n 2024<\/a><\/span><\/li><li>Diplomado de Habilidades Directivas, Gesti\u00f3n Calidad de Vida.<\/li><li>Diplomado en Estrategias de Coaching para Profesionales de la Salud.<\/li><li>Diplomado de Gesti\u00f3n en Laboratorio Cl\u00ednico.<\/li><\/ul>\n\n\n\n<hr class=\"wp-block-separator\"\/>\n\n\n\n<p><strong>Valores<\/strong><\/p>\n\n\n\n<ul><li>Matricula: $60.000<\/li><li>Arancel con descuento: $750.000<\/li><li>Total: $810.000<\/li><\/ul>\n<\/div>\n<\/div>\n\n\n\n<hr class=\"wp-block-separator\"\/>\n\n\n\n<div class=\"wp-block-columns\">\n<div class=\"wp-block-column\" style=\"flex-basis:33.33%\">\n<figure class=\"wp-block-image size-large is-resized is-style-default\"><a href=\"https:\/\/www.openenglish.com\/\" target=\"_blank\" rel=\"noopener\"><img loading=\"lazy\" src=\"https:\/\/www.colegiodentistas.cl\/inicio\/wp-content\/uploads\/2023\/01\/open-english.png\" alt=\"\" class=\"wp-image-18052871\" width=\"323\" height=\"216\" srcset=\"https:\/\/www.colegiodentistas.cl\/inicio\/wp-content\/uploads\/2023\/01\/open-english.png 431w, https:\/\/www.colegiodentistas.cl\/inicio\/wp-content\/uploads\/2023\/01\/open-english-300x200.png 300w, https:\/\/www.colegiodentistas.cl\/inicio\/wp-content\/uploads\/2023\/01\/open-english-100x67.png 100w, https:\/\/www.colegiodentistas.cl\/inicio\/wp-content\/uploads\/2023\/01\/open-english-400x267.png 400w\" sizes=\"(max-width: 323px) 100vw, 323px\" \/><\/a><\/figure>\n<\/div>\n\n\n\n<div class=\"wp-block-column\" style=\"flex-basis:66.66%\">\n<p class=\"has-vivid-cyan-blue-color has-text-color has-large-font-size\"><strong><span style=\"text-decoration: underline;\"><a rel=\"noreferrer noopener\" href=\"https:\/\/www.openenglish.com\/\" target=\"_blank\">Open English<\/a><\/span><\/strong><\/p>\n\n\n\n<p class=\"has-medium-font-size\"><strong>Vigencia | <\/strong>31 de diciembre de 2023<\/p>\n\n\n\n<p>Convenio a nivel nacional<\/p>\n<\/div>\n<\/div>\n\n\n\n<div class=\"wp-block-columns\">\n<div class=\"wp-block-column\">\n<p><strong>Contacto<\/strong><\/p>\n\n\n\n<p>Andr\u00e9s Altamiranda<br><a href=\"mailto:andres.altamiranda@openenglish.com\" target=\"_blank\" rel=\"noreferrer noopener\"><\/a><a rel=\"noreferrer noopener\" href=\"mailto:andres.altamiranda@openenglish.com\" target=\"_blank\">andres.altamiranda@openenglish.com<\/a><br>(+57) 322 3035802<\/p>\n\n\n\n<hr class=\"wp-block-separator\"\/>\n\n\n\n<p><strong>Whatsapp<\/strong><\/p>\n\n\n\n<p class=\"has-vivid-cyan-blue-color has-text-color\"><a href=\"https:\/\/wa.me\/message\/JYE6MFF2EW45O1\">Mensaje Directo V\u00eda Whatsapp<\/a><\/p>\n\n\n\n<hr class=\"wp-block-separator\"\/>\n<\/div>\n\n\n\n<div class=\"wp-block-column\">\n<p><strong>Descuentos<\/strong><\/p>\n\n\n\n<ul><li>Descuento 80% OFF.<\/li><\/ul>\n\n\n\n<hr class=\"wp-block-separator\"\/>\n<\/div>\n\n\n\n<div class=\"wp-block-column\">\n<p><strong>Beneficios<\/strong><\/p>\n\n\n\n<p>Descuento exclusivo a nivel nacional e internacional para todos los colegiados. Ser\u00e1&nbsp;extensivo a su grupo familiar.<\/p>\n\n\n\n<ul><li>Clases privadas en vivo (<strong>t\u00fa y el profesor, \u00fanicamente<\/strong>) 100% online, disponibles las 24 horas del d\u00eda, los 7 d\u00edas&nbsp;de la semana.<\/li><li>Plan de estudio personalizado.<\/li><li>Profesores nativos su primera lengua es el ingl\u00e9s.<\/li><li>Clases grupales conversacionales y tradicionales ILIMITADAS semipersonalizada 9 estudiantes por sal\u00f3n disponible las 24 horas del d\u00eda los 7 d\u00edas&nbsp;de la semana.<\/li><li>Preparaci\u00f3n para ex\u00e1menes&nbsp;internacionales: IELTS, TOEFL, TOEIC, sin costo adicional.<\/li><li>Acompa\u00f1amiento de tu proceso v\u00eda&nbsp;whatsapp por unos de nuestros asesores acad\u00e9micos&nbsp;B2B.<\/li><li>Ingl\u00e9s t\u00e9cnico&nbsp;enfocado en tu perfil profesional o \u00e1rea de trabajo.<\/li><li>Pr\u00e1cticas&nbsp;con herramientas&nbsp;interactivas disponibles las 24 horas del d\u00eda los 7 d\u00edas&nbsp;de la semana.<\/li><li>Certificado por cada nivel aprobado.<\/li><li>Duraci\u00f3n del programa 12 meses.<\/li><\/ul>\n<\/div>\n<\/div>\n\n\n\n<hr class=\"wp-block-separator\"\/>\n","protected":false},"excerpt":{"rendered":"<p>Universidad Andr\u00e9s Bello Vigencia | 22 de enero de 2026 Convenio a nivel nacional: programas online, virtuales y presenciales Contacto Waldo Mas\u00edaswaldo.masias@unab.cl+569 6372 6156 Sitio web www.ispandresbello.cl\/programas-academicos\/ Descuentos 20% Mag\u00edster 25% Diplomados * Descuentos para colegiados\/as al d\u00eda. El Instituto de Salud P\u00fablica Andr\u00e9s Bello es un centro formador de excelencia en las l\u00edneas de Pol\u00edticas P\u00fablicas, Gesti\u00f3n en Salud y Salud P\u00fablica. El objetivo es formar a los mejores gestores del \u00e1mbito p\u00fablico y privado y que as\u00ed puedan acceder a cargos de jefaturas, gerencias y generen un sello en la profesi\u00f3n. Programas de estudio Mag\u00edster en Administraci\u00f3n (MBA) [&hellip;]<\/p>\n","protected":false},"author":7,"featured_media":0,"parent":4494,"menu_order":0,"comment_status":"closed","ping_status":"closed","template":"","meta":[],"_links":{"self":[{"href":"https:\/\/www.colegiodentistas.cl\/inicio\/wp-json\/wp\/v2\/pages\/15914504"}],"collection":[{"href":"https:\/\/www.colegiodentistas.cl\/inicio\/wp-json\/wp\/v2\/pages"}],"about":[{"href":"https:\/\/www.colegiodentistas.cl\/inicio\/wp-json\/wp\/v2\/types\/page"}],"author":[{"embeddable":true,"href":"https:\/\/www.colegiodentistas.cl\/inicio\/wp-json\/wp\/v2\/users\/7"}],"replies":[{"embeddable":true,"href":"https:\/\/www.colegiodentistas.cl\/inicio\/wp-json\/wp\/v2\/comments?post=15914504"}],"version-history":[{"count":10,"href":"https:\/\/www.colegiodentistas.cl\/inicio\/wp-json\/wp\/v2\/pages\/15914504\/revisions"}],"predecessor-version":[{"id":19546875,"href":"https:\/\/www.colegiodentistas.cl\/inicio\/wp-json\/wp\/v2\/pages\/15914504\/revisions\/19546875"}],"up":[{"embeddable":true,"href":"https:\/\/www.colegiodentistas.cl\/inicio\/wp-json\/wp\/v2\/pages\/4494"}],"wp:attachment":[{"href":"https:\/\/www.colegiodentistas.cl\/inicio\/wp-json\/wp\/v2\/media?parent=15914504"}],"curies":[{"name":"wp","href":"https:\/\/api.w.org\/{rel}","templated":true}]}}