{"id":158,"date":"2016-01-05T21:10:23","date_gmt":"2016-01-05T21:10:23","guid":{"rendered":"http:\/\/www.colegiodentistas.cl\/inicio\/?page_id=158"},"modified":"2018-08-27T11:08:15","modified_gmt":"2018-08-27T14:08:15","slug":"plataforma-e-coldent","status":"publish","type":"page","link":"https:\/\/www.colegiodentistas.cl\/inicio\/plataforma-e-coldent\/","title":{"rendered":"E-Coldent"},"content":{"rendered":"<p>Dependiente del Departamento Cient\u00edfico del Colegio, la plataforma E-Coldent surge para contribuir con<img loading=\"lazy\" class=\"size-full wp-image-159 alignright\" src=\"https:\/\/www.colegiodentistas.cl\/inicio\/wp-content\/uploads\/2016\/01\/E-Coldent.jpg\" alt=\"E-Coldent\" width=\"156\" height=\"55\" \/> el aprendizaje continuo de nuestros colegas. Esta iniciativa de actualizaci\u00f3n a distancia, reconocida por CONACEO, es una red de intercambio de informaci\u00f3n cient\u00edfica.<\/p>\n<p>Para m\u00e1s informaci\u00f3n, visitar sitio web <a href=\"http:\/\/www.ecoldent.cl\/\" target=\"_blank\">www.ecoldent.cl<\/a><br \/>\n<strong><br \/>\nPresidente Depto. Cient\u00edfico:<\/strong> Dr. Jaime Acu\u00f1a D' Avino<br \/>\n<strong>Coordinador:<\/strong> Sr. Rodrigo Lara<br \/>\n<strong>Tel\u00e9fono:<\/strong> (56-2) 22679328 \/\u00a0+56 9 9228 9033<br \/>\n<strong>Correo:<\/strong> coordinador@eochile.cl<\/p>\n","protected":false},"excerpt":{"rendered":"<p>Dependiente del Departamento Cient\u00edfico del Colegio, la plataforma E-Coldent surge para contribuir con el aprendizaje continuo de nuestros colegas. Esta iniciativa de actualizaci\u00f3n a distancia, reconocida por CONACEO, es una red de intercambio de informaci\u00f3n cient\u00edfica. Para m\u00e1s informaci\u00f3n, visitar sitio web www.ecoldent.cl Presidente Depto. Cient\u00edfico: Dr. Jaime Acu\u00f1a D&#8217; Avino Coordinador: Sr. Rodrigo Lara Tel\u00e9fono: (56-2) 22679328 \/\u00a0+56 9 9228 9033 Correo: coordinador@eochile.cl<\/p>\n","protected":false},"author":1,"featured_media":0,"parent":0,"menu_order":0,"comment_status":"closed","ping_status":"closed","template":"","meta":[],"_links":{"self":[{"href":"https:\/\/www.colegiodentistas.cl\/inicio\/wp-json\/wp\/v2\/pages\/158"}],"collection":[{"href":"https:\/\/www.colegiodentistas.cl\/inicio\/wp-json\/wp\/v2\/pages"}],"about":[{"href":"https:\/\/www.colegiodentistas.cl\/inicio\/wp-json\/wp\/v2\/types\/page"}],"author":[{"embeddable":true,"href":"https:\/\/www.colegiodentistas.cl\/inicio\/wp-json\/wp\/v2\/users\/1"}],"replies":[{"embeddable":true,"href":"https:\/\/www.colegiodentistas.cl\/inicio\/wp-json\/wp\/v2\/comments?post=158"}],"version-history":[{"count":7,"href":"https:\/\/www.colegiodentistas.cl\/inicio\/wp-json\/wp\/v2\/pages\/158\/revisions"}],"predecessor-version":[{"id":8317,"href":"https:\/\/www.colegiodentistas.cl\/inicio\/wp-json\/wp\/v2\/pages\/158\/revisions\/8317"}],"wp:attachment":[{"href":"https:\/\/www.colegiodentistas.cl\/inicio\/wp-json\/wp\/v2\/media?parent=158"}],"curies":[{"name":"wp","href":"https:\/\/api.w.org\/{rel}","templated":true}]}}