{"id":11980053,"date":"2021-11-25T16:59:37","date_gmt":"2021-11-25T19:59:37","guid":{"rendered":"https:\/\/www.colegiodentistas.cl\/inicio\/?page_id=11980053"},"modified":"2025-12-18T19:35:43","modified_gmt":"2025-12-18T22:35:43","slug":"acuerdos-convencion-nacional","status":"publish","type":"page","link":"https:\/\/www.colegiodentistas.cl\/inicio\/acuerdos-convencion-nacional\/","title":{"rendered":"Acuerdos Convenci\u00f3n Nacional"},"content":{"rendered":"\n<p>Ponemos a disposici\u00f3n de la comunidad odontol\u00f3gica los acuerdos de las convenciones nacionales y convenciones nacionales extraordinarias realizadas desde 2018.<\/p>\n\n\n\n<ul><li><a rel=\"noreferrer noopener\" href=\"https:\/\/www.colegiodentistas.cl\/inicio\/wp-content\/uploads\/2025\/12\/ACUERDO-CONVENCIO\u0301N-NACIONAL-ORDINARIA-AN\u0303O-2025-V1.pdf\" target=\"_blank\">Convenci\u00f3n Nacional Ordinario - 27 y 28 de noviembre de 2025<\/a><\/li><\/ul>\n\n\n\n<ul><li><a rel=\"noreferrer noopener\" href=\"https:\/\/www.colegiodentistas.cl\/inicio\/wp-content\/uploads\/2025\/07\/ACUERDOS-CONVENCIO%CC%81N-NACIONAL-EXTRAORDINARIA-AN%CC%83O-2025-25-DE-JUNIO-V1-1-1.pdf\" target=\"_blank\">Convenci\u00f3n Nacional Extraordinaria - 25 de junio de 2025<\/a><\/li><\/ul>\n\n\n\n<ul><li><a href=\"https:\/\/www.colegiodentistas.cl\/inicio\/wp-content\/uploads\/2025\/07\/ACUERDOS-CONVENCIO%CC%81N-NACIONAL-EXTRAORDINARIA-AN%CC%83O-2025-19-DE-JUNIO-V3.pdf\" target=\"_blank\" rel=\"noreferrer noopener\">Convenci\u00f3n Nacional Extraordinaria - 19 de junio de 2025<\/a><\/li><\/ul>\n\n\n\n<ul><li><a rel=\"noreferrer noopener\" href=\"https:\/\/www.colegiodentistas.cl\/inicio\/wp-content\/uploads\/2025\/05\/ACUERDOS-CONVENCIO\u0301N-NACIONAL-EXTRAORDINARIA-28-4-2025.pdf\" target=\"_blank\">Convenci\u00f3n Nacional Extraordinaria - 28 Abril de 2025<\/a><\/li><\/ul>\n\n\n\n<ul><li><a rel=\"noreferrer noopener\" href=\"https:\/\/www.colegiodentistas.cl\/inicio\/wp-content\/uploads\/2025\/05\/ACUERDOS-CONVENCIO\u0301N-NACIONAL-EXTRAORDINARIA-ADMINISTRATIVA-12-4.pdf\" target=\"_blank\">Convenci\u00f3n Nacional Extraordinaria Administrativa - 12 Abril de 2025<\/a><\/li><\/ul>\n\n\n\n<ul><li><a rel=\"noreferrer noopener\" href=\"https:\/\/www.colegiodentistas.cl\/inicio\/wp-content\/uploads\/2024\/12\/ACUERDO-CONVENCIO\u0301N-NACIONAL-ORDINARIA-AN\u0303O-2024-V3_modificado-por-HCN.pdf\" target=\"_blank\">Convenci\u00f3n Nacional Ordinaria Noviembre 2024<\/a><\/li><\/ul>\n\n\n\n<ul><li><span style=\"text-decoration: underline;\"><a rel=\"noreferrer noopener\" href=\"https:\/\/www.colegiodentistas.cl\/inicio\/wp-content\/uploads\/2024\/04\/ACUERDOS-CONVENCIO\u0301N-NACIONAL-EXTRAORDINARIA-MARZO-2024.pdf\" target=\"_blank\"><\/a><a rel=\"noreferrer noopener\" href=\"https:\/\/www.colegiodentistas.cl\/inicio\/wp-content\/uploads\/2024\/06\/ACUERDOS-CONVENCIO\u0301N-NACIONAL-EXTRAORDINARIA-ADMINISTRATIVA-AN\u0303O-2024.pdf\" target=\"_blank\">Convenci\u00f3n Nacional Extraordinaria Administrativa abril 2024<\/a><\/span><\/li><\/ul>\n\n\n\n<ul><li><a href=\"https:\/\/www.colegiodentistas.cl\/inicio\/wp-content\/uploads\/2024\/04\/ACUERDOS-CONVENCIO\u0301N-NACIONAL-EXTRAORDINARIA-MARZO-2024.pdf\" target=\"_blank\" rel=\"noreferrer noopener\">Convenci\u00f3n Nacional Extraordinaria marzo 2024<\/a><\/li><\/ul>\n\n\n\n<ul><li><span style=\"text-decoration: underline;\"><a href=\"https:\/\/www.colegiodentistas.cl\/inicio\/wp-content\/uploads\/2023\/12\/acuerdos-convencion-nacional-ordinaria-2023.pdf\" target=\"_blank\" rel=\"noreferrer noopener\">Convenci\u00f3n Nacional Ordinaria 2023<\/a><\/span><\/li><\/ul>\n\n\n\n<ul><li><span style=\"text-decoration: underline;\"><a href=\"https:\/\/www.colegiodentistas.cl\/inicio\/wp-content\/uploads\/2023\/05\/acuerdos-convencion-nacional-extraordinaria-2023.pdf\" target=\"_blank\" rel=\"noreferrer noopener\">Convenci\u00f3n Nacional Extraordinaria 2023<\/a><\/span><\/li><\/ul>\n\n\n\n<ul><li><span style=\"text-decoration: underline;\"><a rel=\"noreferrer noopener\" href=\"https:\/\/www.colegiodentistas.cl\/inicio\/wp-content\/uploads\/2022\/12\/acuerdos-convencion-nacional-ordinaria-2022.pdf\" target=\"_blank\">Convenci\u00f3n Nacional 2022<\/a><\/span><\/li><\/ul>\n\n\n\n<ul><li><span style=\"text-decoration: underline;\"><a href=\"https:\/\/www.colegiodentistas.cl\/inicio\/wp-content\/uploads\/2023\/05\/acuerdos-convencion-nacional-extraordinaria-2022.pdf\" target=\"_blank\" rel=\"noreferrer noopener\">Convenci\u00f3n Nacional Extraordinaria 2022<\/a><\/span><\/li><\/ul>\n\n\n\n<ul><li><span style=\"text-decoration: underline;\"><a rel=\"noreferrer noopener\" href=\"https:\/\/www.colegiodentistas.cl\/inicio\/wp-content\/uploads\/2021\/11\/acuerdos-convencion-nacional-2021.pdf\" target=\"_blank\">Convenci\u00f3n Nacional 2021<\/a><\/span><\/li><\/ul>\n\n\n\n<ul><li><a rel=\"noreferrer noopener\" href=\"https:\/\/www.colegiodentistas.cl\/inicio\/wp-content\/uploads\/2020\/12\/acuerdos-convencion-nacional-2020-colegio-de-cirujano-dentistas-de-chile.pdf\" target=\"_blank\"><span style=\"text-decoration: underline;\">Convenci\u00f3n Nacional 2020<\/span><\/a><\/li><\/ul>\n\n\n\n<ul><li><a rel=\"noreferrer noopener\" href=\"https:\/\/www.colegiodentistas.cl\/inicio\/wp-content\/uploads\/2020\/06\/Acuerdos-Convencion-Nacional-Extraordinaria-16-de-abril-20-de-mayo-de-2020.pdf\" target=\"_blank\"><span style=\"text-decoration: underline;\">Convenciones Nacionales Extraordinarias | 16 de abril y 20 de mayo de 2020<\/span><\/a><\/li><\/ul>\n\n\n\n<ul><li><a rel=\"noreferrer noopener\" href=\"https:\/\/www.colegiodentistas.cl\/inicio\/wp-content\/uploads\/2020\/06\/Acuerdo-Convenci\u00f3n-Nacional-Extraordinaria-13-de-abril-de-2020.pdf\" target=\"_blank\"><span style=\"text-decoration: underline;\">Convenci\u00f3n Nacional Extraordinaria | 13 de abril de 2020<\/span><\/a><\/li><\/ul>\n\n\n\n<ul><li><a rel=\"noreferrer noopener\" href=\"https:\/\/www.colegiodentistas.cl\/inicio\/wp-content\/uploads\/2019\/12\/Acuerdos-Convenci%C3%B3n-Nacional-2019.pdf\" target=\"_blank\"><span style=\"text-decoration: underline;\">Convenci\u00f3n Nacional 2019<\/span><\/a><\/li><\/ul>\n\n\n\n<ul><li><a rel=\"noreferrer noopener\" href=\"https:\/\/www.colegiodentistas.cl\/inicio\/wp-content\/uploads\/2018\/08\/Acuerdos-Convencion-Nacional-_-2018-.pdf\" target=\"_blank\"><span style=\"text-decoration: underline;\">Convenci\u00f3n Nacional 2018<\/span><\/a><\/li><\/ul>\n\n\n\n<ul><li><a rel=\"noreferrer noopener\" href=\"https:\/\/www.colegiodentistas.cl\/inicio\/wp-content\/uploads\/2018\/06\/RESUMEN-CONVENCION-NACIONAL-EXTRAORDINARIA.pdf\" target=\"_blank\"><span style=\"text-decoration: underline;\">Convenci\u00f3n Nacional Extraordinaria | 16 de junio de 2018<\/span><\/a><\/li><\/ul>\n\n\n\n<p><\/p>\n","protected":false},"excerpt":{"rendered":"<p>Ponemos a disposici\u00f3n de la comunidad odontol\u00f3gica los acuerdos de las convenciones nacionales y convenciones nacionales extraordinarias realizadas desde 2018. Convenci\u00f3n Nacional Ordinario &#8211; 27 y 28 de noviembre de 2025 Convenci\u00f3n Nacional Extraordinaria &#8211; 25 de junio de 2025 Convenci\u00f3n Nacional Extraordinaria &#8211; 19 de junio de 2025 Convenci\u00f3n Nacional Extraordinaria &#8211; 28 Abril de 2025 Convenci\u00f3n Nacional Extraordinaria Administrativa &#8211; 12 Abril de 2025 Convenci\u00f3n Nacional Ordinaria Noviembre 2024 Convenci\u00f3n Nacional Extraordinaria Administrativa abril 2024 Convenci\u00f3n Nacional Extraordinaria marzo 2024 Convenci\u00f3n Nacional Ordinaria 2023 Convenci\u00f3n Nacional Extraordinaria 2023 Convenci\u00f3n Nacional 2022 Convenci\u00f3n Nacional Extraordinaria 2022 Convenci\u00f3n Nacional 2021 [&hellip;]<\/p>\n","protected":false},"author":7,"featured_media":0,"parent":0,"menu_order":0,"comment_status":"closed","ping_status":"closed","template":"","meta":[],"_links":{"self":[{"href":"https:\/\/www.colegiodentistas.cl\/inicio\/wp-json\/wp\/v2\/pages\/11980053"}],"collection":[{"href":"https:\/\/www.colegiodentistas.cl\/inicio\/wp-json\/wp\/v2\/pages"}],"about":[{"href":"https:\/\/www.colegiodentistas.cl\/inicio\/wp-json\/wp\/v2\/types\/page"}],"author":[{"embeddable":true,"href":"https:\/\/www.colegiodentistas.cl\/inicio\/wp-json\/wp\/v2\/users\/7"}],"replies":[{"embeddable":true,"href":"https:\/\/www.colegiodentistas.cl\/inicio\/wp-json\/wp\/v2\/comments?post=11980053"}],"version-history":[{"count":9,"href":"https:\/\/www.colegiodentistas.cl\/inicio\/wp-json\/wp\/v2\/pages\/11980053\/revisions"}],"predecessor-version":[{"id":19548719,"href":"https:\/\/www.colegiodentistas.cl\/inicio\/wp-json\/wp\/v2\/pages\/11980053\/revisions\/19548719"}],"wp:attachment":[{"href":"https:\/\/www.colegiodentistas.cl\/inicio\/wp-json\/wp\/v2\/media?parent=11980053"}],"curies":[{"name":"wp","href":"https:\/\/api.w.org\/{rel}","templated":true}]}}