{"id":10819562,"date":"2021-09-02T15:40:34","date_gmt":"2021-09-02T19:40:34","guid":{"rendered":"https:\/\/www.colegiodentistas.cl\/inicio\/?page_id=10819562"},"modified":"2026-03-31T18:17:38","modified_gmt":"2026-03-31T21:17:38","slug":"nomina-de-colegiados-colegiadas","status":"publish","type":"page","link":"https:\/\/www.colegiodentistas.cl\/inicio\/colegio-dentistas\/nomina-de-colegiados-colegiadas\/","title":{"rendered":"N\u00f3mina de colegiados y colegiadas"},"content":{"rendered":"\n<p>A continuaci\u00f3n dejamos a disposici\u00f3n de la comunidad odontol\u00f3gica la n\u00f3mina de colegiados y colegiadas en formato PDF.  <\/p>\n\n\n\n<hr class=\"wp-block-separator\"\/>\n\n\n\n<p class=\"has-medium-font-size\"><strong>Revisa la n\u00f3mina<\/strong> actualizada al 31 de marzo de 2026.<\/p>\n\n\n<a href=\"https:\/\/www.colegiodentistas.cl\/inicio\/wp-content\/uploads\/2026\/03\/Nomina-Actualizada-31-03-2026.pdf\" class=\"pdfemb-viewer\" style=\"\" data-width=\"max\" data-height=\"max\"  data-toolbar=\"both\" data-toolbar-fixed=\"on\">Nomina-Actualizada-31-03-2026<br\/><\/a>\n<p class=\"wp-block-pdfemb-pdf-embedder-viewer\"><\/p>\n","protected":false},"excerpt":{"rendered":"<p>A continuaci\u00f3n dejamos a disposici\u00f3n de la comunidad odontol\u00f3gica la n\u00f3mina de colegiados y colegiadas en formato PDF. Revisa la n\u00f3mina actualizada al 31 de marzo de 2026.<\/p>\n","protected":false},"author":7,"featured_media":0,"parent":127,"menu_order":0,"comment_status":"closed","ping_status":"closed","template":"","meta":[],"_links":{"self":[{"href":"https:\/\/www.colegiodentistas.cl\/inicio\/wp-json\/wp\/v2\/pages\/10819562"}],"collection":[{"href":"https:\/\/www.colegiodentistas.cl\/inicio\/wp-json\/wp\/v2\/pages"}],"about":[{"href":"https:\/\/www.colegiodentistas.cl\/inicio\/wp-json\/wp\/v2\/types\/page"}],"author":[{"embeddable":true,"href":"https:\/\/www.colegiodentistas.cl\/inicio\/wp-json\/wp\/v2\/users\/7"}],"replies":[{"embeddable":true,"href":"https:\/\/www.colegiodentistas.cl\/inicio\/wp-json\/wp\/v2\/comments?post=10819562"}],"version-history":[{"count":9,"href":"https:\/\/www.colegiodentistas.cl\/inicio\/wp-json\/wp\/v2\/pages\/10819562\/revisions"}],"predecessor-version":[{"id":19549006,"href":"https:\/\/www.colegiodentistas.cl\/inicio\/wp-json\/wp\/v2\/pages\/10819562\/revisions\/19549006"}],"up":[{"embeddable":true,"href":"https:\/\/www.colegiodentistas.cl\/inicio\/wp-json\/wp\/v2\/pages\/127"}],"wp:attachment":[{"href":"https:\/\/www.colegiodentistas.cl\/inicio\/wp-json\/wp\/v2\/media?parent=10819562"}],"curies":[{"name":"wp","href":"https:\/\/api.w.org\/{rel}","templated":true}]}}