{"id":10787505,"date":"2021-09-01T10:05:43","date_gmt":"2021-09-01T14:05:43","guid":{"rendered":"https:\/\/www.colegiodentistas.cl\/inicio\/?page_id=10787505"},"modified":"2021-09-07T13:19:37","modified_gmt":"2021-09-07T16:19:37","slug":"santiago","status":"publish","type":"page","link":"https:\/\/www.colegiodentistas.cl\/inicio\/convenios\/convenios-profesionales\/convenio-fesuc\/santiago\/","title":{"rendered":"Convenio Fesuc Santiago"},"content":{"rendered":"\n<figure class=\"wp-block-table is-style-stripes\"><table><thead><tr><th>PRESTADOR<\/th><th>ESPECIALIDAD<\/th><th>DIRECCI\u00d3N<\/th><th>TEL\u00c9FONO<\/th><th>MAIL<\/th><\/tr><\/thead><tbody><tr><td>Dra. Colette D\u00edaz Fern\u00e1ndez<\/td><td>Odontolog\u00eda general<\/td><td>Guardia Vieja 255<br>Of 1305<br>Providencia<\/td><td>+569 9331 9120 (WhatsApp)<br>+569 8184 3311<\/td><td><span style=\"text-decoration: underline;\"><a rel=\"noreferrer noopener\" href=\"mailto:clinicanoaeuropa@gmail.com\" target=\"_blank\">clinicanoaeuropa@gmail.com<\/a><\/span><\/td><\/tr><tr><td>Dr. Branco Fantela Gonz\u00e1lez<\/td><td>Rehabilitaci\u00f3n oral<\/td><td>Av. Las Condes 10.373<br>Of 53-54<br>Las Condes<\/td><td>22 243 2756<\/td><td><a href=\"mailto:odontogiafantela@gmail.com\" target=\"_blank\" rel=\"noreferrer noopener\"><span style=\"text-decoration: underline;\">odontogiafantela@gmail.com<\/span><\/a><\/td><\/tr><tr><td>Dr. Carlos Alberto Pozo Wenig<\/td><td>Rehabilitaci\u00f3n oral<br>Implantolog\u00eda<\/td><td>Av. La Dehesa 1.201<br>Of 436<br>Lo Barnechea<\/td><td>22 321 2020<\/td><td><a href=\"mailto:info@vandent.cl\" target=\"_blank\" rel=\"noreferrer noopener\"><span style=\"text-decoration: underline;\">info@vandent.cl<\/span><\/a><\/td><\/tr><\/tbody><\/table><\/figure>\n\n\n\n<p><br><br>M\u00e1s informaci\u00f3n sobre el convenio en el correo electr\u00f3nico <a rel=\"noreferrer noopener\" aria-label=\"atencion.privada@colegiodentistas.cl (abrir en una nueva pesta\u00f1a)\" href=\"mailto:atencion.privada@colegiodentistas.cl\" target=\"_blank\">atencion.privada@colegiodentistas.cl<\/a> y <a href=\"https:\/\/www.colegiodentistas.cl\/inicio\/convenios\/convenios-profesionales\/convenio-fesuc\/\"><span style=\"text-decoration: underline;\">este enlace<\/span><\/a>.<\/p>\n\n\n\n<p><\/p>\n","protected":false},"excerpt":{"rendered":"<p>PRESTADOR ESPECIALIDAD DIRECCI\u00d3N TEL\u00c9FONO MAIL Dra. Colette D\u00edaz Fern\u00e1ndez Odontolog\u00eda general Guardia Vieja 255Of 1305Providencia +569 9331 9120 (WhatsApp)+569 8184 3311 clinicanoaeuropa@gmail.com Dr. Branco Fantela Gonz\u00e1lez Rehabilitaci\u00f3n oral Av. Las Condes 10.373Of 53-54Las Condes 22 243 2756 odontogiafantela@gmail.com Dr. Carlos Alberto Pozo Wenig Rehabilitaci\u00f3n oralImplantolog\u00eda Av. La Dehesa 1.201Of 436Lo Barnechea 22 321 2020 info@vandent.cl M\u00e1s informaci\u00f3n sobre el convenio en el correo electr\u00f3nico atencion.privada@colegiodentistas.cl y este enlace.<\/p>\n","protected":false},"author":7,"featured_media":0,"parent":3020617,"menu_order":2,"comment_status":"closed","ping_status":"closed","template":"","meta":[],"_links":{"self":[{"href":"https:\/\/www.colegiodentistas.cl\/inicio\/wp-json\/wp\/v2\/pages\/10787505"}],"collection":[{"href":"https:\/\/www.colegiodentistas.cl\/inicio\/wp-json\/wp\/v2\/pages"}],"about":[{"href":"https:\/\/www.colegiodentistas.cl\/inicio\/wp-json\/wp\/v2\/types\/page"}],"author":[{"embeddable":true,"href":"https:\/\/www.colegiodentistas.cl\/inicio\/wp-json\/wp\/v2\/users\/7"}],"replies":[{"embeddable":true,"href":"https:\/\/www.colegiodentistas.cl\/inicio\/wp-json\/wp\/v2\/comments?post=10787505"}],"version-history":[{"count":10,"href":"https:\/\/www.colegiodentistas.cl\/inicio\/wp-json\/wp\/v2\/pages\/10787505\/revisions"}],"predecessor-version":[{"id":10869860,"href":"https:\/\/www.colegiodentistas.cl\/inicio\/wp-json\/wp\/v2\/pages\/10787505\/revisions\/10869860"}],"up":[{"embeddable":true,"href":"https:\/\/www.colegiodentistas.cl\/inicio\/wp-json\/wp\/v2\/pages\/3020617"}],"wp:attachment":[{"href":"https:\/\/www.colegiodentistas.cl\/inicio\/wp-json\/wp\/v2\/media?parent=10787505"}],"curies":[{"name":"wp","href":"https:\/\/api.w.org\/{rel}","templated":true}]}}