{"id":10583036,"date":"2021-08-17T14:52:15","date_gmt":"2021-08-17T18:52:15","guid":{"rendered":"https:\/\/www.colegiodentistas.cl\/inicio\/?page_id=10583036"},"modified":"2021-08-17T14:52:16","modified_gmt":"2021-08-17T18:52:16","slug":"admident","status":"publish","type":"page","link":"https:\/\/www.colegiodentistas.cl\/inicio\/beneficios\/admident\/","title":{"rendered":"Admident"},"content":{"rendered":"\n<p>Admident es un <strong>software de gesti\u00f3n gratuito para los colegiados y colegiadas<\/strong> que facilita la administraci\u00f3n de la consulta dental.<\/p>\n\n\n\n<p>La aplicaci\u00f3n permite contar con:<\/p>\n\n\n\n<ul><li>Registro de pacientes<\/li><li>Reserva de horas<\/li><li>Elaboraci\u00f3n de presupuestos<\/li><li>Configuraci\u00f3n de cl\u00ednicas<\/li><li>Mantenci\u00f3n general<\/li><li>Control de gastos<\/li><\/ul>\n\n\n\n<hr class=\"wp-block-separator\"\/>\n\n\n\n<p class=\"has-medium-font-size\"><strong>\u00bfQui\u00e9nes pueden acceder?<\/strong><\/p>\n\n\n\n<p>La plataforma es un beneficio exclusivo para colegiadas y colegiados activos.&nbsp;<\/p>\n\n\n\n<hr class=\"wp-block-separator\"\/>\n\n\n\n<p class=\"has-medium-font-size\"><strong>\u00bfC\u00f3mo acceder?&nbsp;<\/strong><\/p>\n\n\n\n<p>Para acceder a la plataforma es necesario tener el pago de cuotas al d\u00eda y hacer\u00a0una <a href=\"http:\/\/www.admident.cl\/inscribirme\/\" target=\"_blank\" rel=\"noreferrer noopener\">inscripci\u00f3n previa<\/a> en el formulario que encuentras <a href=\"http:\/\/www.admident.cl\/inscribirme\/\" target=\"_blank\" rel=\"noreferrer noopener\">en este LINK<\/a>.<\/p>\n\n\n\n<p>Para conocer m\u00e1s detalles ingresa al sitio web <a rel=\"noreferrer noopener\" href=\"http:\/\/www.admident.cl\" target=\"_blank\">www.admident.cl<\/a>, donde podr\u00e1n encontrar videos tutoriales y el manual de instrucciones.<\/p>\n\n\n\n<p>Consultas al correo <a href=\"mailto:contacto@admident.cl\" target=\"_blank\" rel=\"noreferrer noopener\">contacto@admident.cl<\/a><\/p>\n","protected":false},"excerpt":{"rendered":"<p>Admident es un software de gesti\u00f3n gratuito para los colegiados y colegiadas que facilita la administraci\u00f3n de la consulta dental. La aplicaci\u00f3n permite contar con: Registro de pacientes Reserva de horas Elaboraci\u00f3n de presupuestos Configuraci\u00f3n de cl\u00ednicas Mantenci\u00f3n general Control de gastos \u00bfQui\u00e9nes pueden acceder? La plataforma es un beneficio exclusivo para colegiadas y colegiados activos.&nbsp; \u00bfC\u00f3mo acceder?&nbsp; Para acceder a la plataforma es necesario tener el pago de cuotas al d\u00eda y hacer\u00a0una inscripci\u00f3n previa en el formulario que encuentras en este LINK. Para conocer m\u00e1s detalles ingresa al sitio web www.admident.cl, donde podr\u00e1n encontrar videos tutoriales y el [&hellip;]<\/p>\n","protected":false},"author":7,"featured_media":0,"parent":4390,"menu_order":0,"comment_status":"closed","ping_status":"closed","template":"","meta":[],"_links":{"self":[{"href":"https:\/\/www.colegiodentistas.cl\/inicio\/wp-json\/wp\/v2\/pages\/10583036"}],"collection":[{"href":"https:\/\/www.colegiodentistas.cl\/inicio\/wp-json\/wp\/v2\/pages"}],"about":[{"href":"https:\/\/www.colegiodentistas.cl\/inicio\/wp-json\/wp\/v2\/types\/page"}],"author":[{"embeddable":true,"href":"https:\/\/www.colegiodentistas.cl\/inicio\/wp-json\/wp\/v2\/users\/7"}],"replies":[{"embeddable":true,"href":"https:\/\/www.colegiodentistas.cl\/inicio\/wp-json\/wp\/v2\/comments?post=10583036"}],"version-history":[{"count":1,"href":"https:\/\/www.colegiodentistas.cl\/inicio\/wp-json\/wp\/v2\/pages\/10583036\/revisions"}],"predecessor-version":[{"id":10583298,"href":"https:\/\/www.colegiodentistas.cl\/inicio\/wp-json\/wp\/v2\/pages\/10583036\/revisions\/10583298"}],"up":[{"embeddable":true,"href":"https:\/\/www.colegiodentistas.cl\/inicio\/wp-json\/wp\/v2\/pages\/4390"}],"wp:attachment":[{"href":"https:\/\/www.colegiodentistas.cl\/inicio\/wp-json\/wp\/v2\/media?parent=10583036"}],"curies":[{"name":"wp","href":"https:\/\/api.w.org\/{rel}","templated":true}]}}